{"id":977,"date":"2018-10-18T19:00:00","date_gmt":"2018-10-18T17:00:00","guid":{"rendered":"https:\/\/juliettepotin.com\/?page_id=977"},"modified":"2026-03-26T19:56:58","modified_gmt":"2026-03-26T18:56:58","slug":"ateliers","status":"publish","type":"page","link":"https:\/\/juliettepotin.com\/index.php\/faites-de-votre-experience-a-letranger-le-tournant-de-votre-vie\/ateliers\/","title":{"rendered":"Ateliers"},"content":{"rendered":"<p><span style=\"width: 100%;\"><a href=\"https:\/\/juliettepotin.com\" rel=\"\"><img loading=\"lazy\" decoding=\"async\" alt=\"\" width=\"2235\" height=\"690\" title=\"Juliette Potin Expat coach\" data-id=\"1848\" src=\"https:\/\/juliettepotin.com\/wp-content\/uploads\/2019\/07\/Version-2-lignes-1.jpg?x97386\" style=\"\"><\/a><\/span><\/p>\n<h1 style=\"text-align: center; background-color: rgba(240, 230, 230, 0.3) !important;\"><span><span>Caf\u00e9s <span style=\"--tcb-applied-color: var$(--tcb-color-3) !important; color: var(--tcb-color-3) !important;\">expats<\/span><\/span><\/span><\/h1>\n<h2 style=\"\"><span>C<\/span>af\u00e9s<span>&nbsp;<span style=\"--tcb-applied-color: var$(--tcb-color-3) !important; color: var(--tcb-color-3) !important;\">expats<\/span> <span style=\"--tcb-applied-color: var$(--tcb-color-0) !important; color: var(--tcb-color-0) !important;\">offerts<\/span>&nbsp;<\/span><span>\u00e0 Caluire-et-Cuire (69)<\/span><\/h2>\n<p>Venez rencontrer d&rsquo;autres expats, partager votre exp\u00e9rience et \u00e9largir votre r\u00e9seau<\/p>\n<ul>\n<li><span style=\"\"><span style=\"color: var(--tcb-color-0); text-decoration: underline;\">Prochaines dates:<\/span><span style=\"color: var(--tcb-color-0);\"><span><span><span><span><span><span><span><span><span><span><span>&nbsp;<\/span><\/span><\/span><\/span><\/span><\/span><\/span><\/span><\/span><\/span><\/span><\/span><\/span><\/li>\n<li><span style=\"\"><span style=\"color: var(--tcb-color-0);\"><span><span><span><span><span><span><span>Mercredi 29 avril 2026&nbsp;<span><span><span><span>de 9h \u00e0 11h30.&nbsp;<\/span><\/span><\/span><\/span><\/span><\/span><\/span><\/span><\/span><\/span><\/span><\/span><\/span><\/li>\n<\/ul>\n<p>La participation aux caf\u00e9s est gratuite: <span style=\"color: var(--tcb-color-0);\"><u><a href=\"https:\/\/juliettepotin.com\/index.php\/faites-de-votre-experience-a-letranger-le-tournant-de-votre-vie\/contact-fr\/\" style=\"outline: none;\" target=\"_blank\"><u><\/u><\/a><u><a href=\"https:\/\/juliettepotin.com\/index.php\/faites-de-votre-experience-a-letranger-le-tournant-de-votre-vie\/contact-fr\/\" target=\"_blank\" style=\"outline: none;\">Contactez-moi pour participer.<\/a><\/u><\/u><\/span><\/p>\n<h2 style=\"text-align: center;\"><span style=\"font-family: Ubuntu;\">Tu cherches \u00e0 <span style=\"color: rgb(188, 39, 39);\">retravailler&nbsp;<\/span><\/span><span>?<\/span><\/h2>\n<p>Je t&rsquo;aide \u00e0 clarifier ton projet, valoriser ton profil et te mettre en action<span style=\"width: 100%;\"><a href=\"https:\/\/www.facebook.com\/PotinJulietteCoach\/\" target=\"_blank\" rel=\"\"><img loading=\"lazy\" decoding=\"async\" alt=\"Icone Facebook\" width=\"128\" height=\"128\" title=\"Facebook\" data-id=\"1931\" src=\"https:\/\/juliettepotin.com\/wp-content\/uploads\/2019\/09\/iconfinder_SocialMedia_Facebook-Outline_2959749.png?x97386\" style=\"\" data-link-wrap=\"1\"><\/a><\/span><span style=\"width: 100%;\"><a href=\"https:\/\/www.linkedin.com\/in\/juliette-potin-expat-coach-553204159\" target=\"_blank\" rel=\"\"><img loading=\"lazy\" decoding=\"async\" alt=\"Icone Linkedin\" width=\"128\" height=\"128\" title=\"Linkedin\" data-id=\"1930\" src=\"https:\/\/juliettepotin.com\/wp-content\/uploads\/2019\/09\/iconfinder_SocialMedia_LinkedIn-Outline_2959747.png?x97386\" style=\"\" data-link-wrap=\"1\"><\/a><\/span><span style=\"width: 100%;\"><a href=\"https:\/\/www.instagram.com\/juliettepotin\/\" target=\"_blank\" rel=\"\"><img loading=\"lazy\" decoding=\"async\" alt=\"Icone Instagram\" width=\"128\" height=\"128\" title=\"Instagram\" data-id=\"1929\" src=\"https:\/\/juliettepotin.com\/wp-content\/uploads\/2019\/09\/iconfinder_SocialMedia_Instagram-Outline_2959748.png?x97386\" style=\"\" data-link-wrap=\"1\"><\/a><\/span><\/p>\n<p style=\"text-align: center;\">&nbsp; &nbsp; &nbsp;\u00a9 Copyright 2018 &nbsp;| Juliette Potin | All Rights Reserved | <span style=\"color: var(--tcb-color-0);\"><a href=\"http:\/\/juliettepotin.com\/index.php\/mentions-legales\/\" target=\"_blank\">Mentions l\u00e9gales<\/a><\/span><\/p>\n","protected":false},"excerpt":{"rendered":"<p>Caf\u00e9s expats Caf\u00e9s&nbsp;expats offerts&nbsp;\u00e0 Caluire-et-Cuire (69) Venez rencontrer d&rsquo;autres expats, partager votre exp\u00e9rience et \u00e9largir votre r\u00e9seau Prochaines dates:&nbsp; Mercredi 29 avril 2026&nbsp;de 9h \u00e0 11h30.&nbsp; La participation aux caf\u00e9s [&hellip;]<\/p>\n","protected":false},"author":1,"featured_media":0,"parent":205,"menu_order":0,"comment_status":"closed","ping_status":"closed","template":"fullwidth-page.php","meta":{"_exactmetrics_skip_tracking":false,"_exactmetrics_sitenote_active":false,"_exactmetrics_sitenote_note":"","_exactmetrics_sitenote_category":0,"footnotes":"","tve_updated_post":"<div class=\"thrv_wrapper thrv_page_section\" data-tve-style=\"1\" style=\"margin-top: -30px;\">\n\t<div class=\"out\" style=\"background-color: #EAEAEA\" data-tve-custom-colour=\"61346149\">\n\t\t<div class=\"in darkSec\">\n\t\t\t<div class=\"cck tve_clearfix\">\n\t\t\t\t<p class=\"tve_p_center\" contenteditable=\"true\">Lorem ipsum dolor sit amet, consectetur adipiscing elit.\n\t\t\t\t\tNunc imperdiet sem in lorem vestibulum, eu condimentum massa tempus. Praesent sit amet odio\n\t\t\t\t\tpulvinar, lacinia ante at, tincidunt lectus. Nullam egestas bibendum ante, ut volutpat tellus\n\t\t\t\t\tfeugiat non. Morbi nec diam.<\/p>\n\t\t\t\t<div class=\"thrv_wrapper thrv_thrive_optin\" data-tve-style=\"1\" style=\"margin-bottom: 10px;\">\n\t\t\t\t\t<div class=\"thrive-shortcode-config\" style=\"display: none !important\">\n\t\t\t\t\t\t__CONFIG_optin__{\"optin\":0,\"color\":\"dark\",\"size\":\"small\",\"text\":\"Subscribe Now\",\"layout\":\"horizontal\"}__CONFIG_optin__\n\t\t\t\t\t<\/div>\n\t\t\t\t<\/div>\n\t\t\t<\/div>\n\t\t<\/div>\n\t<\/div>\n<\/div>\n<div class=\"tve_wp_shortcode thrv_wrapper\">\n\t<div class=\"tve_shortcode_raw\" style=\"display: none\">___TVE_SHORTCODE_RAW__<p>[thrive_posts_gallery title=\"Latest\n\t\t\tPosts\" no_posts=\"6\" filter=\"recent\"]<\/p>__TVE_SHORTCODE_RAW___\n\t<\/div>\n<\/div>\n<div class=\"tve_wp_shortcode thrv_wrapper\">\n\t<div class=\"tve_shortcode_raw\" style=\"display: none\">___TVE_SHORTCODE_RAW__<p>[thrive_posts_gallery title=\"Greatest\n\t\t\tHits\" no_posts=\"3\" filter=\"popular\"]<\/p>__TVE_SHORTCODE_RAW___\n\t<\/div>\n<\/div>\n<div class=\"thrv_wrapper thrv_page_section\" data-tve-style=\"1\" style=\"margin-bottom: -30px;\">\n\t<div class=\"out\" style=\"background-color: #EAEAEA\" data-tve-custom-colour=\"62350405\">\n\t\t<div class=\"in darkSec\">\n\t\t\t<div class=\"cck tve_clearfix\">\n\t\t\t\t<div style=\"width: 130px; margin-top: 0px;\" class=\"thrv_wrapper tve_image_caption alignright\">\n<span class=\"tve_image_frame\">\n<img class=\"tve_image\" alt=\"\" src=\"http:\/\/juliettepotin.com\/wp-content\/themes\/pressive\/images\/templates\/person-2-150x150.png\" style=\"width: 130px;\">\n<\/span>\n\t\t\t\t<\/div>\n\t\t\t\t<h2 class=\"\" contenteditable=\"true\">Sign Up &amp; Join Over 20,000 Happy Subscribers!<\/h2>\n\t\t\t\t<p data-default=\"Enter your text here...\" class=\"\" contenteditable=\"true\">Praesent posuere tincidunt\n\t\t\t\t\taccumsan. Suspendisse aliquet mauris consequat, rutrum sem in, varius augue. Nunc consequat nisi\n\t\t\t\t\teget consectetur euismod. Aenean ultrices ante egestas, luctus libero convallis, pretium urna.<\/p>\n\t\t\t\t<div class=\"thrv_wrapper thrv_thrive_optin\" data-tve-style=\"1\" style=\"margin-bottom: 0px;\">\n\t\t\t\t\t<div class=\"thrive-shortcode-config\" style=\"display: none !important\">\n\t\t\t\t\t\t__CONFIG_optin__{\"optin\":0,\"color\":\"dark\",\"size\":\"small\",\"text\":\"Subscribe Now\",\"layout\":\"horizontal\"}__CONFIG_optin__\n\t\t\t\t\t<\/div>\n\t\t\t\t<\/div>\n\t\t\t<\/div>\n\t\t<\/div>\n\t<\/div>\n<\/div>","tve_custom_css":"","tve_user_custom_css":"","tve_globals":{},"tcb2_ready":1,"tcb_editor_enabled":1,"tve_landing_page":"blank_v2","_tve_header":"0","_tve_footer":"0"},"class_list":["post-977","page","type-page","status-publish","hentry"],"yoast_head":"<!-- This site is optimized with the Yoast SEO plugin v27.5 - https:\/\/yoast.com\/product\/yoast-seo-wordpress\/ -->\n<title>Ateliers - Expat coach<\/title>\n<meta name=\"robots\" content=\"index, follow, max-snippet:-1, max-image-preview:large, max-video-preview:-1\" \/>\n<link rel=\"canonical\" href=\"https:\/\/juliettepotin.com\/index.php\/faites-de-votre-experience-a-letranger-le-tournant-de-votre-vie\/ateliers\/\" \/>\n<meta property=\"og:locale\" content=\"fr_FR\" \/>\n<meta property=\"og:type\" content=\"article\" \/>\n<meta property=\"og:title\" content=\"Ateliers - Expat coach\" \/>\n<meta property=\"og:description\" content=\"Caf\u00e9s expats Caf\u00e9s&nbsp;expats offerts&nbsp;\u00e0 Caluire-et-Cuire (69) Venez rencontrer d&rsquo;autres expats, partager votre exp\u00e9rience et \u00e9largir votre r\u00e9seau Prochaines dates:&nbsp; Mercredi 29 avril 2026&nbsp;de 9h \u00e0 11h30.&nbsp; La participation aux caf\u00e9s [&hellip;]\" \/>\n<meta property=\"og:url\" content=\"https:\/\/juliettepotin.com\/index.php\/faites-de-votre-experience-a-letranger-le-tournant-de-votre-vie\/ateliers\/\" \/>\n<meta property=\"og:site_name\" content=\"Expat coach\" \/>\n<meta property=\"article:publisher\" content=\"https:\/\/www.facebook.com\/PotinJulietteCoach\/\" \/>\n<meta property=\"article:modified_time\" content=\"2026-03-26T18:56:58+00:00\" \/>\n<meta property=\"og:image\" content=\"https:\/\/juliettepotin.com\/wp-content\/uploads\/2019\/07\/Version-2-lignes-1.jpg?x97386\" \/>\n<meta name=\"twitter:card\" content=\"summary_large_image\" \/>\n<script type=\"application\/ld+json\" class=\"yoast-schema-graph\">{\"@context\":\"https:\\\/\\\/schema.org\",\"@graph\":[{\"@type\":\"WebPage\",\"@id\":\"https:\\\/\\\/juliettepotin.com\\\/index.php\\\/faites-de-votre-experience-a-letranger-le-tournant-de-votre-vie\\\/ateliers\\\/\",\"url\":\"https:\\\/\\\/juliettepotin.com\\\/index.php\\\/faites-de-votre-experience-a-letranger-le-tournant-de-votre-vie\\\/ateliers\\\/\",\"name\":\"Ateliers - Expat coach\",\"isPartOf\":{\"@id\":\"https:\\\/\\\/juliettepotin.com\\\/#website\"},\"primaryImageOfPage\":{\"@id\":\"https:\\\/\\\/juliettepotin.com\\\/index.php\\\/faites-de-votre-experience-a-letranger-le-tournant-de-votre-vie\\\/ateliers\\\/#primaryimage\"},\"image\":{\"@id\":\"https:\\\/\\\/juliettepotin.com\\\/index.php\\\/faites-de-votre-experience-a-letranger-le-tournant-de-votre-vie\\\/ateliers\\\/#primaryimage\"},\"thumbnailUrl\":\"https:\\\/\\\/juliettepotin.com\\\/wp-content\\\/uploads\\\/2019\\\/07\\\/Version-2-lignes-1.jpg?x97386\",\"datePublished\":\"2018-10-18T17:00:00+00:00\",\"dateModified\":\"2026-03-26T18:56:58+00:00\",\"breadcrumb\":{\"@id\":\"https:\\\/\\\/juliettepotin.com\\\/index.php\\\/faites-de-votre-experience-a-letranger-le-tournant-de-votre-vie\\\/ateliers\\\/#breadcrumb\"},\"inLanguage\":\"fr-FR\",\"potentialAction\":[{\"@type\":\"ReadAction\",\"target\":[\"https:\\\/\\\/juliettepotin.com\\\/index.php\\\/faites-de-votre-experience-a-letranger-le-tournant-de-votre-vie\\\/ateliers\\\/\"]}]},{\"@type\":\"ImageObject\",\"inLanguage\":\"fr-FR\",\"@id\":\"https:\\\/\\\/juliettepotin.com\\\/index.php\\\/faites-de-votre-experience-a-letranger-le-tournant-de-votre-vie\\\/ateliers\\\/#primaryimage\",\"url\":\"https:\\\/\\\/juliettepotin.com\\\/wp-content\\\/uploads\\\/2019\\\/07\\\/Version-2-lignes-1.jpg\",\"contentUrl\":\"https:\\\/\\\/juliettepotin.com\\\/wp-content\\\/uploads\\\/2019\\\/07\\\/Version-2-lignes-1.jpg\",\"width\":2235,\"height\":690},{\"@type\":\"BreadcrumbList\",\"@id\":\"https:\\\/\\\/juliettepotin.com\\\/index.php\\\/faites-de-votre-experience-a-letranger-le-tournant-de-votre-vie\\\/ateliers\\\/#breadcrumb\",\"itemListElement\":[{\"@type\":\"ListItem\",\"position\":1,\"name\":\"Home\",\"item\":\"https:\\\/\\\/juliettepotin.com\\\/\"},{\"@type\":\"ListItem\",\"position\":2,\"name\":\"Accueil\",\"item\":\"https:\\\/\\\/juliettepotin.com\\\/\"},{\"@type\":\"ListItem\",\"position\":3,\"name\":\"Ateliers\"}]},{\"@type\":\"WebSite\",\"@id\":\"https:\\\/\\\/juliettepotin.com\\\/#website\",\"url\":\"https:\\\/\\\/juliettepotin.com\\\/\",\"name\":\"Expat coach\",\"description\":\"The start of a new YOU\",\"publisher\":{\"@id\":\"https:\\\/\\\/juliettepotin.com\\\/#\\\/schema\\\/person\\\/ce6521de52bc72045131c9ea6e7dea42\"},\"potentialAction\":[{\"@type\":\"SearchAction\",\"target\":{\"@type\":\"EntryPoint\",\"urlTemplate\":\"https:\\\/\\\/juliettepotin.com\\\/?s={search_term_string}\"},\"query-input\":{\"@type\":\"PropertyValueSpecification\",\"valueRequired\":true,\"valueName\":\"search_term_string\"}}],\"inLanguage\":\"fr-FR\"},{\"@type\":[\"Person\",\"Organization\"],\"@id\":\"https:\\\/\\\/juliettepotin.com\\\/#\\\/schema\\\/person\\\/ce6521de52bc72045131c9ea6e7dea42\",\"name\":\"Juliette Potin\",\"image\":{\"@type\":\"ImageObject\",\"inLanguage\":\"fr-FR\",\"@id\":\"https:\\\/\\\/juliettepotin.com\\\/wp-content\\\/uploads\\\/2023\\\/01\\\/22006D7C-5B64-4226-B2A7-B43CE0FB4C0F_1_201_a-970x1024.png\",\"url\":\"https:\\\/\\\/juliettepotin.com\\\/wp-content\\\/uploads\\\/2023\\\/01\\\/22006D7C-5B64-4226-B2A7-B43CE0FB4C0F_1_201_a-970x1024.png\",\"contentUrl\":\"https:\\\/\\\/juliettepotin.com\\\/wp-content\\\/uploads\\\/2023\\\/01\\\/22006D7C-5B64-4226-B2A7-B43CE0FB4C0F_1_201_a-970x1024.png\",\"width\":970,\"height\":1024,\"caption\":\"Juliette Potin\"},\"logo\":{\"@id\":\"https:\\\/\\\/juliettepotin.com\\\/wp-content\\\/uploads\\\/2023\\\/01\\\/22006D7C-5B64-4226-B2A7-B43CE0FB4C0F_1_201_a-970x1024.png\"},\"description\":\"Je suis Juliette Potin, coach professionnelle depuis 2018. J'ai v\u00e9cu plusieurs ann\u00e9es \u00e0 l'\u00e9tranger,notamment aux Etats-Unis o\u00f9 je me retrouve \u00e0 la maison apr\u00e8s 15 ans de postes \u00e0 responsabilit\u00e9 dans l'industrie. L'exp\u00e9rience de ne plus pouvoir me d\u00e9finir par mon statut social est d\u00e9stabilisante, celle d'avoir du temps devant moi : vertigineuse! Petit \u00e0 petit, en me reconnectant \u00e0 moi-m\u00eame et \u00e0 mes aspirations, je me suis autoris\u00e9e \u00e0 me r\u00e9-inventer. Aujourd'hui de retour en France, j'accompagne les personnes qui ont un temps mis leur carri\u00e8re entre parenth\u00e8ses, \u00e0 reprendre confiance, r\u00e9v\u00e9ler leurs talents et suivre leurs \u00e9lans pour (re)trouver une activit\u00e9 pro align\u00e9e avec qui elles sont.\",\"sameAs\":[\"https:\\\/\\\/www.facebook.com\\\/PotinJulietteCoach\\\/\",\"https:\\\/\\\/www.linkedin.com\\\/in\\\/juliette-potin-expat-coach\\\/\"]}]}<\/script>\n<!-- \/ Yoast SEO plugin. -->","yoast_head_json":{"title":"Ateliers - Expat coach","robots":{"index":"index","follow":"follow","max-snippet":"max-snippet:-1","max-image-preview":"max-image-preview:large","max-video-preview":"max-video-preview:-1"},"canonical":"https:\/\/juliettepotin.com\/index.php\/faites-de-votre-experience-a-letranger-le-tournant-de-votre-vie\/ateliers\/","og_locale":"fr_FR","og_type":"article","og_title":"Ateliers - Expat coach","og_description":"Caf\u00e9s expats Caf\u00e9s&nbsp;expats offerts&nbsp;\u00e0 Caluire-et-Cuire (69) Venez rencontrer d&rsquo;autres expats, partager votre exp\u00e9rience et \u00e9largir votre r\u00e9seau Prochaines dates:&nbsp; Mercredi 29 avril 2026&nbsp;de 9h \u00e0 11h30.&nbsp; La participation aux caf\u00e9s [&hellip;]","og_url":"https:\/\/juliettepotin.com\/index.php\/faites-de-votre-experience-a-letranger-le-tournant-de-votre-vie\/ateliers\/","og_site_name":"Expat coach","article_publisher":"https:\/\/www.facebook.com\/PotinJulietteCoach\/","article_modified_time":"2026-03-26T18:56:58+00:00","og_image":[{"url":"https:\/\/juliettepotin.com\/wp-content\/uploads\/2019\/07\/Version-2-lignes-1.jpg?x97386","type":"","width":"","height":""}],"twitter_card":"summary_large_image","schema":{"@context":"https:\/\/schema.org","@graph":[{"@type":"WebPage","@id":"https:\/\/juliettepotin.com\/index.php\/faites-de-votre-experience-a-letranger-le-tournant-de-votre-vie\/ateliers\/","url":"https:\/\/juliettepotin.com\/index.php\/faites-de-votre-experience-a-letranger-le-tournant-de-votre-vie\/ateliers\/","name":"Ateliers - Expat coach","isPartOf":{"@id":"https:\/\/juliettepotin.com\/#website"},"primaryImageOfPage":{"@id":"https:\/\/juliettepotin.com\/index.php\/faites-de-votre-experience-a-letranger-le-tournant-de-votre-vie\/ateliers\/#primaryimage"},"image":{"@id":"https:\/\/juliettepotin.com\/index.php\/faites-de-votre-experience-a-letranger-le-tournant-de-votre-vie\/ateliers\/#primaryimage"},"thumbnailUrl":"https:\/\/juliettepotin.com\/wp-content\/uploads\/2019\/07\/Version-2-lignes-1.jpg?x97386","datePublished":"2018-10-18T17:00:00+00:00","dateModified":"2026-03-26T18:56:58+00:00","breadcrumb":{"@id":"https:\/\/juliettepotin.com\/index.php\/faites-de-votre-experience-a-letranger-le-tournant-de-votre-vie\/ateliers\/#breadcrumb"},"inLanguage":"fr-FR","potentialAction":[{"@type":"ReadAction","target":["https:\/\/juliettepotin.com\/index.php\/faites-de-votre-experience-a-letranger-le-tournant-de-votre-vie\/ateliers\/"]}]},{"@type":"ImageObject","inLanguage":"fr-FR","@id":"https:\/\/juliettepotin.com\/index.php\/faites-de-votre-experience-a-letranger-le-tournant-de-votre-vie\/ateliers\/#primaryimage","url":"https:\/\/juliettepotin.com\/wp-content\/uploads\/2019\/07\/Version-2-lignes-1.jpg","contentUrl":"https:\/\/juliettepotin.com\/wp-content\/uploads\/2019\/07\/Version-2-lignes-1.jpg","width":2235,"height":690},{"@type":"BreadcrumbList","@id":"https:\/\/juliettepotin.com\/index.php\/faites-de-votre-experience-a-letranger-le-tournant-de-votre-vie\/ateliers\/#breadcrumb","itemListElement":[{"@type":"ListItem","position":1,"name":"Home","item":"https:\/\/juliettepotin.com\/"},{"@type":"ListItem","position":2,"name":"Accueil","item":"https:\/\/juliettepotin.com\/"},{"@type":"ListItem","position":3,"name":"Ateliers"}]},{"@type":"WebSite","@id":"https:\/\/juliettepotin.com\/#website","url":"https:\/\/juliettepotin.com\/","name":"Expat coach","description":"The start of a new YOU","publisher":{"@id":"https:\/\/juliettepotin.com\/#\/schema\/person\/ce6521de52bc72045131c9ea6e7dea42"},"potentialAction":[{"@type":"SearchAction","target":{"@type":"EntryPoint","urlTemplate":"https:\/\/juliettepotin.com\/?s={search_term_string}"},"query-input":{"@type":"PropertyValueSpecification","valueRequired":true,"valueName":"search_term_string"}}],"inLanguage":"fr-FR"},{"@type":["Person","Organization"],"@id":"https:\/\/juliettepotin.com\/#\/schema\/person\/ce6521de52bc72045131c9ea6e7dea42","name":"Juliette Potin","image":{"@type":"ImageObject","inLanguage":"fr-FR","@id":"https:\/\/juliettepotin.com\/wp-content\/uploads\/2023\/01\/22006D7C-5B64-4226-B2A7-B43CE0FB4C0F_1_201_a-970x1024.png","url":"https:\/\/juliettepotin.com\/wp-content\/uploads\/2023\/01\/22006D7C-5B64-4226-B2A7-B43CE0FB4C0F_1_201_a-970x1024.png","contentUrl":"https:\/\/juliettepotin.com\/wp-content\/uploads\/2023\/01\/22006D7C-5B64-4226-B2A7-B43CE0FB4C0F_1_201_a-970x1024.png","width":970,"height":1024,"caption":"Juliette Potin"},"logo":{"@id":"https:\/\/juliettepotin.com\/wp-content\/uploads\/2023\/01\/22006D7C-5B64-4226-B2A7-B43CE0FB4C0F_1_201_a-970x1024.png"},"description":"Je suis Juliette Potin, coach professionnelle depuis 2018. J'ai v\u00e9cu plusieurs ann\u00e9es \u00e0 l'\u00e9tranger,notamment aux Etats-Unis o\u00f9 je me retrouve \u00e0 la maison apr\u00e8s 15 ans de postes \u00e0 responsabilit\u00e9 dans l'industrie. L'exp\u00e9rience de ne plus pouvoir me d\u00e9finir par mon statut social est d\u00e9stabilisante, celle d'avoir du temps devant moi : vertigineuse! Petit \u00e0 petit, en me reconnectant \u00e0 moi-m\u00eame et \u00e0 mes aspirations, je me suis autoris\u00e9e \u00e0 me r\u00e9-inventer. Aujourd'hui de retour en France, j'accompagne les personnes qui ont un temps mis leur carri\u00e8re entre parenth\u00e8ses, \u00e0 reprendre confiance, r\u00e9v\u00e9ler leurs talents et suivre leurs \u00e9lans pour (re)trouver une activit\u00e9 pro align\u00e9e avec qui elles sont.","sameAs":["https:\/\/www.facebook.com\/PotinJulietteCoach\/","https:\/\/www.linkedin.com\/in\/juliette-potin-expat-coach\/"]}]}},"_links":{"self":[{"href":"https:\/\/juliettepotin.com\/index.php\/wp-json\/wp\/v2\/pages\/977","targetHints":{"allow":["GET"]}}],"collection":[{"href":"https:\/\/juliettepotin.com\/index.php\/wp-json\/wp\/v2\/pages"}],"about":[{"href":"https:\/\/juliettepotin.com\/index.php\/wp-json\/wp\/v2\/types\/page"}],"author":[{"embeddable":true,"href":"https:\/\/juliettepotin.com\/index.php\/wp-json\/wp\/v2\/users\/1"}],"replies":[{"embeddable":true,"href":"https:\/\/juliettepotin.com\/index.php\/wp-json\/wp\/v2\/comments?post=977"}],"version-history":[{"count":9,"href":"https:\/\/juliettepotin.com\/index.php\/wp-json\/wp\/v2\/pages\/977\/revisions"}],"predecessor-version":[{"id":4317,"href":"https:\/\/juliettepotin.com\/index.php\/wp-json\/wp\/v2\/pages\/977\/revisions\/4317"}],"up":[{"embeddable":true,"href":"https:\/\/juliettepotin.com\/index.php\/wp-json\/wp\/v2\/pages\/205"}],"wp:attachment":[{"href":"https:\/\/juliettepotin.com\/index.php\/wp-json\/wp\/v2\/media?parent=977"}],"curies":[{"name":"wp","href":"https:\/\/api.w.org\/{rel}","templated":true}]}}