{"id":723,"date":"2018-06-11T13:41:31","date_gmt":"2018-06-11T11:41:31","guid":{"rendered":"http:\/\/juliettepotin.com\/?page_id=723"},"modified":"2023-12-06T16:28:06","modified_gmt":"2023-12-06T15:28:06","slug":"changez-de-regard-sur-votre-vie","status":"publish","type":"page","link":"https:\/\/juliettepotin.com\/index.php\/changez-de-regard-sur-votre-vie\/","title":{"rendered":"Changez de regard sur votre vie"},"content":{"rendered":"<p><span><a href=\"https:\/\/juliettepotin.com\" target=\"_blank\" rel=\"noopener\"><img decoding=\"async\" alt=\"\" width=\"276\" height=\"85\" title=\"Juliette Potin Expat coach\" data-id=\"1848\" src=\"https:\/\/juliettepotin.com\/wp-content\/uploads\/2019\/07\/Version-2-lignes-1.jpg\" data-link-wrap=\"1\" data-width=\"276\" data-height=\"85\" data-init-width=\"2235\" data-init-height=\"690\" loading=\"lazy\" style=\"aspect-ratio: auto 2235 \/ 690;\"><\/a><\/span><\/p>\n<h1 style=\"text-align: center;\"><strong><span style=\"color: rgba(255, 222, 44, 0.992157);\">Changez<\/span> de regard <\/strong><strong>sur <span style=\"color: rgb(255, 222, 44);\">votre vie<\/span><\/strong><\/h1>\n<p><span style=\"width: 100%;\"><img loading=\"lazy\" decoding=\"async\" alt=\"\" width=\"446\" height=\"640\" title=\"Kit de survie expat \u00e0 la maison\" data-id=\"1415\" src=\"https:\/\/juliettepotin.com\/wp-content\/uploads\/2019\/04\/Capture-d\u2019\u00e9cran-2019-04-01-\u00e0-12.56.19.png?x96125\" style=\"\"><\/span><\/p>\n<p style=\"text-align: center;\">Inscrivez-vous pour recevoir gratuitement l&rsquo;e-book<\/p>\n<p style=\"text-align: center;\">\u00a9 {tcb_current_year} by Juliette Potin<\/p>\n<p style=\"text-align: center;\"><a href=\"http:\/\/landingpages.thrive-dev.bitstoneint.com\/vision\/\"><span style=\"color: rgb(255, 255, 255);\"><u>Disclaimer<\/u><\/span><\/a><\/p>\n","protected":false},"excerpt":{"rendered":"<p>Changez de regard sur votre vie Inscrivez-vous pour recevoir gratuitement l&rsquo;e-book \u00a9 {tcb_current_year} by Juliette Potin Disclaimer<\/p>\n","protected":false},"author":1,"featured_media":703,"parent":0,"menu_order":0,"comment_status":"closed","ping_status":"closed","template":"landing-page.php","meta":{"_exactmetrics_skip_tracking":false,"_exactmetrics_sitenote_active":false,"_exactmetrics_sitenote_note":"","_exactmetrics_sitenote_category":0,"footnotes":""},"class_list":["post-723","page","type-page","status-publish","has-post-thumbnail","hentry"],"yoast_head":"<!-- This site is optimized with the Yoast SEO plugin v27.4 - https:\/\/yoast.com\/product\/yoast-seo-wordpress\/ -->\n<title>Changez de regard sur votre vie - Expat coach<\/title>\n<meta name=\"description\" content=\"Guide de survie expat \u00e0 la maison: 5 strat\u00e9gies simples pour se sentir mieux l\u00e0 maintenant tout de suite.\" \/>\n<meta name=\"robots\" content=\"index, follow, max-snippet:-1, max-image-preview:large, max-video-preview:-1\" \/>\n<link rel=\"canonical\" href=\"https:\/\/juliettepotin.com\/index.php\/changez-de-regard-sur-votre-vie\/\" \/>\n<meta property=\"og:locale\" content=\"fr_FR\" \/>\n<meta property=\"og:type\" content=\"article\" \/>\n<meta property=\"og:title\" content=\"Changez de regard sur votre vie - Expat coach\" \/>\n<meta property=\"og:description\" content=\"Guide de survie expat \u00e0 la maison: 5 strat\u00e9gies simples pour se sentir mieux l\u00e0 maintenant tout de suite.\" \/>\n<meta property=\"og:url\" content=\"https:\/\/juliettepotin.com\/index.php\/changez-de-regard-sur-votre-vie\/\" \/>\n<meta property=\"og:site_name\" content=\"Expat coach\" \/>\n<meta property=\"article:publisher\" content=\"https:\/\/www.facebook.com\/PotinJulietteCoach\/\" \/>\n<meta property=\"article:modified_time\" content=\"2023-12-06T15:28:06+00:00\" \/>\n<meta property=\"og:image\" content=\"https:\/\/juliettepotin.com\/wp-content\/uploads\/2018\/06\/couverture-5-strat\u00e9gies.png\" \/>\n\t<meta property=\"og:image:width\" content=\"582\" \/>\n\t<meta property=\"og:image:height\" content=\"840\" \/>\n\t<meta property=\"og:image:type\" content=\"image\/png\" \/>\n<meta name=\"twitter:card\" content=\"summary_large_image\" \/>\n<script type=\"application\/ld+json\" class=\"yoast-schema-graph\">{\"@context\":\"https:\\\/\\\/schema.org\",\"@graph\":[{\"@type\":\"WebPage\",\"@id\":\"https:\\\/\\\/juliettepotin.com\\\/index.php\\\/changez-de-regard-sur-votre-vie\\\/\",\"url\":\"https:\\\/\\\/juliettepotin.com\\\/index.php\\\/changez-de-regard-sur-votre-vie\\\/\",\"name\":\"Changez de regard sur votre vie - Expat coach\",\"isPartOf\":{\"@id\":\"https:\\\/\\\/juliettepotin.com\\\/#website\"},\"primaryImageOfPage\":{\"@id\":\"https:\\\/\\\/juliettepotin.com\\\/index.php\\\/changez-de-regard-sur-votre-vie\\\/#primaryimage\"},\"image\":{\"@id\":\"https:\\\/\\\/juliettepotin.com\\\/index.php\\\/changez-de-regard-sur-votre-vie\\\/#primaryimage\"},\"thumbnailUrl\":\"https:\\\/\\\/juliettepotin.com\\\/wp-content\\\/uploads\\\/2018\\\/06\\\/couverture-5-strat\u00e9gies.png\",\"datePublished\":\"2018-06-11T11:41:31+00:00\",\"dateModified\":\"2023-12-06T15:28:06+00:00\",\"description\":\"Guide de survie expat \u00e0 la maison: 5 strat\u00e9gies simples pour se sentir mieux l\u00e0 maintenant tout de suite.\",\"breadcrumb\":{\"@id\":\"https:\\\/\\\/juliettepotin.com\\\/index.php\\\/changez-de-regard-sur-votre-vie\\\/#breadcrumb\"},\"inLanguage\":\"fr-FR\",\"potentialAction\":[{\"@type\":\"ReadAction\",\"target\":[\"https:\\\/\\\/juliettepotin.com\\\/index.php\\\/changez-de-regard-sur-votre-vie\\\/\"]}]},{\"@type\":\"ImageObject\",\"inLanguage\":\"fr-FR\",\"@id\":\"https:\\\/\\\/juliettepotin.com\\\/index.php\\\/changez-de-regard-sur-votre-vie\\\/#primaryimage\",\"url\":\"https:\\\/\\\/juliettepotin.com\\\/wp-content\\\/uploads\\\/2018\\\/06\\\/couverture-5-strat\u00e9gies.png\",\"contentUrl\":\"https:\\\/\\\/juliettepotin.com\\\/wp-content\\\/uploads\\\/2018\\\/06\\\/couverture-5-strat\u00e9gies.png\",\"width\":582,\"height\":840},{\"@type\":\"BreadcrumbList\",\"@id\":\"https:\\\/\\\/juliettepotin.com\\\/index.php\\\/changez-de-regard-sur-votre-vie\\\/#breadcrumb\",\"itemListElement\":[{\"@type\":\"ListItem\",\"position\":1,\"name\":\"Home\",\"item\":\"https:\\\/\\\/juliettepotin.com\\\/\"},{\"@type\":\"ListItem\",\"position\":2,\"name\":\"Changez de regard sur votre vie\"}]},{\"@type\":\"WebSite\",\"@id\":\"https:\\\/\\\/juliettepotin.com\\\/#website\",\"url\":\"https:\\\/\\\/juliettepotin.com\\\/\",\"name\":\"Expat coach\",\"description\":\"The start of a new YOU\",\"publisher\":{\"@id\":\"https:\\\/\\\/juliettepotin.com\\\/#\\\/schema\\\/person\\\/ce6521de52bc72045131c9ea6e7dea42\"},\"potentialAction\":[{\"@type\":\"SearchAction\",\"target\":{\"@type\":\"EntryPoint\",\"urlTemplate\":\"https:\\\/\\\/juliettepotin.com\\\/?s={search_term_string}\"},\"query-input\":{\"@type\":\"PropertyValueSpecification\",\"valueRequired\":true,\"valueName\":\"search_term_string\"}}],\"inLanguage\":\"fr-FR\"},{\"@type\":[\"Person\",\"Organization\"],\"@id\":\"https:\\\/\\\/juliettepotin.com\\\/#\\\/schema\\\/person\\\/ce6521de52bc72045131c9ea6e7dea42\",\"name\":\"Juliette Potin\",\"image\":{\"@type\":\"ImageObject\",\"inLanguage\":\"fr-FR\",\"@id\":\"https:\\\/\\\/juliettepotin.com\\\/wp-content\\\/uploads\\\/2023\\\/01\\\/22006D7C-5B64-4226-B2A7-B43CE0FB4C0F_1_201_a-970x1024.png\",\"url\":\"https:\\\/\\\/juliettepotin.com\\\/wp-content\\\/uploads\\\/2023\\\/01\\\/22006D7C-5B64-4226-B2A7-B43CE0FB4C0F_1_201_a-970x1024.png\",\"contentUrl\":\"https:\\\/\\\/juliettepotin.com\\\/wp-content\\\/uploads\\\/2023\\\/01\\\/22006D7C-5B64-4226-B2A7-B43CE0FB4C0F_1_201_a-970x1024.png\",\"width\":970,\"height\":1024,\"caption\":\"Juliette Potin\"},\"logo\":{\"@id\":\"https:\\\/\\\/juliettepotin.com\\\/wp-content\\\/uploads\\\/2023\\\/01\\\/22006D7C-5B64-4226-B2A7-B43CE0FB4C0F_1_201_a-970x1024.png\"},\"description\":\"Je suis Juliette Potin, coach professionnelle depuis 2018. J'ai v\u00e9cu plusieurs ann\u00e9es \u00e0 l'\u00e9tranger,notamment aux Etats-Unis o\u00f9 je me retrouve \u00e0 la maison apr\u00e8s 15 ans de postes \u00e0 responsabilit\u00e9 dans l'industrie. L'exp\u00e9rience de ne plus pouvoir me d\u00e9finir par mon statut social est d\u00e9stabilisante, celle d'avoir du temps devant moi : vertigineuse! Petit \u00e0 petit, en me reconnectant \u00e0 moi-m\u00eame et \u00e0 mes aspirations, je me suis autoris\u00e9e \u00e0 me r\u00e9-inventer. Aujourd'hui de retour en France, j'accompagne les personnes qui ont un temps mis leur carri\u00e8re entre parenth\u00e8ses, \u00e0 reprendre confiance, r\u00e9v\u00e9ler leurs talents et suivre leurs \u00e9lans pour (re)trouver une activit\u00e9 pro align\u00e9e avec qui elles sont.\",\"sameAs\":[\"https:\\\/\\\/www.facebook.com\\\/PotinJulietteCoach\\\/\",\"https:\\\/\\\/www.linkedin.com\\\/in\\\/juliette-potin-expat-coach\\\/\"]}]}<\/script>\n<!-- \/ Yoast SEO plugin. -->","yoast_head_json":{"title":"Changez de regard sur votre vie - Expat coach","description":"Guide de survie expat \u00e0 la maison: 5 strat\u00e9gies simples pour se sentir mieux l\u00e0 maintenant tout de suite.","robots":{"index":"index","follow":"follow","max-snippet":"max-snippet:-1","max-image-preview":"max-image-preview:large","max-video-preview":"max-video-preview:-1"},"canonical":"https:\/\/juliettepotin.com\/index.php\/changez-de-regard-sur-votre-vie\/","og_locale":"fr_FR","og_type":"article","og_title":"Changez de regard sur votre vie - Expat coach","og_description":"Guide de survie expat \u00e0 la maison: 5 strat\u00e9gies simples pour se sentir mieux l\u00e0 maintenant tout de suite.","og_url":"https:\/\/juliettepotin.com\/index.php\/changez-de-regard-sur-votre-vie\/","og_site_name":"Expat coach","article_publisher":"https:\/\/www.facebook.com\/PotinJulietteCoach\/","article_modified_time":"2023-12-06T15:28:06+00:00","og_image":[{"width":582,"height":840,"url":"https:\/\/juliettepotin.com\/wp-content\/uploads\/2018\/06\/couverture-5-strat\u00e9gies.png","type":"image\/png"}],"twitter_card":"summary_large_image","schema":{"@context":"https:\/\/schema.org","@graph":[{"@type":"WebPage","@id":"https:\/\/juliettepotin.com\/index.php\/changez-de-regard-sur-votre-vie\/","url":"https:\/\/juliettepotin.com\/index.php\/changez-de-regard-sur-votre-vie\/","name":"Changez de regard sur votre vie - Expat coach","isPartOf":{"@id":"https:\/\/juliettepotin.com\/#website"},"primaryImageOfPage":{"@id":"https:\/\/juliettepotin.com\/index.php\/changez-de-regard-sur-votre-vie\/#primaryimage"},"image":{"@id":"https:\/\/juliettepotin.com\/index.php\/changez-de-regard-sur-votre-vie\/#primaryimage"},"thumbnailUrl":"https:\/\/juliettepotin.com\/wp-content\/uploads\/2018\/06\/couverture-5-strat\u00e9gies.png","datePublished":"2018-06-11T11:41:31+00:00","dateModified":"2023-12-06T15:28:06+00:00","description":"Guide de survie expat \u00e0 la maison: 5 strat\u00e9gies simples pour se sentir mieux l\u00e0 maintenant tout de suite.","breadcrumb":{"@id":"https:\/\/juliettepotin.com\/index.php\/changez-de-regard-sur-votre-vie\/#breadcrumb"},"inLanguage":"fr-FR","potentialAction":[{"@type":"ReadAction","target":["https:\/\/juliettepotin.com\/index.php\/changez-de-regard-sur-votre-vie\/"]}]},{"@type":"ImageObject","inLanguage":"fr-FR","@id":"https:\/\/juliettepotin.com\/index.php\/changez-de-regard-sur-votre-vie\/#primaryimage","url":"https:\/\/juliettepotin.com\/wp-content\/uploads\/2018\/06\/couverture-5-strat\u00e9gies.png","contentUrl":"https:\/\/juliettepotin.com\/wp-content\/uploads\/2018\/06\/couverture-5-strat\u00e9gies.png","width":582,"height":840},{"@type":"BreadcrumbList","@id":"https:\/\/juliettepotin.com\/index.php\/changez-de-regard-sur-votre-vie\/#breadcrumb","itemListElement":[{"@type":"ListItem","position":1,"name":"Home","item":"https:\/\/juliettepotin.com\/"},{"@type":"ListItem","position":2,"name":"Changez de regard sur votre vie"}]},{"@type":"WebSite","@id":"https:\/\/juliettepotin.com\/#website","url":"https:\/\/juliettepotin.com\/","name":"Expat coach","description":"The start of a new YOU","publisher":{"@id":"https:\/\/juliettepotin.com\/#\/schema\/person\/ce6521de52bc72045131c9ea6e7dea42"},"potentialAction":[{"@type":"SearchAction","target":{"@type":"EntryPoint","urlTemplate":"https:\/\/juliettepotin.com\/?s={search_term_string}"},"query-input":{"@type":"PropertyValueSpecification","valueRequired":true,"valueName":"search_term_string"}}],"inLanguage":"fr-FR"},{"@type":["Person","Organization"],"@id":"https:\/\/juliettepotin.com\/#\/schema\/person\/ce6521de52bc72045131c9ea6e7dea42","name":"Juliette Potin","image":{"@type":"ImageObject","inLanguage":"fr-FR","@id":"https:\/\/juliettepotin.com\/wp-content\/uploads\/2023\/01\/22006D7C-5B64-4226-B2A7-B43CE0FB4C0F_1_201_a-970x1024.png","url":"https:\/\/juliettepotin.com\/wp-content\/uploads\/2023\/01\/22006D7C-5B64-4226-B2A7-B43CE0FB4C0F_1_201_a-970x1024.png","contentUrl":"https:\/\/juliettepotin.com\/wp-content\/uploads\/2023\/01\/22006D7C-5B64-4226-B2A7-B43CE0FB4C0F_1_201_a-970x1024.png","width":970,"height":1024,"caption":"Juliette Potin"},"logo":{"@id":"https:\/\/juliettepotin.com\/wp-content\/uploads\/2023\/01\/22006D7C-5B64-4226-B2A7-B43CE0FB4C0F_1_201_a-970x1024.png"},"description":"Je suis Juliette Potin, coach professionnelle depuis 2018. J'ai v\u00e9cu plusieurs ann\u00e9es \u00e0 l'\u00e9tranger,notamment aux Etats-Unis o\u00f9 je me retrouve \u00e0 la maison apr\u00e8s 15 ans de postes \u00e0 responsabilit\u00e9 dans l'industrie. L'exp\u00e9rience de ne plus pouvoir me d\u00e9finir par mon statut social est d\u00e9stabilisante, celle d'avoir du temps devant moi : vertigineuse! Petit \u00e0 petit, en me reconnectant \u00e0 moi-m\u00eame et \u00e0 mes aspirations, je me suis autoris\u00e9e \u00e0 me r\u00e9-inventer. Aujourd'hui de retour en France, j'accompagne les personnes qui ont un temps mis leur carri\u00e8re entre parenth\u00e8ses, \u00e0 reprendre confiance, r\u00e9v\u00e9ler leurs talents et suivre leurs \u00e9lans pour (re)trouver une activit\u00e9 pro align\u00e9e avec qui elles sont.","sameAs":["https:\/\/www.facebook.com\/PotinJulietteCoach\/","https:\/\/www.linkedin.com\/in\/juliette-potin-expat-coach\/"]}]}},"_links":{"self":[{"href":"https:\/\/juliettepotin.com\/index.php\/wp-json\/wp\/v2\/pages\/723","targetHints":{"allow":["GET"]}}],"collection":[{"href":"https:\/\/juliettepotin.com\/index.php\/wp-json\/wp\/v2\/pages"}],"about":[{"href":"https:\/\/juliettepotin.com\/index.php\/wp-json\/wp\/v2\/types\/page"}],"author":[{"embeddable":true,"href":"https:\/\/juliettepotin.com\/index.php\/wp-json\/wp\/v2\/users\/1"}],"replies":[{"embeddable":true,"href":"https:\/\/juliettepotin.com\/index.php\/wp-json\/wp\/v2\/comments?post=723"}],"version-history":[{"count":0,"href":"https:\/\/juliettepotin.com\/index.php\/wp-json\/wp\/v2\/pages\/723\/revisions"}],"wp:featuredmedia":[{"embeddable":true,"href":"https:\/\/juliettepotin.com\/index.php\/wp-json\/wp\/v2\/media\/703"}],"wp:attachment":[{"href":"https:\/\/juliettepotin.com\/index.php\/wp-json\/wp\/v2\/media?parent=723"}],"curies":[{"name":"wp","href":"https:\/\/api.w.org\/{rel}","templated":true}]}}