{"id":4093,"date":"2024-05-06T13:26:41","date_gmt":"2024-05-06T11:26:41","guid":{"rendered":"https:\/\/juliettepotin.com\/?page_id=4093"},"modified":"2024-05-06T13:26:42","modified_gmt":"2024-05-06T11:26:42","slug":"12-pieges-a-eviter-sur-ton-cv","status":"publish","type":"page","link":"https:\/\/juliettepotin.com\/index.php\/12-pieges-a-eviter-sur-ton-cv\/","title":{"rendered":"12 pi\u00e8ges \u00e0 \u00e9viter sur ton CV"},"content":{"rendered":"<\/p>\n<p><span><img decoding=\"async\" alt=\"\" data-id=\"4095\" width=\"414\" data-init-width=\"874\" height=\"277\" data-init-height=\"586\" title=\"pieges\" loading=\"lazy\" src=\"https:\/\/juliettepotin.com\/wp-content\/uploads\/2024\/04\/pieges-e1713787503463.jpg?x97386\" data-width=\"414\" data-height=\"277\" style=\"aspect-ratio: auto 874 \/ 586;\"><\/span><span><img decoding=\"async\" alt=\"\" data-id=\"4100\" width=\"173\" data-init-width=\"364\" height=\"324\" data-init-height=\"682\" title=\"mockup_checklist\" loading=\"lazy\" src=\"https:\/\/juliettepotin.com\/wp-content\/uploads\/2024\/04\/mockup_checklist-e1713797906205.jpg?x97386\" data-width=\"173\" data-height=\"324\" style=\"aspect-ratio: auto 364 \/ 682;\"><\/span><\/p>\n<p style=\"text-align: center; color: var(--tcb-color-3) !important; --tcb-applied-color: var$(--tcb-color-3) !important;\"><strong style=\"color: var(--tcb-color-0) !important;\"><span style=\"--tcb-applied-color: var$(--tcb-color-3) !important;\"><span style=\"--tcb-applied-color: var$(--tcb-color-3) !important;\"><strong><span style=\"--tcb-applied-color: var$(--tcb-color-3) !important;\"><span style=\"--tcb-applied-color: var$(--tcb-color-3) !important;\">Ton parcours est <span style=\"color: var(--tcb-color-3) !important;\">atypique<\/span> ?<\/span><\/span><\/strong><\/span><\/span><\/strong><\/p>\n<p style=\"text-align: center;\"><strong style=\"color: var(--tcb-color-0) !important;\"><span style=\"--tcb-applied-color:  var$(--tcb-color-0)  !important;\"><span style=\"color: var(--tcb-color-0) !important;\"><strong><span><span>Visionne <\/span><\/span><\/strong><\/span><\/span><\/strong><\/p>\n<p style=\"text-align: center;\"><strong style=\"color: var(--tcb-color-0) !important;\"><span style=\"--tcb-applied-color:  var$(--tcb-color-0)  !important;\"><span style=\"color: var(--tcb-color-0) !important;\"><strong><span><span>les <\/span><\/span><\/strong><\/span><\/span><span style=\"--tcb-applied-color: var$(--tcb-color-3) !important;\"><span style=\"color: var(--tcb-color-3) !important;\"><strong><span><span>12 <\/span><\/span><\/strong><strong><span><span>pi\u00e8ges<\/span><\/span><\/strong><strong><span><span> \u00e0 \u00e9viter<\/span><\/span><\/strong><\/span><\/span><span style=\"--tcb-applied-color:  var$(--tcb-color-0)  !important;\"><span style=\"color: var(--tcb-color-0) !important;\"><strong><span><span>&nbsp;dans ton CV<\/span><\/span><\/strong><\/span><\/span><\/strong><\/p>\n<p style=\"text-align: center;\"><strong style=\"color: var(--tcb-color-0) !important;\"><span style=\"--tcb-applied-color:  var$(--tcb-color-0)  !important;\"><span style=\"color: var(--tcb-color-0) !important;\"><strong><span><span>+ T\u00e9l\u00e9charge&nbsp;<\/span><\/span><\/strong><\/span><\/span><\/strong><\/p>\n<p style=\"text-align: center;\"><strong style=\"color: var(--tcb-color-0) !important;\"><span style=\"--tcb-applied-color:  var$(--tcb-color-0)  !important;\"><span style=\"color: var(--tcb-color-0) !important;\"><strong><span><span>la <\/span><\/span><\/strong><\/span><\/span><span style=\"--tcb-applied-color: var$(--tcb-color-3) !important;\"><span style=\"color: var(--tcb-color-3) !important;\"><strong><span><span>check-list<\/span><\/span><\/strong><\/span><\/span><span style=\"--tcb-applied-color:  var$(--tcb-color-0)  !important;\"><span style=\"color: var(--tcb-color-0) !important;\"><strong><span><span>&nbsp;ultime pour un CV r\u00e9ussi<\/span><\/span><\/strong><\/span><\/span><\/strong><\/p>\n<\/p>\n<p style=\"text-align: left;\"><span style=\"--tcb-applied-color:  var$(--tcb-color-0)  !important;\"><span style=\"color: var(--tcb-color-0) !important;\"><span><span>&gt; Tu cherches \u00e0 retravailler a<span><span><span><span>pr\u00e8s une plus ou moins longue p\u00e9riode d&rsquo;interruption<\/span><\/span><\/span><\/span>, tu remets ton CV \u00e0 jour mais tu n&rsquo;as plus les codes<\/span><\/span><\/span><\/span><\/p>\n<p style=\"text-align: left;\"><span style=\"--tcb-applied-color:  var$(--tcb-color-0)  !important;\"><span style=\"color: var(--tcb-color-0) !important;\"><span><span>&gt; Tu veux \u00e9viter les pi\u00e8ges d&rsquo;un CV au parcours atypique: trou dans ton CV, exp\u00e9rience \u00e0 l&rsquo;\u00e9tranger, m\u00e9tiers vari\u00e9s&#8230;<\/span><\/span><\/span><\/span><\/p>\n<p style=\"text-align: left;\"><span style=\"--tcb-applied-color:  var$(--tcb-color-0)  !important;\"><span style=\"color: var(--tcb-color-0) !important;\"><span><span><span><span><span><span>&gt; Dans cette vid\u00e9o de 8 min, disponible imm\u00e9diatement apr\u00e8s ton inscription, je te d\u00e9taille les 12 pi\u00e8ges \u00e0 \u00e9viter pour ton CV<\/span><\/span><\/span><\/span><\/span><\/span><\/span><\/span><\/p>\n<p style=\"text-align: left;\"><span style=\"--tcb-applied-color:  var$(--tcb-color-0)  !important;\"><span style=\"color: var(--tcb-color-0) !important;\"><span><span><span><span><span><span>&gt; T\u00e9l\u00e9charge \u00e9galement la check-list ultime pour un CV r\u00e9ussi et postule avec confiance !<\/span><\/span><\/span><\/span><\/span><\/span><\/span><\/span><\/p>\n<p><span style=\"\"><img decoding=\"async\" alt=\"\" data-id=\"4095\" width=\"451\" data-init-width=\"874\" height=\"303\" data-init-height=\"586\" title=\"pieges\" loading=\"lazy\" src=\"https:\/\/juliettepotin.com\/wp-content\/uploads\/2024\/04\/pieges-e1713787503463.jpg?x97386\" data-width=\"451\" data-height=\"303\" style=\"aspect-ratio: auto 874 \/ 586;\" mt-d=\"0\" ml-d=\"0\" center-v-d=\"false\" center-h-d=\"false\"><\/span><\/p>\n<p style=\"text-align: center;\"><strong style=\"color: var(--tcb-color-0) !important;\"><span style=\"--tcb-applied-color:  var$(--tcb-color-0)  !important;\"><span style=\"color: var(--tcb-color-0) !important;\"><strong><span><span>VIDEO + CHECK-LIST<\/span><\/span><\/strong><\/span><\/span><\/strong><\/p>\n<\/p>\n<p style=\"text-align: left;\"><strong style=\"color: var(--tcb-color-0) !important;\"><span style=\"--tcb-applied-color:  var$(--tcb-color-0)  !important;\"><span style=\"color: var(--tcb-color-0) !important;\"><strong><span><span>Qui suis- je ?<\/span><\/span><\/strong><\/span><\/span><\/strong><\/p>\n<p><span><img decoding=\"async\" alt=\"\" data-id=\"3586\" width=\"222\" data-init-width=\"2682\" height=\"168\" data-init-height=\"2031\" title=\"IMG_6566\" loading=\"lazy\" src=\"https:\/\/juliettepotin.com\/wp-content\/uploads\/2023\/11\/IMG_6566.jpg?x97386\" data-width=\"222\" data-height=\"168\" style=\"aspect-ratio: auto 2682 \/ 2031;\"><\/span><\/p>\n<p style=\"text-align: left;\"><span style=\"--tcb-applied-color:  var$(--tcb-color-0)  !important;\"><span style=\"color: var(--tcb-color-0) !important;\"><span><span>Je suis Juliette Potin, coach professionnelle depuis 2018.<\/span><\/span><\/span><\/span><\/p>\n<p style=\"text-align: left;\"><span style=\"--tcb-applied-color:  var$(--tcb-color-0)  !important;\"><span style=\"color: var(--tcb-color-0) !important;\"><span><span>J&rsquo;accompagne les personnes qui ont un temps mis leur carri\u00e8re entre parenth\u00e8ses, \u00e0 reprendre confiance, r\u00e9v\u00e9ler leurs talents et suivre leurs \u00e9lans pour (re)trouver une activit\u00e9 pro align\u00e9e avec qui elles sont.<\/span><\/span><\/span><\/span><\/p>\n<p style=\"text-align: center;\">\u00a9 {tcb_current_year} by <a href=\"https:\/\/juliettepotin.com\" target=\"_blank\" style=\"outline: none;\" rel=\"noopener\">Juliette Potin<\/a><\/p>\n","protected":false},"excerpt":{"rendered":"<p>Ton parcours est atypique ? Visionne les 12 pi\u00e8ges \u00e0 \u00e9viter&nbsp;dans ton CV + T\u00e9l\u00e9charge&nbsp; la check-list&nbsp;ultime pour un CV r\u00e9ussi &gt; Tu cherches \u00e0 retravailler apr\u00e8s une plus ou [&hellip;]<\/p>\n","protected":false},"author":1,"featured_media":4095,"parent":0,"menu_order":0,"comment_status":"closed","ping_status":"closed","template":"landing-page.php","meta":{"_exactmetrics_skip_tracking":false,"_exactmetrics_sitenote_active":false,"_exactmetrics_sitenote_note":"","_exactmetrics_sitenote_category":0,"footnotes":""},"class_list":["post-4093","page","type-page","status-publish","has-post-thumbnail","hentry"],"yoast_head":"<!-- This site is optimized with the Yoast SEO plugin v27.4 - https:\/\/yoast.com\/product\/yoast-seo-wordpress\/ -->\n<title>12 pi\u00e8ges \u00e0 \u00e9viter sur ton CV - Expat coach<\/title>\n<meta name=\"description\" content=\"E-book gratuit de 26 pages: 5 questions pour trouver sa voie. Cahier d&#039;exercice inclus. En bonus: trouver son Ikigai, trouver son fil rouge.\" \/>\n<meta name=\"robots\" content=\"index, follow, max-snippet:-1, max-image-preview:large, max-video-preview:-1\" \/>\n<link rel=\"canonical\" href=\"https:\/\/juliettepotin.com\/index.php\/12-pieges-a-eviter-sur-ton-cv\/\" \/>\n<meta property=\"og:locale\" content=\"fr_FR\" \/>\n<meta property=\"og:type\" content=\"article\" \/>\n<meta property=\"og:title\" content=\"12 pi\u00e8ges \u00e0 \u00e9viter sur ton CV - Expat coach\" \/>\n<meta property=\"og:description\" content=\"E-book gratuit de 26 pages: 5 questions pour trouver sa voie. Cahier d&#039;exercice inclus. En bonus: trouver son Ikigai, trouver son fil rouge.\" \/>\n<meta property=\"og:url\" content=\"https:\/\/juliettepotin.com\/index.php\/12-pieges-a-eviter-sur-ton-cv\/\" \/>\n<meta property=\"og:site_name\" content=\"Expat coach\" \/>\n<meta property=\"article:publisher\" content=\"https:\/\/www.facebook.com\/PotinJulietteCoach\/\" \/>\n<meta property=\"article:modified_time\" content=\"2024-05-06T11:26:42+00:00\" \/>\n<meta property=\"og:image\" content=\"https:\/\/juliettepotin.com\/wp-content\/uploads\/2024\/04\/pieges-e1713787503463.jpg\" \/>\n\t<meta property=\"og:image:width\" content=\"874\" \/>\n\t<meta property=\"og:image:height\" content=\"586\" \/>\n\t<meta property=\"og:image:type\" content=\"image\/jpeg\" \/>\n<meta name=\"twitter:card\" content=\"summary_large_image\" \/>\n<meta name=\"twitter:label1\" content=\"Dur\u00e9e de lecture estim\u00e9e\" \/>\n\t<meta name=\"twitter:data1\" content=\"1 minute\" \/>\n<script type=\"application\/ld+json\" class=\"yoast-schema-graph\">{\"@context\":\"https:\\\/\\\/schema.org\",\"@graph\":[{\"@type\":\"WebPage\",\"@id\":\"https:\\\/\\\/juliettepotin.com\\\/index.php\\\/12-pieges-a-eviter-sur-ton-cv\\\/\",\"url\":\"https:\\\/\\\/juliettepotin.com\\\/index.php\\\/12-pieges-a-eviter-sur-ton-cv\\\/\",\"name\":\"12 pi\u00e8ges \u00e0 \u00e9viter sur ton CV - Expat coach\",\"isPartOf\":{\"@id\":\"https:\\\/\\\/juliettepotin.com\\\/#website\"},\"primaryImageOfPage\":{\"@id\":\"https:\\\/\\\/juliettepotin.com\\\/index.php\\\/12-pieges-a-eviter-sur-ton-cv\\\/#primaryimage\"},\"image\":{\"@id\":\"https:\\\/\\\/juliettepotin.com\\\/index.php\\\/12-pieges-a-eviter-sur-ton-cv\\\/#primaryimage\"},\"thumbnailUrl\":\"https:\\\/\\\/juliettepotin.com\\\/wp-content\\\/uploads\\\/2024\\\/04\\\/pieges-e1713787503463.jpg\",\"datePublished\":\"2024-05-06T11:26:41+00:00\",\"dateModified\":\"2024-05-06T11:26:42+00:00\",\"description\":\"E-book gratuit de 26 pages: 5 questions pour trouver sa voie. Cahier d'exercice inclus. En bonus: trouver son Ikigai, trouver son fil rouge.\",\"breadcrumb\":{\"@id\":\"https:\\\/\\\/juliettepotin.com\\\/index.php\\\/12-pieges-a-eviter-sur-ton-cv\\\/#breadcrumb\"},\"inLanguage\":\"fr-FR\",\"potentialAction\":[{\"@type\":\"ReadAction\",\"target\":[\"https:\\\/\\\/juliettepotin.com\\\/index.php\\\/12-pieges-a-eviter-sur-ton-cv\\\/\"]}]},{\"@type\":\"ImageObject\",\"inLanguage\":\"fr-FR\",\"@id\":\"https:\\\/\\\/juliettepotin.com\\\/index.php\\\/12-pieges-a-eviter-sur-ton-cv\\\/#primaryimage\",\"url\":\"https:\\\/\\\/juliettepotin.com\\\/wp-content\\\/uploads\\\/2024\\\/04\\\/pieges-e1713787503463.jpg\",\"contentUrl\":\"https:\\\/\\\/juliettepotin.com\\\/wp-content\\\/uploads\\\/2024\\\/04\\\/pieges-e1713787503463.jpg\",\"width\":874,\"height\":586,\"caption\":\"pieges a \u00e9viter CV\"},{\"@type\":\"BreadcrumbList\",\"@id\":\"https:\\\/\\\/juliettepotin.com\\\/index.php\\\/12-pieges-a-eviter-sur-ton-cv\\\/#breadcrumb\",\"itemListElement\":[{\"@type\":\"ListItem\",\"position\":1,\"name\":\"Home\",\"item\":\"https:\\\/\\\/juliettepotin.com\\\/\"},{\"@type\":\"ListItem\",\"position\":2,\"name\":\"12 pi\u00e8ges \u00e0 \u00e9viter sur ton CV\"}]},{\"@type\":\"WebSite\",\"@id\":\"https:\\\/\\\/juliettepotin.com\\\/#website\",\"url\":\"https:\\\/\\\/juliettepotin.com\\\/\",\"name\":\"Expat coach\",\"description\":\"The start of a new YOU\",\"publisher\":{\"@id\":\"https:\\\/\\\/juliettepotin.com\\\/#\\\/schema\\\/person\\\/ce6521de52bc72045131c9ea6e7dea42\"},\"potentialAction\":[{\"@type\":\"SearchAction\",\"target\":{\"@type\":\"EntryPoint\",\"urlTemplate\":\"https:\\\/\\\/juliettepotin.com\\\/?s={search_term_string}\"},\"query-input\":{\"@type\":\"PropertyValueSpecification\",\"valueRequired\":true,\"valueName\":\"search_term_string\"}}],\"inLanguage\":\"fr-FR\"},{\"@type\":[\"Person\",\"Organization\"],\"@id\":\"https:\\\/\\\/juliettepotin.com\\\/#\\\/schema\\\/person\\\/ce6521de52bc72045131c9ea6e7dea42\",\"name\":\"Juliette Potin\",\"image\":{\"@type\":\"ImageObject\",\"inLanguage\":\"fr-FR\",\"@id\":\"https:\\\/\\\/juliettepotin.com\\\/wp-content\\\/uploads\\\/2023\\\/01\\\/22006D7C-5B64-4226-B2A7-B43CE0FB4C0F_1_201_a-970x1024.png\",\"url\":\"https:\\\/\\\/juliettepotin.com\\\/wp-content\\\/uploads\\\/2023\\\/01\\\/22006D7C-5B64-4226-B2A7-B43CE0FB4C0F_1_201_a-970x1024.png\",\"contentUrl\":\"https:\\\/\\\/juliettepotin.com\\\/wp-content\\\/uploads\\\/2023\\\/01\\\/22006D7C-5B64-4226-B2A7-B43CE0FB4C0F_1_201_a-970x1024.png\",\"width\":970,\"height\":1024,\"caption\":\"Juliette Potin\"},\"logo\":{\"@id\":\"https:\\\/\\\/juliettepotin.com\\\/wp-content\\\/uploads\\\/2023\\\/01\\\/22006D7C-5B64-4226-B2A7-B43CE0FB4C0F_1_201_a-970x1024.png\"},\"description\":\"Je suis Juliette Potin, coach professionnelle depuis 2018. J'ai v\u00e9cu plusieurs ann\u00e9es \u00e0 l'\u00e9tranger,notamment aux Etats-Unis o\u00f9 je me retrouve \u00e0 la maison apr\u00e8s 15 ans de postes \u00e0 responsabilit\u00e9 dans l'industrie. L'exp\u00e9rience de ne plus pouvoir me d\u00e9finir par mon statut social est d\u00e9stabilisante, celle d'avoir du temps devant moi : vertigineuse! Petit \u00e0 petit, en me reconnectant \u00e0 moi-m\u00eame et \u00e0 mes aspirations, je me suis autoris\u00e9e \u00e0 me r\u00e9-inventer. Aujourd'hui de retour en France, j'accompagne les personnes qui ont un temps mis leur carri\u00e8re entre parenth\u00e8ses, \u00e0 reprendre confiance, r\u00e9v\u00e9ler leurs talents et suivre leurs \u00e9lans pour (re)trouver une activit\u00e9 pro align\u00e9e avec qui elles sont.\",\"sameAs\":[\"https:\\\/\\\/www.facebook.com\\\/PotinJulietteCoach\\\/\",\"https:\\\/\\\/www.linkedin.com\\\/in\\\/juliette-potin-expat-coach\\\/\"]}]}<\/script>\n<!-- \/ Yoast SEO plugin. -->","yoast_head_json":{"title":"12 pi\u00e8ges \u00e0 \u00e9viter sur ton CV - Expat coach","description":"E-book gratuit de 26 pages: 5 questions pour trouver sa voie. Cahier d'exercice inclus. En bonus: trouver son Ikigai, trouver son fil rouge.","robots":{"index":"index","follow":"follow","max-snippet":"max-snippet:-1","max-image-preview":"max-image-preview:large","max-video-preview":"max-video-preview:-1"},"canonical":"https:\/\/juliettepotin.com\/index.php\/12-pieges-a-eviter-sur-ton-cv\/","og_locale":"fr_FR","og_type":"article","og_title":"12 pi\u00e8ges \u00e0 \u00e9viter sur ton CV - Expat coach","og_description":"E-book gratuit de 26 pages: 5 questions pour trouver sa voie. Cahier d'exercice inclus. En bonus: trouver son Ikigai, trouver son fil rouge.","og_url":"https:\/\/juliettepotin.com\/index.php\/12-pieges-a-eviter-sur-ton-cv\/","og_site_name":"Expat coach","article_publisher":"https:\/\/www.facebook.com\/PotinJulietteCoach\/","article_modified_time":"2024-05-06T11:26:42+00:00","og_image":[{"width":874,"height":586,"url":"https:\/\/juliettepotin.com\/wp-content\/uploads\/2024\/04\/pieges-e1713787503463.jpg","type":"image\/jpeg"}],"twitter_card":"summary_large_image","twitter_misc":{"Dur\u00e9e de lecture estim\u00e9e":"1 minute"},"schema":{"@context":"https:\/\/schema.org","@graph":[{"@type":"WebPage","@id":"https:\/\/juliettepotin.com\/index.php\/12-pieges-a-eviter-sur-ton-cv\/","url":"https:\/\/juliettepotin.com\/index.php\/12-pieges-a-eviter-sur-ton-cv\/","name":"12 pi\u00e8ges \u00e0 \u00e9viter sur ton CV - Expat coach","isPartOf":{"@id":"https:\/\/juliettepotin.com\/#website"},"primaryImageOfPage":{"@id":"https:\/\/juliettepotin.com\/index.php\/12-pieges-a-eviter-sur-ton-cv\/#primaryimage"},"image":{"@id":"https:\/\/juliettepotin.com\/index.php\/12-pieges-a-eviter-sur-ton-cv\/#primaryimage"},"thumbnailUrl":"https:\/\/juliettepotin.com\/wp-content\/uploads\/2024\/04\/pieges-e1713787503463.jpg","datePublished":"2024-05-06T11:26:41+00:00","dateModified":"2024-05-06T11:26:42+00:00","description":"E-book gratuit de 26 pages: 5 questions pour trouver sa voie. Cahier d'exercice inclus. En bonus: trouver son Ikigai, trouver son fil rouge.","breadcrumb":{"@id":"https:\/\/juliettepotin.com\/index.php\/12-pieges-a-eviter-sur-ton-cv\/#breadcrumb"},"inLanguage":"fr-FR","potentialAction":[{"@type":"ReadAction","target":["https:\/\/juliettepotin.com\/index.php\/12-pieges-a-eviter-sur-ton-cv\/"]}]},{"@type":"ImageObject","inLanguage":"fr-FR","@id":"https:\/\/juliettepotin.com\/index.php\/12-pieges-a-eviter-sur-ton-cv\/#primaryimage","url":"https:\/\/juliettepotin.com\/wp-content\/uploads\/2024\/04\/pieges-e1713787503463.jpg","contentUrl":"https:\/\/juliettepotin.com\/wp-content\/uploads\/2024\/04\/pieges-e1713787503463.jpg","width":874,"height":586,"caption":"pieges a \u00e9viter CV"},{"@type":"BreadcrumbList","@id":"https:\/\/juliettepotin.com\/index.php\/12-pieges-a-eviter-sur-ton-cv\/#breadcrumb","itemListElement":[{"@type":"ListItem","position":1,"name":"Home","item":"https:\/\/juliettepotin.com\/"},{"@type":"ListItem","position":2,"name":"12 pi\u00e8ges \u00e0 \u00e9viter sur ton CV"}]},{"@type":"WebSite","@id":"https:\/\/juliettepotin.com\/#website","url":"https:\/\/juliettepotin.com\/","name":"Expat coach","description":"The start of a new YOU","publisher":{"@id":"https:\/\/juliettepotin.com\/#\/schema\/person\/ce6521de52bc72045131c9ea6e7dea42"},"potentialAction":[{"@type":"SearchAction","target":{"@type":"EntryPoint","urlTemplate":"https:\/\/juliettepotin.com\/?s={search_term_string}"},"query-input":{"@type":"PropertyValueSpecification","valueRequired":true,"valueName":"search_term_string"}}],"inLanguage":"fr-FR"},{"@type":["Person","Organization"],"@id":"https:\/\/juliettepotin.com\/#\/schema\/person\/ce6521de52bc72045131c9ea6e7dea42","name":"Juliette Potin","image":{"@type":"ImageObject","inLanguage":"fr-FR","@id":"https:\/\/juliettepotin.com\/wp-content\/uploads\/2023\/01\/22006D7C-5B64-4226-B2A7-B43CE0FB4C0F_1_201_a-970x1024.png","url":"https:\/\/juliettepotin.com\/wp-content\/uploads\/2023\/01\/22006D7C-5B64-4226-B2A7-B43CE0FB4C0F_1_201_a-970x1024.png","contentUrl":"https:\/\/juliettepotin.com\/wp-content\/uploads\/2023\/01\/22006D7C-5B64-4226-B2A7-B43CE0FB4C0F_1_201_a-970x1024.png","width":970,"height":1024,"caption":"Juliette Potin"},"logo":{"@id":"https:\/\/juliettepotin.com\/wp-content\/uploads\/2023\/01\/22006D7C-5B64-4226-B2A7-B43CE0FB4C0F_1_201_a-970x1024.png"},"description":"Je suis Juliette Potin, coach professionnelle depuis 2018. J'ai v\u00e9cu plusieurs ann\u00e9es \u00e0 l'\u00e9tranger,notamment aux Etats-Unis o\u00f9 je me retrouve \u00e0 la maison apr\u00e8s 15 ans de postes \u00e0 responsabilit\u00e9 dans l'industrie. L'exp\u00e9rience de ne plus pouvoir me d\u00e9finir par mon statut social est d\u00e9stabilisante, celle d'avoir du temps devant moi : vertigineuse! Petit \u00e0 petit, en me reconnectant \u00e0 moi-m\u00eame et \u00e0 mes aspirations, je me suis autoris\u00e9e \u00e0 me r\u00e9-inventer. Aujourd'hui de retour en France, j'accompagne les personnes qui ont un temps mis leur carri\u00e8re entre parenth\u00e8ses, \u00e0 reprendre confiance, r\u00e9v\u00e9ler leurs talents et suivre leurs \u00e9lans pour (re)trouver une activit\u00e9 pro align\u00e9e avec qui elles sont.","sameAs":["https:\/\/www.facebook.com\/PotinJulietteCoach\/","https:\/\/www.linkedin.com\/in\/juliette-potin-expat-coach\/"]}]}},"_links":{"self":[{"href":"https:\/\/juliettepotin.com\/index.php\/wp-json\/wp\/v2\/pages\/4093","targetHints":{"allow":["GET"]}}],"collection":[{"href":"https:\/\/juliettepotin.com\/index.php\/wp-json\/wp\/v2\/pages"}],"about":[{"href":"https:\/\/juliettepotin.com\/index.php\/wp-json\/wp\/v2\/types\/page"}],"author":[{"embeddable":true,"href":"https:\/\/juliettepotin.com\/index.php\/wp-json\/wp\/v2\/users\/1"}],"replies":[{"embeddable":true,"href":"https:\/\/juliettepotin.com\/index.php\/wp-json\/wp\/v2\/comments?post=4093"}],"version-history":[{"count":1,"href":"https:\/\/juliettepotin.com\/index.php\/wp-json\/wp\/v2\/pages\/4093\/revisions"}],"predecessor-version":[{"id":4121,"href":"https:\/\/juliettepotin.com\/index.php\/wp-json\/wp\/v2\/pages\/4093\/revisions\/4121"}],"wp:featuredmedia":[{"embeddable":true,"href":"https:\/\/juliettepotin.com\/index.php\/wp-json\/wp\/v2\/media\/4095"}],"wp:attachment":[{"href":"https:\/\/juliettepotin.com\/index.php\/wp-json\/wp\/v2\/media?parent=4093"}],"curies":[{"name":"wp","href":"https:\/\/api.w.org\/{rel}","templated":true}]}}