{"id":403,"date":"2018-04-15T18:01:12","date_gmt":"2018-04-15T16:01:12","guid":{"rendered":"http:\/\/juliettepotin.com\/?page_id=403"},"modified":"2022-04-01T14:11:13","modified_gmt":"2022-04-01T12:11:13","slug":"disclaimer","status":"publish","type":"page","link":"https:\/\/juliettepotin.com\/index.php\/disclaimer\/","title":{"rendered":"Disclaimer"},"content":{"rendered":"<p><span style=\"width: 100%;\"><a href=\"https:\/\/juliettepotin.com\" rel=\"\"><img decoding=\"async\" alt=\"\" width=\"91\" height=\"91\" title=\"cropped-Picto-seul-taille-reduite.jpg\" data-id=\"2843\" src=\"https:\/\/juliettepotin.com\/wp-content\/uploads\/2021\/05\/cropped-Picto-seul-taille-reduite.jpg\" style=\"\" data-width=\"91\" data-height=\"91\" data-init-width=\"512\" data-init-height=\"512\" loading=\"lazy\"><\/a><\/span><\/p>\n<h2>Juliette Potin&nbsp;<\/h2>\n<h2>Disclaimer<\/h2>\n<p>h<span style=\"font-family: Ubuntu; font-weight: 400; font-size: 18px;\">ttp:\/\/juliettepotin.com is owned and operated by and may contain advertisements, sponsored content, paid insertions, affiliate links or other forms of monetization.<\/span><\/p>\n<p><span style=\"font-size: 18px;\"><span style=\"font-weight: 400;\"><span style=\"font-family: Ubuntu;\">http:\/\/juliettepotin.com abides by word of mouth marketing standards. We believe in honesty of relationship, opinion and identity. The compensation received may influence the advertising content, topics or posts made in this blog. That content, advertising space or post will be clearly identified as paid or sponsored content.<\/span><\/span><\/span><\/p>\n<p><span style=\"font-size: 18px;\"><span style=\"font-weight: 400;\"><span style=\"font-family: Ubuntu;\">is never directly compensated to provide opinion on products, services, websites and various other topics. The views and opinions expressed on this website are purely those of the authors. If we claim or appear to be experts on a certain topic or product or service area, we will only endorse products or services that we believe, based on our expertise, are worthy of such endorsement. Any product claim, statistic, quote or other representation about a product or service should be verified with the manufacturer or provider.<\/span><\/span><\/span><\/p>\n<p><span style=\"font-size: 18px;\"><span style=\"font-weight: 400;\"><span style=\"font-family: Ubuntu;\">This site does not contain any content which might present a conflict of interest.<\/span><\/span><\/span><\/p>\n<p><span style=\"font-size: 18px;\"><span style=\"font-weight: 400;\"><span style=\"font-family: Ubuntu;\">makes no representations, warranties, or assurances as to the accuracy, currency or completeness of the content contain on this website or any sites linked to or from this site.<\/span><\/span><\/span><\/p>\n<h3><span><span style=\"font-weight: 400;\"><span style=\"font-family: Ubuntu;\">Contact<\/span><\/span><\/span><\/h3>\n<p><span style=\"font-family: Ubuntu; font-weight: 400; font-size: 18px;\">If you have any questions regarding this policy, or your dealings with our website, please contact us at: coach@juliettepotin.com<\/span><\/p>\n<p>&nbsp; &nbsp; &nbsp;\u00a9 Copyright 2018 &nbsp;| Juliette Potin | All Rights Reserved | <a href=\"http:\/\/juliettepotin.com\/index.php\/privacy-policy\/\"><span style=\"color: rgb(255, 250, 250);\">Privacy Policy<\/span><\/a><span style=\"color: rgb(255, 250, 250);\"> | <\/span><a href=\"http:\/\/juliettepotin.com\/index.php\/disclaimer\/\"><span style=\"color: rgb(255, 250, 250);\"><span style=\"color: rgb(255, 250, 250);\">Disclaimer<\/span><\/span><\/a><\/p>\n","protected":false},"excerpt":{"rendered":"<p>Juliette Potin&nbsp; Disclaimer http:\/\/juliettepotin.com is owned and operated by and may contain advertisements, sponsored content, paid insertions, affiliate links or other forms of monetization. http:\/\/juliettepotin.com abides by word of mouth [&hellip;]<\/p>\n","protected":false},"author":1,"featured_media":0,"parent":0,"menu_order":0,"comment_status":"closed","ping_status":"closed","template":"fullwidth-page.php","meta":{"_exactmetrics_skip_tracking":false,"_exactmetrics_sitenote_active":false,"_exactmetrics_sitenote_note":"","_exactmetrics_sitenote_category":0,"footnotes":"","tve_updated_post":"<div class=\"thrv_wrapper thrv_page_section\" data-tve-style=\"1\" style=\"margin-top: -30px;\">\n\t<div class=\"out\" style=\"background-color: #EAEAEA\" data-tve-custom-colour=\"61346149\">\n\t\t<div class=\"in darkSec\">\n\t\t\t<div class=\"cck tve_clearfix\">\n\t\t\t\t<p class=\"tve_p_center\" contenteditable=\"true\">Lorem ipsum dolor sit amet, consectetur adipiscing elit.\n\t\t\t\t\tNunc imperdiet sem in lorem vestibulum, eu condimentum massa tempus. Praesent sit amet odio\n\t\t\t\t\tpulvinar, lacinia ante at, tincidunt lectus. Nullam egestas bibendum ante, ut volutpat tellus\n\t\t\t\t\tfeugiat non. Morbi nec diam.<\/p>\n\t\t\t\t<div class=\"thrv_wrapper thrv_thrive_optin\" data-tve-style=\"1\" style=\"margin-bottom: 10px;\">\n\t\t\t\t\t<div class=\"thrive-shortcode-config\" style=\"display: none !important\">\n\t\t\t\t\t\t__CONFIG_optin__{\"optin\":0,\"color\":\"dark\",\"size\":\"small\",\"text\":\"Subscribe Now\",\"layout\":\"horizontal\"}__CONFIG_optin__\n\t\t\t\t\t<\/div>\n\t\t\t\t<\/div>\n\t\t\t<\/div>\n\t\t<\/div>\n\t<\/div>\n<\/div>\n<div class=\"tve_wp_shortcode thrv_wrapper\">\n\t<div class=\"tve_shortcode_raw\" style=\"display: none\">___TVE_SHORTCODE_RAW__<p>[thrive_posts_gallery title=\"Latest\n\t\t\tPosts\" no_posts=\"6\" filter=\"recent\"]<\/p>__TVE_SHORTCODE_RAW___\n\t<\/div>\n<\/div>\n<div class=\"tve_wp_shortcode thrv_wrapper\">\n\t<div class=\"tve_shortcode_raw\" style=\"display: none\">___TVE_SHORTCODE_RAW__<p>[thrive_posts_gallery title=\"Greatest\n\t\t\tHits\" no_posts=\"3\" filter=\"popular\"]<\/p>__TVE_SHORTCODE_RAW___\n\t<\/div>\n<\/div>\n<div class=\"thrv_wrapper thrv_page_section\" data-tve-style=\"1\" style=\"margin-bottom: -30px;\">\n\t<div class=\"out\" style=\"background-color: #EAEAEA\" data-tve-custom-colour=\"62350405\">\n\t\t<div class=\"in darkSec\">\n\t\t\t<div class=\"cck tve_clearfix\">\n\t\t\t\t<div style=\"width: 130px; margin-top: 0px;\" class=\"thrv_wrapper tve_image_caption alignright\">\n<span class=\"tve_image_frame\">\n<img class=\"tve_image\" alt=\"\" src=\"http:\/\/juliettepotin.com\/wp-content\/themes\/pressive\/images\/templates\/person-2-150x150.png\" style=\"width: 130px;\">\n<\/span>\n\t\t\t\t<\/div>\n\t\t\t\t<h2 class=\"\" contenteditable=\"true\">Sign Up &amp; Join Over 20,000 Happy Subscribers!<\/h2>\n\t\t\t\t<p data-default=\"Enter your text here...\" class=\"\" contenteditable=\"true\">Praesent posuere tincidunt\n\t\t\t\t\taccumsan. Suspendisse aliquet mauris consequat, rutrum sem in, varius augue. Nunc consequat nisi\n\t\t\t\t\teget consectetur euismod. Aenean ultrices ante egestas, luctus libero convallis, pretium urna.<\/p>\n\t\t\t\t<div class=\"thrv_wrapper thrv_thrive_optin\" data-tve-style=\"1\" style=\"margin-bottom: 0px;\">\n\t\t\t\t\t<div class=\"thrive-shortcode-config\" style=\"display: none !important\">\n\t\t\t\t\t\t__CONFIG_optin__{\"optin\":0,\"color\":\"dark\",\"size\":\"small\",\"text\":\"Subscribe Now\",\"layout\":\"horizontal\"}__CONFIG_optin__\n\t\t\t\t\t<\/div>\n\t\t\t\t<\/div>\n\t\t\t<\/div>\n\t\t<\/div>\n\t<\/div>\n<\/div>","tve_custom_css":"","tve_user_custom_css":"","tve_globals":{},"tcb2_ready":1,"tcb_editor_enabled":1,"tve_landing_page":"blank_v2","_tve_header":"0","_tve_footer":"0"},"class_list":["post-403","page","type-page","status-publish","hentry"],"yoast_head":"<!-- This site is optimized with the Yoast SEO plugin v27.5 - https:\/\/yoast.com\/product\/yoast-seo-wordpress\/ -->\n<title>Disclaimer - Expat coach<\/title>\n<meta name=\"robots\" content=\"index, follow, max-snippet:-1, max-image-preview:large, max-video-preview:-1\" \/>\n<link rel=\"canonical\" href=\"https:\/\/juliettepotin.com\/index.php\/disclaimer\/\" \/>\n<meta property=\"og:locale\" content=\"fr_FR\" \/>\n<meta property=\"og:type\" content=\"article\" \/>\n<meta property=\"og:title\" content=\"Disclaimer - Expat coach\" \/>\n<meta property=\"og:description\" content=\"Juliette Potin&nbsp; Disclaimer http:\/\/juliettepotin.com is owned and operated by and may contain advertisements, sponsored content, paid insertions, affiliate links or other forms of monetization. http:\/\/juliettepotin.com abides by word of mouth [&hellip;]\" \/>\n<meta property=\"og:url\" content=\"https:\/\/juliettepotin.com\/index.php\/disclaimer\/\" \/>\n<meta property=\"og:site_name\" content=\"Expat coach\" \/>\n<meta property=\"article:publisher\" content=\"https:\/\/www.facebook.com\/PotinJulietteCoach\/\" \/>\n<meta property=\"article:modified_time\" content=\"2022-04-01T12:11:13+00:00\" \/>\n<meta property=\"og:image\" content=\"https:\/\/juliettepotin.com\/wp-content\/uploads\/2021\/05\/cropped-Picto-seul-taille-reduite.jpg\" \/>\n<meta name=\"twitter:card\" content=\"summary_large_image\" \/>\n<meta name=\"twitter:label1\" content=\"Dur\u00e9e de lecture estim\u00e9e\" \/>\n\t<meta name=\"twitter:data1\" content=\"1 minute\" \/>\n<script type=\"application\/ld+json\" class=\"yoast-schema-graph\">{\"@context\":\"https:\\\/\\\/schema.org\",\"@graph\":[{\"@type\":\"WebPage\",\"@id\":\"https:\\\/\\\/juliettepotin.com\\\/index.php\\\/disclaimer\\\/\",\"url\":\"https:\\\/\\\/juliettepotin.com\\\/index.php\\\/disclaimer\\\/\",\"name\":\"Disclaimer - Expat coach\",\"isPartOf\":{\"@id\":\"https:\\\/\\\/juliettepotin.com\\\/#website\"},\"primaryImageOfPage\":{\"@id\":\"https:\\\/\\\/juliettepotin.com\\\/index.php\\\/disclaimer\\\/#primaryimage\"},\"image\":{\"@id\":\"https:\\\/\\\/juliettepotin.com\\\/index.php\\\/disclaimer\\\/#primaryimage\"},\"thumbnailUrl\":\"https:\\\/\\\/juliettepotin.com\\\/wp-content\\\/uploads\\\/2021\\\/05\\\/cropped-Picto-seul-taille-reduite.jpg\",\"datePublished\":\"2018-04-15T16:01:12+00:00\",\"dateModified\":\"2022-04-01T12:11:13+00:00\",\"breadcrumb\":{\"@id\":\"https:\\\/\\\/juliettepotin.com\\\/index.php\\\/disclaimer\\\/#breadcrumb\"},\"inLanguage\":\"fr-FR\",\"potentialAction\":[{\"@type\":\"ReadAction\",\"target\":[\"https:\\\/\\\/juliettepotin.com\\\/index.php\\\/disclaimer\\\/\"]}]},{\"@type\":\"ImageObject\",\"inLanguage\":\"fr-FR\",\"@id\":\"https:\\\/\\\/juliettepotin.com\\\/index.php\\\/disclaimer\\\/#primaryimage\",\"url\":\"https:\\\/\\\/juliettepotin.com\\\/wp-content\\\/uploads\\\/2021\\\/05\\\/cropped-Picto-seul-taille-reduite.jpg\",\"contentUrl\":\"https:\\\/\\\/juliettepotin.com\\\/wp-content\\\/uploads\\\/2021\\\/05\\\/cropped-Picto-seul-taille-reduite.jpg\",\"width\":512,\"height\":512},{\"@type\":\"BreadcrumbList\",\"@id\":\"https:\\\/\\\/juliettepotin.com\\\/index.php\\\/disclaimer\\\/#breadcrumb\",\"itemListElement\":[{\"@type\":\"ListItem\",\"position\":1,\"name\":\"Home\",\"item\":\"https:\\\/\\\/juliettepotin.com\\\/\"},{\"@type\":\"ListItem\",\"position\":2,\"name\":\"Disclaimer\"}]},{\"@type\":\"WebSite\",\"@id\":\"https:\\\/\\\/juliettepotin.com\\\/#website\",\"url\":\"https:\\\/\\\/juliettepotin.com\\\/\",\"name\":\"Expat coach\",\"description\":\"The start of a new YOU\",\"publisher\":{\"@id\":\"https:\\\/\\\/juliettepotin.com\\\/#\\\/schema\\\/person\\\/ce6521de52bc72045131c9ea6e7dea42\"},\"potentialAction\":[{\"@type\":\"SearchAction\",\"target\":{\"@type\":\"EntryPoint\",\"urlTemplate\":\"https:\\\/\\\/juliettepotin.com\\\/?s={search_term_string}\"},\"query-input\":{\"@type\":\"PropertyValueSpecification\",\"valueRequired\":true,\"valueName\":\"search_term_string\"}}],\"inLanguage\":\"fr-FR\"},{\"@type\":[\"Person\",\"Organization\"],\"@id\":\"https:\\\/\\\/juliettepotin.com\\\/#\\\/schema\\\/person\\\/ce6521de52bc72045131c9ea6e7dea42\",\"name\":\"Juliette Potin\",\"image\":{\"@type\":\"ImageObject\",\"inLanguage\":\"fr-FR\",\"@id\":\"https:\\\/\\\/juliettepotin.com\\\/wp-content\\\/uploads\\\/2023\\\/01\\\/22006D7C-5B64-4226-B2A7-B43CE0FB4C0F_1_201_a-970x1024.png\",\"url\":\"https:\\\/\\\/juliettepotin.com\\\/wp-content\\\/uploads\\\/2023\\\/01\\\/22006D7C-5B64-4226-B2A7-B43CE0FB4C0F_1_201_a-970x1024.png\",\"contentUrl\":\"https:\\\/\\\/juliettepotin.com\\\/wp-content\\\/uploads\\\/2023\\\/01\\\/22006D7C-5B64-4226-B2A7-B43CE0FB4C0F_1_201_a-970x1024.png\",\"width\":970,\"height\":1024,\"caption\":\"Juliette Potin\"},\"logo\":{\"@id\":\"https:\\\/\\\/juliettepotin.com\\\/wp-content\\\/uploads\\\/2023\\\/01\\\/22006D7C-5B64-4226-B2A7-B43CE0FB4C0F_1_201_a-970x1024.png\"},\"description\":\"Je suis Juliette Potin, coach professionnelle depuis 2018. J'ai v\u00e9cu plusieurs ann\u00e9es \u00e0 l'\u00e9tranger,notamment aux Etats-Unis o\u00f9 je me retrouve \u00e0 la maison apr\u00e8s 15 ans de postes \u00e0 responsabilit\u00e9 dans l'industrie. L'exp\u00e9rience de ne plus pouvoir me d\u00e9finir par mon statut social est d\u00e9stabilisante, celle d'avoir du temps devant moi : vertigineuse! Petit \u00e0 petit, en me reconnectant \u00e0 moi-m\u00eame et \u00e0 mes aspirations, je me suis autoris\u00e9e \u00e0 me r\u00e9-inventer. Aujourd'hui de retour en France, j'accompagne les personnes qui ont un temps mis leur carri\u00e8re entre parenth\u00e8ses, \u00e0 reprendre confiance, r\u00e9v\u00e9ler leurs talents et suivre leurs \u00e9lans pour (re)trouver une activit\u00e9 pro align\u00e9e avec qui elles sont.\",\"sameAs\":[\"https:\\\/\\\/www.facebook.com\\\/PotinJulietteCoach\\\/\",\"https:\\\/\\\/www.linkedin.com\\\/in\\\/juliette-potin-expat-coach\\\/\"]}]}<\/script>\n<!-- \/ Yoast SEO plugin. -->","yoast_head_json":{"title":"Disclaimer - Expat coach","robots":{"index":"index","follow":"follow","max-snippet":"max-snippet:-1","max-image-preview":"max-image-preview:large","max-video-preview":"max-video-preview:-1"},"canonical":"https:\/\/juliettepotin.com\/index.php\/disclaimer\/","og_locale":"fr_FR","og_type":"article","og_title":"Disclaimer - Expat coach","og_description":"Juliette Potin&nbsp; Disclaimer http:\/\/juliettepotin.com is owned and operated by and may contain advertisements, sponsored content, paid insertions, affiliate links or other forms of monetization. http:\/\/juliettepotin.com abides by word of mouth [&hellip;]","og_url":"https:\/\/juliettepotin.com\/index.php\/disclaimer\/","og_site_name":"Expat coach","article_publisher":"https:\/\/www.facebook.com\/PotinJulietteCoach\/","article_modified_time":"2022-04-01T12:11:13+00:00","og_image":[{"url":"https:\/\/juliettepotin.com\/wp-content\/uploads\/2021\/05\/cropped-Picto-seul-taille-reduite.jpg","type":"","width":"","height":""}],"twitter_card":"summary_large_image","twitter_misc":{"Dur\u00e9e de lecture estim\u00e9e":"1 minute"},"schema":{"@context":"https:\/\/schema.org","@graph":[{"@type":"WebPage","@id":"https:\/\/juliettepotin.com\/index.php\/disclaimer\/","url":"https:\/\/juliettepotin.com\/index.php\/disclaimer\/","name":"Disclaimer - Expat coach","isPartOf":{"@id":"https:\/\/juliettepotin.com\/#website"},"primaryImageOfPage":{"@id":"https:\/\/juliettepotin.com\/index.php\/disclaimer\/#primaryimage"},"image":{"@id":"https:\/\/juliettepotin.com\/index.php\/disclaimer\/#primaryimage"},"thumbnailUrl":"https:\/\/juliettepotin.com\/wp-content\/uploads\/2021\/05\/cropped-Picto-seul-taille-reduite.jpg","datePublished":"2018-04-15T16:01:12+00:00","dateModified":"2022-04-01T12:11:13+00:00","breadcrumb":{"@id":"https:\/\/juliettepotin.com\/index.php\/disclaimer\/#breadcrumb"},"inLanguage":"fr-FR","potentialAction":[{"@type":"ReadAction","target":["https:\/\/juliettepotin.com\/index.php\/disclaimer\/"]}]},{"@type":"ImageObject","inLanguage":"fr-FR","@id":"https:\/\/juliettepotin.com\/index.php\/disclaimer\/#primaryimage","url":"https:\/\/juliettepotin.com\/wp-content\/uploads\/2021\/05\/cropped-Picto-seul-taille-reduite.jpg","contentUrl":"https:\/\/juliettepotin.com\/wp-content\/uploads\/2021\/05\/cropped-Picto-seul-taille-reduite.jpg","width":512,"height":512},{"@type":"BreadcrumbList","@id":"https:\/\/juliettepotin.com\/index.php\/disclaimer\/#breadcrumb","itemListElement":[{"@type":"ListItem","position":1,"name":"Home","item":"https:\/\/juliettepotin.com\/"},{"@type":"ListItem","position":2,"name":"Disclaimer"}]},{"@type":"WebSite","@id":"https:\/\/juliettepotin.com\/#website","url":"https:\/\/juliettepotin.com\/","name":"Expat coach","description":"The start of a new YOU","publisher":{"@id":"https:\/\/juliettepotin.com\/#\/schema\/person\/ce6521de52bc72045131c9ea6e7dea42"},"potentialAction":[{"@type":"SearchAction","target":{"@type":"EntryPoint","urlTemplate":"https:\/\/juliettepotin.com\/?s={search_term_string}"},"query-input":{"@type":"PropertyValueSpecification","valueRequired":true,"valueName":"search_term_string"}}],"inLanguage":"fr-FR"},{"@type":["Person","Organization"],"@id":"https:\/\/juliettepotin.com\/#\/schema\/person\/ce6521de52bc72045131c9ea6e7dea42","name":"Juliette Potin","image":{"@type":"ImageObject","inLanguage":"fr-FR","@id":"https:\/\/juliettepotin.com\/wp-content\/uploads\/2023\/01\/22006D7C-5B64-4226-B2A7-B43CE0FB4C0F_1_201_a-970x1024.png","url":"https:\/\/juliettepotin.com\/wp-content\/uploads\/2023\/01\/22006D7C-5B64-4226-B2A7-B43CE0FB4C0F_1_201_a-970x1024.png","contentUrl":"https:\/\/juliettepotin.com\/wp-content\/uploads\/2023\/01\/22006D7C-5B64-4226-B2A7-B43CE0FB4C0F_1_201_a-970x1024.png","width":970,"height":1024,"caption":"Juliette Potin"},"logo":{"@id":"https:\/\/juliettepotin.com\/wp-content\/uploads\/2023\/01\/22006D7C-5B64-4226-B2A7-B43CE0FB4C0F_1_201_a-970x1024.png"},"description":"Je suis Juliette Potin, coach professionnelle depuis 2018. J'ai v\u00e9cu plusieurs ann\u00e9es \u00e0 l'\u00e9tranger,notamment aux Etats-Unis o\u00f9 je me retrouve \u00e0 la maison apr\u00e8s 15 ans de postes \u00e0 responsabilit\u00e9 dans l'industrie. L'exp\u00e9rience de ne plus pouvoir me d\u00e9finir par mon statut social est d\u00e9stabilisante, celle d'avoir du temps devant moi : vertigineuse! Petit \u00e0 petit, en me reconnectant \u00e0 moi-m\u00eame et \u00e0 mes aspirations, je me suis autoris\u00e9e \u00e0 me r\u00e9-inventer. Aujourd'hui de retour en France, j'accompagne les personnes qui ont un temps mis leur carri\u00e8re entre parenth\u00e8ses, \u00e0 reprendre confiance, r\u00e9v\u00e9ler leurs talents et suivre leurs \u00e9lans pour (re)trouver une activit\u00e9 pro align\u00e9e avec qui elles sont.","sameAs":["https:\/\/www.facebook.com\/PotinJulietteCoach\/","https:\/\/www.linkedin.com\/in\/juliette-potin-expat-coach\/"]}]}},"_links":{"self":[{"href":"https:\/\/juliettepotin.com\/index.php\/wp-json\/wp\/v2\/pages\/403","targetHints":{"allow":["GET"]}}],"collection":[{"href":"https:\/\/juliettepotin.com\/index.php\/wp-json\/wp\/v2\/pages"}],"about":[{"href":"https:\/\/juliettepotin.com\/index.php\/wp-json\/wp\/v2\/types\/page"}],"author":[{"embeddable":true,"href":"https:\/\/juliettepotin.com\/index.php\/wp-json\/wp\/v2\/users\/1"}],"replies":[{"embeddable":true,"href":"https:\/\/juliettepotin.com\/index.php\/wp-json\/wp\/v2\/comments?post=403"}],"version-history":[{"count":0,"href":"https:\/\/juliettepotin.com\/index.php\/wp-json\/wp\/v2\/pages\/403\/revisions"}],"wp:attachment":[{"href":"https:\/\/juliettepotin.com\/index.php\/wp-json\/wp\/v2\/media?parent=403"}],"curies":[{"name":"wp","href":"https:\/\/api.w.org\/{rel}","templated":true}]}}