{"id":376,"date":"2018-04-15T17:23:18","date_gmt":"2018-04-15T15:23:18","guid":{"rendered":"http:\/\/juliettepotin.com\/?page_id=376"},"modified":"2024-02-06T17:28:46","modified_gmt":"2024-02-06T16:28:46","slug":"mentions-legales","status":"publish","type":"page","link":"https:\/\/juliettepotin.com\/index.php\/mentions-legales\/","title":{"rendered":"Mentions l\u00e9gales"},"content":{"rendered":"<p><span style=\"width: 100%;\"><a href=\"https:\/\/juliettepotin.com\" rel=\"\"><img decoding=\"async\" alt=\"\" width=\"91\" height=\"91\" title=\"cropped-Picto-seul-taille-reduite.jpg\" data-id=\"2843\" src=\"https:\/\/juliettepotin.com\/wp-content\/uploads\/2021\/05\/cropped-Picto-seul-taille-reduite.jpg?x55926\" style=\"aspect-ratio: auto 512 \/ 512;\" data-width=\"91\" data-height=\"91\" data-init-width=\"512\" data-init-height=\"512\" loading=\"lazy\"><\/a><\/span><\/p>\n<h2>Juliette Potin&nbsp;<\/h2>\n<h2>Mentions l\u00e9gales<\/h2>\n<p>&nbsp;Conform\u00e9ment aux dispositions des articles 6-III et 19 de la Loi n\u00b0 2004-575 du 21 juin 2004 pour la Confiance dans l\u2019\u00e9conomie num\u00e9rique, dite L.C.E.N., nous portons \u00e0 la connaissance des utilisateurs et visiteurs du site : www.juliettepotin.com les informations suivantes :<\/p>\n<p>1. Informations l\u00e9gales :<\/p>\n<p>Propri\u00e9taire du site www.juliettepotin.com : Mme Juliette Potin , 10 all\u00e9e des tilleuls, 69300 Caluire-et-Cuire<\/p>\n<p>Statut administratif et facturation : Mme Juliette Potin exerce son activit\u00e9 sous le statut juridique d&rsquo;entreprise individuelle. SIRET 84512641600013<\/p>\n<p>Tel : 0686945876 \/ Mail : coach@juliettepotin.com<\/p>\n<p>Cr\u00e9ateur du site: Juliette Potin, Designed by Thrive Themes, &nbsp;Powered by WordPress, H\u00e9bergement : OVH<\/p>\n<p><span style=\"font-weight: 400;\"><span style=\"font-family: Ubuntu;\">2. Propri\u00e9t\u00e9 intellectuelle :<\/span><\/span><\/p>\n<p><span style=\"font-weight: 400;\"><span style=\"font-family: Ubuntu;\">Mme Juliette Potin est propri\u00e9taire exclusif de tous les droits de propri\u00e9t\u00e9 intellectuelle ou d\u00e9tient les droits d\u2019usage sur tous les \u00e9l\u00e9ments accessibles sur le site, tant sur la structure que sur les textes, images, graphismes, logo, ic\u00f4nes, sons, logiciels\u2026Toute reproduction totale ou partielle du site www.juliettepotin.com, repr\u00e9sentation, modification, publication, adaptation totale ou partielle de l\u2019un quelconque de ces \u00e9l\u00e9ments, quel que soit le moyen ou le proc\u00e9d\u00e9 utilis\u00e9, est interdite, sauf autorisation \u00e9crite pr\u00e9alable de Juliette Potin, propri\u00e9taire du site \u00e0 l\u2019email : coach@juliettepotin.com, \u00e0 d\u00e9faut elle sera consid\u00e9r\u00e9e comme constitutive d\u2019une contrefa\u00e7on et passible de poursuite conform\u00e9ment aux dispositions des articles L.335-2 et suivants du Code de Propri\u00e9t\u00e9 Intellectuelle.<\/span><\/span><\/p>\n<p><span style=\"font-weight: 400;\"><span style=\"font-family: Ubuntu;\">3. Liens hypertextes et cookies :<\/span><\/span><\/p>\n<p><span style=\"font-weight: 400;\"><span style=\"font-family: Ubuntu;\">Le site www.juliettepotin.com contient un certain nombre de liens hypertextes vers d\u2019autres sites (partenaires, informations \u2026) Cependant, Juliette Potin n\u2019a pas la possibilit\u00e9 de v\u00e9rifier l\u2019ensemble du contenu des sites ainsi visit\u00e9s et d\u00e9cline donc toute responsabilit\u00e9 de ce fait quand aux risques \u00e9ventuels de contenus illicites.L\u2019utilisateur est inform\u00e9 que lors de ses visites sur le site &nbsp;www.juliettepotin.com, un ou des cookies sont susceptibles de s\u2019installer automatiquement sur son ordinateur par l\u2019interm\u00e9diaire de son logiciel de navigation. Un cookie est un bloc de donn\u00e9es qui ne permet pas d\u2019identifier l\u2019utilisateur, mais qui enregistre des informations relatives \u00e0 la navigation de celui-ci sur le site. Le param\u00e9trage du logiciel de navigation permet d\u2019informer de la pr\u00e9sence de cookie et \u00e9ventuellement, de la refuser de la mani\u00e8re d\u00e9crite \u00e0 l\u2019adresse suivante : www.cnil.fr. L\u2019utilisateur peut toutefois configurer le navigateur de son ordinateur pour refuser l\u2019installation des cookies, sachant que le refus d\u2019installation d\u2019un cookie peut entra\u00eener l\u2019impossibilit\u00e9 d\u2019acc\u00e9der \u00e0 certains services. Pour tout bloquage des cookies, tapez dans votre moteur de recherche : bloquage des cookies sous IE ou firefox et suivez les instructions en fonction de votre version.<\/span><\/span><\/p>\n<p><span style=\"font-weight: 400;\"><span style=\"font-family: Ubuntu;\">4. Protection des biens et des personnes \u2013 gestion des donn\u00e9es personnelles :<\/span><\/span><\/p>\n<p><span style=\"font-weight: 400;\"><span style=\"font-family: Ubuntu;\">En France, les donn\u00e9es personnelles sont notamment prot\u00e9g\u00e9es par la loi n\u00b0 78-87 du 6 janvier 1978, la loi n\u00b0 2004-801 du 6 ao\u00fbt 2004, l\u2019article L. 226-13 du Code p\u00e9nal et la Directive Europ\u00e9enne du 24 octobre 1995.<\/span><\/span><\/p>\n<p><span style=\"font-weight: 400;\"><span style=\"font-family: Ubuntu;\">Sur le site www.juliettepotin.com, Juliette Potin ne collecte des informations personnelles ( suivant l\u2019article 4 loi n\u00b078-17 du 06 janvier 1978) relatives \u00e0 l\u2019utilisateur que pour le besoin de certains services propos\u00e9s par le site &nbsp;www.juliettepotin.com. L\u2019utilisateur fournit ces informations en toute connaissance de cause, notamment lorsqu\u2019il proc\u00e8de par lui-m\u00eame \u00e0 leur saisie. Il est alors pr\u00e9cis\u00e9 \u00e0 l\u2019utilisateur du site &nbsp;www.juliettepotin.com l\u2019obligation ou non de fournir ces informations.Conform\u00e9ment aux dispositions des articles 38 et suivants de la loi 78-17 du 6 janvier 1978 relative \u00e0 l\u2019informatique, aux fichiers et aux libert\u00e9s, tout utilisateur dispose d\u2019un droit d\u2019acc\u00e8s, de rectification, de suppression et d\u2019opposition aux donn\u00e9es personnelles le concernant. Pour l\u2019exercer, adressez votre demande \u00e0 &nbsp;www.juliettepotin.com par email : &nbsp;coach@juliettepotin.com ou par \u00e9crit d\u00fbment sign\u00e9e, accompagn\u00e9e d\u2019une copie du titre d\u2019identit\u00e9 avec signature du titulaire de la pi\u00e8ce, en pr\u00e9cisant l\u2019adresse \u00e0 laquelle la r\u00e9ponse doit \u00eatre envoy\u00e9e.<\/span><\/span><\/p>\n<p><span style=\"font-weight: 400;\"><span style=\"font-family: Ubuntu;\">Aucune information personnelle de l\u2019utilisateur du site &nbsp;www.juliettepotin.com n\u2019est publi\u00e9e \u00e0 l\u2019insu de l\u2019utilisateur, \u00e9chang\u00e9e, transf\u00e9r\u00e9e, c\u00e9d\u00e9e ou vendue sur un support quelconque \u00e0 des tiers. Seule l\u2019hypoth\u00e8se du rachat du site &nbsp;www.juliettepotin.com et de ses droits autorise Juliette Potin \u00e0 transmettre les dites informations \u00e0 l\u2019\u00e9ventuel acqu\u00e9reur qui serait \u00e0 son tour tenu \u00e0 la m\u00eame obligation de conservation et de modification des donn\u00e9es vis \u00e0 vis de l\u2019utilisateur du site &nbsp;www.juliettepotin.com.Le site &nbsp;www.juliettepotin.com est en conformit\u00e9 avec le RGPD: <\/span><\/span><a href=\"https:\/\/juliettepotin.com\/index.php\/politique-confidentialite\/\" target=\"_blank\" style=\"outline: none;\" rel=\"noopener\"><span style=\"font-weight: 400;\"><span style=\"font-family: Ubuntu;\">politique de confidentialit\u00e9 (standard RGPD)<\/span><\/span><\/a><span style=\"font-weight: 400;\"><span style=\"font-family: Ubuntu;\">&nbsp;<\/span><\/span><\/p>\n<p><span style=\"font-weight: 400;\"><span style=\"font-family: Ubuntu;\">Les bases de donn\u00e9es sont prot\u00e9g\u00e9es par les dispositions de la loi du 1er juillet 1998 transposant la directive 96\/9 du 11 mars 1996 relative \u00e0 la protection juridique des bases de donn\u00e9es.<\/span><\/span><\/p>\n<p>&nbsp; &nbsp; &nbsp;\u00a9 Copyright 2018 &nbsp;| Juliette Potin | All Rights Reserved | <a href=\"http:\/\/juliettepotin.com\/index.php\/mentions-legales\/\" target=\"_blank\" rel=\"noopener\"><span style=\"color: rgb(255, 250, 250);\">Mentions l\u00e9gales<\/span><\/a><\/p>\n","protected":false},"excerpt":{"rendered":"<p>Juliette Potin&nbsp; Mentions l\u00e9gales &nbsp;Conform\u00e9ment aux dispositions des articles 6-III et 19 de la Loi n\u00b0 2004-575 du 21 juin 2004 pour la Confiance dans l\u2019\u00e9conomie num\u00e9rique, dite L.C.E.N., nous [&hellip;]<\/p>\n","protected":false},"author":1,"featured_media":0,"parent":0,"menu_order":0,"comment_status":"closed","ping_status":"closed","template":"fullwidth-page.php","meta":{"_exactmetrics_skip_tracking":false,"_exactmetrics_sitenote_active":false,"_exactmetrics_sitenote_note":"","_exactmetrics_sitenote_category":0,"footnotes":""},"class_list":["post-376","page","type-page","status-publish","hentry"],"yoast_head":"<!-- This site is optimized with the Yoast SEO plugin v27.4 - https:\/\/yoast.com\/product\/yoast-seo-wordpress\/ -->\n<title>Mentions l\u00e9gales - Expat coach<\/title>\n<meta name=\"robots\" content=\"index, follow, max-snippet:-1, max-image-preview:large, max-video-preview:-1\" \/>\n<link rel=\"canonical\" href=\"https:\/\/juliettepotin.com\/index.php\/mentions-legales\/\" \/>\n<meta property=\"og:locale\" content=\"fr_FR\" \/>\n<meta property=\"og:type\" content=\"article\" \/>\n<meta property=\"og:title\" content=\"Mentions l\u00e9gales - Expat coach\" \/>\n<meta property=\"og:description\" content=\"Juliette Potin&nbsp; Mentions l\u00e9gales &nbsp;Conform\u00e9ment aux dispositions des articles 6-III et 19 de la Loi n\u00b0 2004-575 du 21 juin 2004 pour la Confiance dans l\u2019\u00e9conomie num\u00e9rique, dite L.C.E.N., nous [&hellip;]\" \/>\n<meta property=\"og:url\" content=\"https:\/\/juliettepotin.com\/index.php\/mentions-legales\/\" \/>\n<meta property=\"og:site_name\" content=\"Expat coach\" \/>\n<meta property=\"article:publisher\" content=\"https:\/\/www.facebook.com\/PotinJulietteCoach\/\" \/>\n<meta property=\"article:modified_time\" content=\"2024-02-06T16:28:46+00:00\" \/>\n<meta property=\"og:image\" content=\"https:\/\/juliettepotin.com\/wp-content\/uploads\/2021\/05\/cropped-Picto-seul-taille-reduite.jpg?x55926\" \/>\n<meta name=\"twitter:card\" content=\"summary_large_image\" \/>\n<meta name=\"twitter:label1\" content=\"Dur\u00e9e de lecture estim\u00e9e\" \/>\n\t<meta name=\"twitter:data1\" content=\"4 minutes\" \/>\n<script type=\"application\/ld+json\" class=\"yoast-schema-graph\">{\"@context\":\"https:\\\/\\\/schema.org\",\"@graph\":[{\"@type\":\"WebPage\",\"@id\":\"https:\\\/\\\/juliettepotin.com\\\/index.php\\\/mentions-legales\\\/\",\"url\":\"https:\\\/\\\/juliettepotin.com\\\/index.php\\\/mentions-legales\\\/\",\"name\":\"Mentions l\u00e9gales - Expat coach\",\"isPartOf\":{\"@id\":\"https:\\\/\\\/juliettepotin.com\\\/#website\"},\"primaryImageOfPage\":{\"@id\":\"https:\\\/\\\/juliettepotin.com\\\/index.php\\\/mentions-legales\\\/#primaryimage\"},\"image\":{\"@id\":\"https:\\\/\\\/juliettepotin.com\\\/index.php\\\/mentions-legales\\\/#primaryimage\"},\"thumbnailUrl\":\"https:\\\/\\\/juliettepotin.com\\\/wp-content\\\/uploads\\\/2021\\\/05\\\/cropped-Picto-seul-taille-reduite.jpg?x55926\",\"datePublished\":\"2018-04-15T15:23:18+00:00\",\"dateModified\":\"2024-02-06T16:28:46+00:00\",\"breadcrumb\":{\"@id\":\"https:\\\/\\\/juliettepotin.com\\\/index.php\\\/mentions-legales\\\/#breadcrumb\"},\"inLanguage\":\"fr-FR\",\"potentialAction\":[{\"@type\":\"ReadAction\",\"target\":[\"https:\\\/\\\/juliettepotin.com\\\/index.php\\\/mentions-legales\\\/\"]}]},{\"@type\":\"ImageObject\",\"inLanguage\":\"fr-FR\",\"@id\":\"https:\\\/\\\/juliettepotin.com\\\/index.php\\\/mentions-legales\\\/#primaryimage\",\"url\":\"https:\\\/\\\/juliettepotin.com\\\/wp-content\\\/uploads\\\/2021\\\/05\\\/cropped-Picto-seul-taille-reduite.jpg\",\"contentUrl\":\"https:\\\/\\\/juliettepotin.com\\\/wp-content\\\/uploads\\\/2021\\\/05\\\/cropped-Picto-seul-taille-reduite.jpg\",\"width\":512,\"height\":512},{\"@type\":\"BreadcrumbList\",\"@id\":\"https:\\\/\\\/juliettepotin.com\\\/index.php\\\/mentions-legales\\\/#breadcrumb\",\"itemListElement\":[{\"@type\":\"ListItem\",\"position\":1,\"name\":\"Home\",\"item\":\"https:\\\/\\\/juliettepotin.com\\\/\"},{\"@type\":\"ListItem\",\"position\":2,\"name\":\"Mentions l\u00e9gales\"}]},{\"@type\":\"WebSite\",\"@id\":\"https:\\\/\\\/juliettepotin.com\\\/#website\",\"url\":\"https:\\\/\\\/juliettepotin.com\\\/\",\"name\":\"Expat coach\",\"description\":\"The start of a new YOU\",\"publisher\":{\"@id\":\"https:\\\/\\\/juliettepotin.com\\\/#\\\/schema\\\/person\\\/ce6521de52bc72045131c9ea6e7dea42\"},\"potentialAction\":[{\"@type\":\"SearchAction\",\"target\":{\"@type\":\"EntryPoint\",\"urlTemplate\":\"https:\\\/\\\/juliettepotin.com\\\/?s={search_term_string}\"},\"query-input\":{\"@type\":\"PropertyValueSpecification\",\"valueRequired\":true,\"valueName\":\"search_term_string\"}}],\"inLanguage\":\"fr-FR\"},{\"@type\":[\"Person\",\"Organization\"],\"@id\":\"https:\\\/\\\/juliettepotin.com\\\/#\\\/schema\\\/person\\\/ce6521de52bc72045131c9ea6e7dea42\",\"name\":\"Juliette Potin\",\"image\":{\"@type\":\"ImageObject\",\"inLanguage\":\"fr-FR\",\"@id\":\"https:\\\/\\\/juliettepotin.com\\\/wp-content\\\/uploads\\\/2023\\\/01\\\/22006D7C-5B64-4226-B2A7-B43CE0FB4C0F_1_201_a-970x1024.png\",\"url\":\"https:\\\/\\\/juliettepotin.com\\\/wp-content\\\/uploads\\\/2023\\\/01\\\/22006D7C-5B64-4226-B2A7-B43CE0FB4C0F_1_201_a-970x1024.png\",\"contentUrl\":\"https:\\\/\\\/juliettepotin.com\\\/wp-content\\\/uploads\\\/2023\\\/01\\\/22006D7C-5B64-4226-B2A7-B43CE0FB4C0F_1_201_a-970x1024.png\",\"width\":970,\"height\":1024,\"caption\":\"Juliette Potin\"},\"logo\":{\"@id\":\"https:\\\/\\\/juliettepotin.com\\\/wp-content\\\/uploads\\\/2023\\\/01\\\/22006D7C-5B64-4226-B2A7-B43CE0FB4C0F_1_201_a-970x1024.png\"},\"description\":\"Je suis Juliette Potin, coach professionnelle depuis 2018. J'ai v\u00e9cu plusieurs ann\u00e9es \u00e0 l'\u00e9tranger,notamment aux Etats-Unis o\u00f9 je me retrouve \u00e0 la maison apr\u00e8s 15 ans de postes \u00e0 responsabilit\u00e9 dans l'industrie. L'exp\u00e9rience de ne plus pouvoir me d\u00e9finir par mon statut social est d\u00e9stabilisante, celle d'avoir du temps devant moi : vertigineuse! Petit \u00e0 petit, en me reconnectant \u00e0 moi-m\u00eame et \u00e0 mes aspirations, je me suis autoris\u00e9e \u00e0 me r\u00e9-inventer. Aujourd'hui de retour en France, j'accompagne les personnes qui ont un temps mis leur carri\u00e8re entre parenth\u00e8ses, \u00e0 reprendre confiance, r\u00e9v\u00e9ler leurs talents et suivre leurs \u00e9lans pour (re)trouver une activit\u00e9 pro align\u00e9e avec qui elles sont.\",\"sameAs\":[\"https:\\\/\\\/www.facebook.com\\\/PotinJulietteCoach\\\/\",\"https:\\\/\\\/www.linkedin.com\\\/in\\\/juliette-potin-expat-coach\\\/\"]}]}<\/script>\n<!-- \/ Yoast SEO plugin. -->","yoast_head_json":{"title":"Mentions l\u00e9gales - Expat coach","robots":{"index":"index","follow":"follow","max-snippet":"max-snippet:-1","max-image-preview":"max-image-preview:large","max-video-preview":"max-video-preview:-1"},"canonical":"https:\/\/juliettepotin.com\/index.php\/mentions-legales\/","og_locale":"fr_FR","og_type":"article","og_title":"Mentions l\u00e9gales - Expat coach","og_description":"Juliette Potin&nbsp; Mentions l\u00e9gales &nbsp;Conform\u00e9ment aux dispositions des articles 6-III et 19 de la Loi n\u00b0 2004-575 du 21 juin 2004 pour la Confiance dans l\u2019\u00e9conomie num\u00e9rique, dite L.C.E.N., nous [&hellip;]","og_url":"https:\/\/juliettepotin.com\/index.php\/mentions-legales\/","og_site_name":"Expat coach","article_publisher":"https:\/\/www.facebook.com\/PotinJulietteCoach\/","article_modified_time":"2024-02-06T16:28:46+00:00","og_image":[{"url":"https:\/\/juliettepotin.com\/wp-content\/uploads\/2021\/05\/cropped-Picto-seul-taille-reduite.jpg?x55926","type":"","width":"","height":""}],"twitter_card":"summary_large_image","twitter_misc":{"Dur\u00e9e de lecture estim\u00e9e":"4 minutes"},"schema":{"@context":"https:\/\/schema.org","@graph":[{"@type":"WebPage","@id":"https:\/\/juliettepotin.com\/index.php\/mentions-legales\/","url":"https:\/\/juliettepotin.com\/index.php\/mentions-legales\/","name":"Mentions l\u00e9gales - Expat coach","isPartOf":{"@id":"https:\/\/juliettepotin.com\/#website"},"primaryImageOfPage":{"@id":"https:\/\/juliettepotin.com\/index.php\/mentions-legales\/#primaryimage"},"image":{"@id":"https:\/\/juliettepotin.com\/index.php\/mentions-legales\/#primaryimage"},"thumbnailUrl":"https:\/\/juliettepotin.com\/wp-content\/uploads\/2021\/05\/cropped-Picto-seul-taille-reduite.jpg?x55926","datePublished":"2018-04-15T15:23:18+00:00","dateModified":"2024-02-06T16:28:46+00:00","breadcrumb":{"@id":"https:\/\/juliettepotin.com\/index.php\/mentions-legales\/#breadcrumb"},"inLanguage":"fr-FR","potentialAction":[{"@type":"ReadAction","target":["https:\/\/juliettepotin.com\/index.php\/mentions-legales\/"]}]},{"@type":"ImageObject","inLanguage":"fr-FR","@id":"https:\/\/juliettepotin.com\/index.php\/mentions-legales\/#primaryimage","url":"https:\/\/juliettepotin.com\/wp-content\/uploads\/2021\/05\/cropped-Picto-seul-taille-reduite.jpg","contentUrl":"https:\/\/juliettepotin.com\/wp-content\/uploads\/2021\/05\/cropped-Picto-seul-taille-reduite.jpg","width":512,"height":512},{"@type":"BreadcrumbList","@id":"https:\/\/juliettepotin.com\/index.php\/mentions-legales\/#breadcrumb","itemListElement":[{"@type":"ListItem","position":1,"name":"Home","item":"https:\/\/juliettepotin.com\/"},{"@type":"ListItem","position":2,"name":"Mentions l\u00e9gales"}]},{"@type":"WebSite","@id":"https:\/\/juliettepotin.com\/#website","url":"https:\/\/juliettepotin.com\/","name":"Expat coach","description":"The start of a new YOU","publisher":{"@id":"https:\/\/juliettepotin.com\/#\/schema\/person\/ce6521de52bc72045131c9ea6e7dea42"},"potentialAction":[{"@type":"SearchAction","target":{"@type":"EntryPoint","urlTemplate":"https:\/\/juliettepotin.com\/?s={search_term_string}"},"query-input":{"@type":"PropertyValueSpecification","valueRequired":true,"valueName":"search_term_string"}}],"inLanguage":"fr-FR"},{"@type":["Person","Organization"],"@id":"https:\/\/juliettepotin.com\/#\/schema\/person\/ce6521de52bc72045131c9ea6e7dea42","name":"Juliette Potin","image":{"@type":"ImageObject","inLanguage":"fr-FR","@id":"https:\/\/juliettepotin.com\/wp-content\/uploads\/2023\/01\/22006D7C-5B64-4226-B2A7-B43CE0FB4C0F_1_201_a-970x1024.png","url":"https:\/\/juliettepotin.com\/wp-content\/uploads\/2023\/01\/22006D7C-5B64-4226-B2A7-B43CE0FB4C0F_1_201_a-970x1024.png","contentUrl":"https:\/\/juliettepotin.com\/wp-content\/uploads\/2023\/01\/22006D7C-5B64-4226-B2A7-B43CE0FB4C0F_1_201_a-970x1024.png","width":970,"height":1024,"caption":"Juliette Potin"},"logo":{"@id":"https:\/\/juliettepotin.com\/wp-content\/uploads\/2023\/01\/22006D7C-5B64-4226-B2A7-B43CE0FB4C0F_1_201_a-970x1024.png"},"description":"Je suis Juliette Potin, coach professionnelle depuis 2018. J'ai v\u00e9cu plusieurs ann\u00e9es \u00e0 l'\u00e9tranger,notamment aux Etats-Unis o\u00f9 je me retrouve \u00e0 la maison apr\u00e8s 15 ans de postes \u00e0 responsabilit\u00e9 dans l'industrie. L'exp\u00e9rience de ne plus pouvoir me d\u00e9finir par mon statut social est d\u00e9stabilisante, celle d'avoir du temps devant moi : vertigineuse! Petit \u00e0 petit, en me reconnectant \u00e0 moi-m\u00eame et \u00e0 mes aspirations, je me suis autoris\u00e9e \u00e0 me r\u00e9-inventer. Aujourd'hui de retour en France, j'accompagne les personnes qui ont un temps mis leur carri\u00e8re entre parenth\u00e8ses, \u00e0 reprendre confiance, r\u00e9v\u00e9ler leurs talents et suivre leurs \u00e9lans pour (re)trouver une activit\u00e9 pro align\u00e9e avec qui elles sont.","sameAs":["https:\/\/www.facebook.com\/PotinJulietteCoach\/","https:\/\/www.linkedin.com\/in\/juliette-potin-expat-coach\/"]}]}},"_links":{"self":[{"href":"https:\/\/juliettepotin.com\/index.php\/wp-json\/wp\/v2\/pages\/376","targetHints":{"allow":["GET"]}}],"collection":[{"href":"https:\/\/juliettepotin.com\/index.php\/wp-json\/wp\/v2\/pages"}],"about":[{"href":"https:\/\/juliettepotin.com\/index.php\/wp-json\/wp\/v2\/types\/page"}],"author":[{"embeddable":true,"href":"https:\/\/juliettepotin.com\/index.php\/wp-json\/wp\/v2\/users\/1"}],"replies":[{"embeddable":true,"href":"https:\/\/juliettepotin.com\/index.php\/wp-json\/wp\/v2\/comments?post=376"}],"version-history":[{"count":0,"href":"https:\/\/juliettepotin.com\/index.php\/wp-json\/wp\/v2\/pages\/376\/revisions"}],"wp:attachment":[{"href":"https:\/\/juliettepotin.com\/index.php\/wp-json\/wp\/v2\/media?parent=376"}],"curies":[{"name":"wp","href":"https:\/\/api.w.org\/{rel}","templated":true}]}}