{"id":3089,"date":"2022-09-28T18:25:10","date_gmt":"2022-09-28T16:25:10","guid":{"rendered":"https:\/\/juliettepotin.com\/?page_id=3089"},"modified":"2023-01-19T17:52:46","modified_gmt":"2023-01-19T16:52:46","slug":"intelligence-interculturelle","status":"publish","type":"page","link":"https:\/\/juliettepotin.com\/index.php\/faites-de-votre-experience-a-letranger-le-tournant-de-votre-vie\/intelligence-interculturelle\/","title":{"rendered":"Intelligence interculturelle"},"content":{"rendered":"<p><span style=\"width: 100%;\"><a href=\"https:\/\/juliettepotin.com\" rel=\"\"><img loading=\"lazy\" decoding=\"async\" alt=\"\" width=\"2235\" height=\"690\" title=\"Juliette Potin Expat coach\" data-id=\"1848\" src=\"https:\/\/juliettepotin.com\/wp-content\/uploads\/2019\/07\/Version-2-lignes-1.jpg?x96125\" style=\"\"><\/a><\/span><\/p>\n<h1 style=\"text-align: center;\"><span><span>D\u00e9veloppez votre intelligence interculturelle<\/span><\/span><\/h1>\n<p style=\"\">Dans un monde globalis\u00e9 o\u00f9 l\u2019on interagit \u00e0 distance avec ses coll\u00e8gues \u00e9trangers, les fronti\u00e8res entre les cultures sont devenues invisibles. Mais les diff\u00e9rences culturelles sont toujours l\u00e0 !<\/p>\n<p style=\"\">Lorsqu\u2019on observe un \u00e9tranger avec le filtre de sa propre culture, on prend le risque de mal interpr\u00e9ter ce que l\u2019on voit, de ne pas comprendre ce qui a voulu \u00eatre dit et de juger trop rapidement ce qui est fait.<\/p>\n<p style=\"\">Vous avez un coll\u00e8gue ou un collaborateur \u00e9tranger que vous trouvez \u00ab trop \u00bb ou \u00ab pas assez \u00bb ? trop arrogant \/ trop timide \/ pas franc \/ pas fiable \/ trop press\u00e9 ? Et si ce trait de caract\u00e8re avait en r\u00e9alit\u00e9 une explication culturelle ? Et si le fait de d\u00e9coder cette diff\u00e9rence culturelle vous permettait de mieux travailler avec lui ?<\/p>\n<p style=\"\">Peut-\u00eatre vous demandez vous comment \u00eatre assur\u00e9 d\u2019\u00eatre compris ? Exprimer votre d\u00e9saccord sans blesser ? Convaincre un partenaire \u00e9tranger ? Bienvenue dans le monde passionnant de l\u2019intelligence interculturelle !&nbsp;<\/p>\n<p><span style=\"width: 100%;\"><a href=\"https:\/\/www.facebook.com\/PotinJulietteCoach\/\" target=\"_blank\" rel=\"noopener\"><img loading=\"lazy\" decoding=\"async\" alt=\"Icone Facebook\" width=\"128\" height=\"128\" title=\"Facebook\" data-id=\"1931\" src=\"https:\/\/juliettepotin.com\/wp-content\/uploads\/2019\/09\/iconfinder_SocialMedia_Facebook-Outline_2959749.png?x96125\" style=\"\" data-link-wrap=\"1\"><\/a><\/span><span style=\"width: 100%;\"><a href=\"https:\/\/www.linkedin.com\/in\/juliette-potin-expat-coach-553204159\/\" target=\"_blank\" rel=\"noopener\"><img loading=\"lazy\" decoding=\"async\" alt=\"Icone Linkedin\" width=\"128\" height=\"128\" title=\"Linkedin\" data-id=\"1930\" src=\"https:\/\/juliettepotin.com\/wp-content\/uploads\/2019\/09\/iconfinder_SocialMedia_LinkedIn-Outline_2959747.png?x96125\" style=\"\" data-link-wrap=\"1\"><\/a><\/span><span style=\"width: 100%;\"><a href=\"https:\/\/www.instagram.com\/juliettepotin\/\" target=\"_blank\" rel=\"noopener\"><img loading=\"lazy\" decoding=\"async\" alt=\"Icone Instagram\" width=\"128\" height=\"128\" title=\"Instagram\" data-id=\"1929\" src=\"https:\/\/juliettepotin.com\/wp-content\/uploads\/2019\/09\/iconfinder_SocialMedia_Instagram-Outline_2959748.png?x96125\" style=\"\" data-link-wrap=\"1\"><\/a><\/span><\/p>\n<p>&nbsp; &nbsp; &nbsp;\u00a9 Copyright 2018 &nbsp;| Juliette Potin | All Rights Re<span style=\"color: var(--tcb-color-0);\">served <\/span><\/p>\n<p><span style=\"color: var(--tcb-color-0);\">| <a href=\"http:\/\/juliettepotin.com\/index.php\/mentions-legales\/\" target=\"_blank\" style=\"outline: none;\" rel=\"noopener\">Mentions l\u00e9gales<\/a> | <\/span><a href=\"https:\/\/juliettepotin.com\/index.php\/cgv\/\" target=\"_blank\" rel=\"noopener\"><span style=\"color: var(--tcb-color-0);\">CGV<\/span><\/a><\/p>\n","protected":false},"excerpt":{"rendered":"<p>D\u00e9veloppez votre intelligence interculturelle Dans un monde globalis\u00e9 o\u00f9 l\u2019on interagit \u00e0 distance avec ses coll\u00e8gues \u00e9trangers, les fronti\u00e8res entre les cultures sont devenues invisibles. Mais les diff\u00e9rences culturelles sont [&hellip;]<\/p>\n","protected":false},"author":1,"featured_media":0,"parent":205,"menu_order":0,"comment_status":"closed","ping_status":"closed","template":"fullwidth-page.php","meta":{"_exactmetrics_skip_tracking":false,"_exactmetrics_sitenote_active":false,"_exactmetrics_sitenote_note":"","_exactmetrics_sitenote_category":0,"footnotes":""},"class_list":["post-3089","page","type-page","status-publish","hentry"],"yoast_head":"<!-- This site is optimized with the Yoast SEO plugin v27.4 - https:\/\/yoast.com\/product\/yoast-seo-wordpress\/ -->\n<title>Intelligence interculturelle - Expat coach<\/title>\n<meta name=\"description\" content=\"D\u00e9codez les diff\u00e9rences culturelles pour travailler plus sereinement et plus efficacement avec vos coll\u00e8gues ou \u00e9quipes multiculturelles\" \/>\n<meta name=\"robots\" content=\"index, follow, max-snippet:-1, max-image-preview:large, max-video-preview:-1\" \/>\n<link rel=\"canonical\" href=\"https:\/\/juliettepotin.com\/index.php\/faites-de-votre-experience-a-letranger-le-tournant-de-votre-vie\/intelligence-interculturelle\/\" \/>\n<meta property=\"og:locale\" content=\"fr_FR\" \/>\n<meta property=\"og:type\" content=\"article\" \/>\n<meta property=\"og:title\" content=\"Intelligence interculturelle - Expat coach\" \/>\n<meta property=\"og:description\" content=\"D\u00e9codez les diff\u00e9rences culturelles pour travailler plus sereinement et plus efficacement avec vos coll\u00e8gues ou \u00e9quipes multiculturelles\" \/>\n<meta property=\"og:url\" content=\"https:\/\/juliettepotin.com\/index.php\/faites-de-votre-experience-a-letranger-le-tournant-de-votre-vie\/intelligence-interculturelle\/\" \/>\n<meta property=\"og:site_name\" content=\"Expat coach\" \/>\n<meta property=\"article:publisher\" content=\"https:\/\/www.facebook.com\/PotinJulietteCoach\/\" \/>\n<meta property=\"article:modified_time\" content=\"2023-01-19T16:52:46+00:00\" \/>\n<meta property=\"og:image\" content=\"https:\/\/juliettepotin.com\/wp-content\/uploads\/2019\/07\/Version-2-lignes-1.jpg?x96125\" \/>\n<meta name=\"twitter:card\" content=\"summary_large_image\" \/>\n<meta name=\"twitter:label1\" content=\"Dur\u00e9e de lecture estim\u00e9e\" \/>\n\t<meta name=\"twitter:data1\" content=\"7 minutes\" \/>\n<script type=\"application\/ld+json\" class=\"yoast-schema-graph\">{\"@context\":\"https:\\\/\\\/schema.org\",\"@graph\":[{\"@type\":\"WebPage\",\"@id\":\"https:\\\/\\\/juliettepotin.com\\\/index.php\\\/faites-de-votre-experience-a-letranger-le-tournant-de-votre-vie\\\/intelligence-interculturelle\\\/\",\"url\":\"https:\\\/\\\/juliettepotin.com\\\/index.php\\\/faites-de-votre-experience-a-letranger-le-tournant-de-votre-vie\\\/intelligence-interculturelle\\\/\",\"name\":\"Intelligence interculturelle - Expat coach\",\"isPartOf\":{\"@id\":\"https:\\\/\\\/juliettepotin.com\\\/#website\"},\"primaryImageOfPage\":{\"@id\":\"https:\\\/\\\/juliettepotin.com\\\/index.php\\\/faites-de-votre-experience-a-letranger-le-tournant-de-votre-vie\\\/intelligence-interculturelle\\\/#primaryimage\"},\"image\":{\"@id\":\"https:\\\/\\\/juliettepotin.com\\\/index.php\\\/faites-de-votre-experience-a-letranger-le-tournant-de-votre-vie\\\/intelligence-interculturelle\\\/#primaryimage\"},\"thumbnailUrl\":\"https:\\\/\\\/juliettepotin.com\\\/wp-content\\\/uploads\\\/2019\\\/07\\\/Version-2-lignes-1.jpg?x96125\",\"datePublished\":\"2022-09-28T16:25:10+00:00\",\"dateModified\":\"2023-01-19T16:52:46+00:00\",\"description\":\"D\u00e9codez les diff\u00e9rences culturelles pour travailler plus sereinement et plus efficacement avec vos coll\u00e8gues ou \u00e9quipes multiculturelles\",\"breadcrumb\":{\"@id\":\"https:\\\/\\\/juliettepotin.com\\\/index.php\\\/faites-de-votre-experience-a-letranger-le-tournant-de-votre-vie\\\/intelligence-interculturelle\\\/#breadcrumb\"},\"inLanguage\":\"fr-FR\",\"potentialAction\":[{\"@type\":\"ReadAction\",\"target\":[\"https:\\\/\\\/juliettepotin.com\\\/index.php\\\/faites-de-votre-experience-a-letranger-le-tournant-de-votre-vie\\\/intelligence-interculturelle\\\/\"]}]},{\"@type\":\"ImageObject\",\"inLanguage\":\"fr-FR\",\"@id\":\"https:\\\/\\\/juliettepotin.com\\\/index.php\\\/faites-de-votre-experience-a-letranger-le-tournant-de-votre-vie\\\/intelligence-interculturelle\\\/#primaryimage\",\"url\":\"https:\\\/\\\/juliettepotin.com\\\/wp-content\\\/uploads\\\/2019\\\/07\\\/Version-2-lignes-1.jpg\",\"contentUrl\":\"https:\\\/\\\/juliettepotin.com\\\/wp-content\\\/uploads\\\/2019\\\/07\\\/Version-2-lignes-1.jpg\",\"width\":2235,\"height\":690},{\"@type\":\"BreadcrumbList\",\"@id\":\"https:\\\/\\\/juliettepotin.com\\\/index.php\\\/faites-de-votre-experience-a-letranger-le-tournant-de-votre-vie\\\/intelligence-interculturelle\\\/#breadcrumb\",\"itemListElement\":[{\"@type\":\"ListItem\",\"position\":1,\"name\":\"Home\",\"item\":\"https:\\\/\\\/juliettepotin.com\\\/\"},{\"@type\":\"ListItem\",\"position\":2,\"name\":\"Accueil\",\"item\":\"https:\\\/\\\/juliettepotin.com\\\/\"},{\"@type\":\"ListItem\",\"position\":3,\"name\":\"Intelligence interculturelle\"}]},{\"@type\":\"WebSite\",\"@id\":\"https:\\\/\\\/juliettepotin.com\\\/#website\",\"url\":\"https:\\\/\\\/juliettepotin.com\\\/\",\"name\":\"Expat coach\",\"description\":\"The start of a new YOU\",\"publisher\":{\"@id\":\"https:\\\/\\\/juliettepotin.com\\\/#\\\/schema\\\/person\\\/ce6521de52bc72045131c9ea6e7dea42\"},\"potentialAction\":[{\"@type\":\"SearchAction\",\"target\":{\"@type\":\"EntryPoint\",\"urlTemplate\":\"https:\\\/\\\/juliettepotin.com\\\/?s={search_term_string}\"},\"query-input\":{\"@type\":\"PropertyValueSpecification\",\"valueRequired\":true,\"valueName\":\"search_term_string\"}}],\"inLanguage\":\"fr-FR\"},{\"@type\":[\"Person\",\"Organization\"],\"@id\":\"https:\\\/\\\/juliettepotin.com\\\/#\\\/schema\\\/person\\\/ce6521de52bc72045131c9ea6e7dea42\",\"name\":\"Juliette Potin\",\"image\":{\"@type\":\"ImageObject\",\"inLanguage\":\"fr-FR\",\"@id\":\"https:\\\/\\\/juliettepotin.com\\\/wp-content\\\/uploads\\\/2023\\\/01\\\/22006D7C-5B64-4226-B2A7-B43CE0FB4C0F_1_201_a-970x1024.png\",\"url\":\"https:\\\/\\\/juliettepotin.com\\\/wp-content\\\/uploads\\\/2023\\\/01\\\/22006D7C-5B64-4226-B2A7-B43CE0FB4C0F_1_201_a-970x1024.png\",\"contentUrl\":\"https:\\\/\\\/juliettepotin.com\\\/wp-content\\\/uploads\\\/2023\\\/01\\\/22006D7C-5B64-4226-B2A7-B43CE0FB4C0F_1_201_a-970x1024.png\",\"width\":970,\"height\":1024,\"caption\":\"Juliette Potin\"},\"logo\":{\"@id\":\"https:\\\/\\\/juliettepotin.com\\\/wp-content\\\/uploads\\\/2023\\\/01\\\/22006D7C-5B64-4226-B2A7-B43CE0FB4C0F_1_201_a-970x1024.png\"},\"description\":\"Je suis Juliette Potin, coach professionnelle depuis 2018. J'ai v\u00e9cu plusieurs ann\u00e9es \u00e0 l'\u00e9tranger,notamment aux Etats-Unis o\u00f9 je me retrouve \u00e0 la maison apr\u00e8s 15 ans de postes \u00e0 responsabilit\u00e9 dans l'industrie. L'exp\u00e9rience de ne plus pouvoir me d\u00e9finir par mon statut social est d\u00e9stabilisante, celle d'avoir du temps devant moi : vertigineuse! Petit \u00e0 petit, en me reconnectant \u00e0 moi-m\u00eame et \u00e0 mes aspirations, je me suis autoris\u00e9e \u00e0 me r\u00e9-inventer. Aujourd'hui de retour en France, j'accompagne les personnes qui ont un temps mis leur carri\u00e8re entre parenth\u00e8ses, \u00e0 reprendre confiance, r\u00e9v\u00e9ler leurs talents et suivre leurs \u00e9lans pour (re)trouver une activit\u00e9 pro align\u00e9e avec qui elles sont.\",\"sameAs\":[\"https:\\\/\\\/www.facebook.com\\\/PotinJulietteCoach\\\/\",\"https:\\\/\\\/www.linkedin.com\\\/in\\\/juliette-potin-expat-coach\\\/\"]}]}<\/script>\n<!-- \/ Yoast SEO plugin. -->","yoast_head_json":{"title":"Intelligence interculturelle - Expat coach","description":"D\u00e9codez les diff\u00e9rences culturelles pour travailler plus sereinement et plus efficacement avec vos coll\u00e8gues ou \u00e9quipes multiculturelles","robots":{"index":"index","follow":"follow","max-snippet":"max-snippet:-1","max-image-preview":"max-image-preview:large","max-video-preview":"max-video-preview:-1"},"canonical":"https:\/\/juliettepotin.com\/index.php\/faites-de-votre-experience-a-letranger-le-tournant-de-votre-vie\/intelligence-interculturelle\/","og_locale":"fr_FR","og_type":"article","og_title":"Intelligence interculturelle - Expat coach","og_description":"D\u00e9codez les diff\u00e9rences culturelles pour travailler plus sereinement et plus efficacement avec vos coll\u00e8gues ou \u00e9quipes multiculturelles","og_url":"https:\/\/juliettepotin.com\/index.php\/faites-de-votre-experience-a-letranger-le-tournant-de-votre-vie\/intelligence-interculturelle\/","og_site_name":"Expat coach","article_publisher":"https:\/\/www.facebook.com\/PotinJulietteCoach\/","article_modified_time":"2023-01-19T16:52:46+00:00","og_image":[{"url":"https:\/\/juliettepotin.com\/wp-content\/uploads\/2019\/07\/Version-2-lignes-1.jpg?x96125","type":"","width":"","height":""}],"twitter_card":"summary_large_image","twitter_misc":{"Dur\u00e9e de lecture estim\u00e9e":"7 minutes"},"schema":{"@context":"https:\/\/schema.org","@graph":[{"@type":"WebPage","@id":"https:\/\/juliettepotin.com\/index.php\/faites-de-votre-experience-a-letranger-le-tournant-de-votre-vie\/intelligence-interculturelle\/","url":"https:\/\/juliettepotin.com\/index.php\/faites-de-votre-experience-a-letranger-le-tournant-de-votre-vie\/intelligence-interculturelle\/","name":"Intelligence interculturelle - Expat coach","isPartOf":{"@id":"https:\/\/juliettepotin.com\/#website"},"primaryImageOfPage":{"@id":"https:\/\/juliettepotin.com\/index.php\/faites-de-votre-experience-a-letranger-le-tournant-de-votre-vie\/intelligence-interculturelle\/#primaryimage"},"image":{"@id":"https:\/\/juliettepotin.com\/index.php\/faites-de-votre-experience-a-letranger-le-tournant-de-votre-vie\/intelligence-interculturelle\/#primaryimage"},"thumbnailUrl":"https:\/\/juliettepotin.com\/wp-content\/uploads\/2019\/07\/Version-2-lignes-1.jpg?x96125","datePublished":"2022-09-28T16:25:10+00:00","dateModified":"2023-01-19T16:52:46+00:00","description":"D\u00e9codez les diff\u00e9rences culturelles pour travailler plus sereinement et plus efficacement avec vos coll\u00e8gues ou \u00e9quipes multiculturelles","breadcrumb":{"@id":"https:\/\/juliettepotin.com\/index.php\/faites-de-votre-experience-a-letranger-le-tournant-de-votre-vie\/intelligence-interculturelle\/#breadcrumb"},"inLanguage":"fr-FR","potentialAction":[{"@type":"ReadAction","target":["https:\/\/juliettepotin.com\/index.php\/faites-de-votre-experience-a-letranger-le-tournant-de-votre-vie\/intelligence-interculturelle\/"]}]},{"@type":"ImageObject","inLanguage":"fr-FR","@id":"https:\/\/juliettepotin.com\/index.php\/faites-de-votre-experience-a-letranger-le-tournant-de-votre-vie\/intelligence-interculturelle\/#primaryimage","url":"https:\/\/juliettepotin.com\/wp-content\/uploads\/2019\/07\/Version-2-lignes-1.jpg","contentUrl":"https:\/\/juliettepotin.com\/wp-content\/uploads\/2019\/07\/Version-2-lignes-1.jpg","width":2235,"height":690},{"@type":"BreadcrumbList","@id":"https:\/\/juliettepotin.com\/index.php\/faites-de-votre-experience-a-letranger-le-tournant-de-votre-vie\/intelligence-interculturelle\/#breadcrumb","itemListElement":[{"@type":"ListItem","position":1,"name":"Home","item":"https:\/\/juliettepotin.com\/"},{"@type":"ListItem","position":2,"name":"Accueil","item":"https:\/\/juliettepotin.com\/"},{"@type":"ListItem","position":3,"name":"Intelligence interculturelle"}]},{"@type":"WebSite","@id":"https:\/\/juliettepotin.com\/#website","url":"https:\/\/juliettepotin.com\/","name":"Expat coach","description":"The start of a new YOU","publisher":{"@id":"https:\/\/juliettepotin.com\/#\/schema\/person\/ce6521de52bc72045131c9ea6e7dea42"},"potentialAction":[{"@type":"SearchAction","target":{"@type":"EntryPoint","urlTemplate":"https:\/\/juliettepotin.com\/?s={search_term_string}"},"query-input":{"@type":"PropertyValueSpecification","valueRequired":true,"valueName":"search_term_string"}}],"inLanguage":"fr-FR"},{"@type":["Person","Organization"],"@id":"https:\/\/juliettepotin.com\/#\/schema\/person\/ce6521de52bc72045131c9ea6e7dea42","name":"Juliette Potin","image":{"@type":"ImageObject","inLanguage":"fr-FR","@id":"https:\/\/juliettepotin.com\/wp-content\/uploads\/2023\/01\/22006D7C-5B64-4226-B2A7-B43CE0FB4C0F_1_201_a-970x1024.png","url":"https:\/\/juliettepotin.com\/wp-content\/uploads\/2023\/01\/22006D7C-5B64-4226-B2A7-B43CE0FB4C0F_1_201_a-970x1024.png","contentUrl":"https:\/\/juliettepotin.com\/wp-content\/uploads\/2023\/01\/22006D7C-5B64-4226-B2A7-B43CE0FB4C0F_1_201_a-970x1024.png","width":970,"height":1024,"caption":"Juliette Potin"},"logo":{"@id":"https:\/\/juliettepotin.com\/wp-content\/uploads\/2023\/01\/22006D7C-5B64-4226-B2A7-B43CE0FB4C0F_1_201_a-970x1024.png"},"description":"Je suis Juliette Potin, coach professionnelle depuis 2018. J'ai v\u00e9cu plusieurs ann\u00e9es \u00e0 l'\u00e9tranger,notamment aux Etats-Unis o\u00f9 je me retrouve \u00e0 la maison apr\u00e8s 15 ans de postes \u00e0 responsabilit\u00e9 dans l'industrie. L'exp\u00e9rience de ne plus pouvoir me d\u00e9finir par mon statut social est d\u00e9stabilisante, celle d'avoir du temps devant moi : vertigineuse! Petit \u00e0 petit, en me reconnectant \u00e0 moi-m\u00eame et \u00e0 mes aspirations, je me suis autoris\u00e9e \u00e0 me r\u00e9-inventer. Aujourd'hui de retour en France, j'accompagne les personnes qui ont un temps mis leur carri\u00e8re entre parenth\u00e8ses, \u00e0 reprendre confiance, r\u00e9v\u00e9ler leurs talents et suivre leurs \u00e9lans pour (re)trouver une activit\u00e9 pro align\u00e9e avec qui elles sont.","sameAs":["https:\/\/www.facebook.com\/PotinJulietteCoach\/","https:\/\/www.linkedin.com\/in\/juliette-potin-expat-coach\/"]}]}},"_links":{"self":[{"href":"https:\/\/juliettepotin.com\/index.php\/wp-json\/wp\/v2\/pages\/3089","targetHints":{"allow":["GET"]}}],"collection":[{"href":"https:\/\/juliettepotin.com\/index.php\/wp-json\/wp\/v2\/pages"}],"about":[{"href":"https:\/\/juliettepotin.com\/index.php\/wp-json\/wp\/v2\/types\/page"}],"author":[{"embeddable":true,"href":"https:\/\/juliettepotin.com\/index.php\/wp-json\/wp\/v2\/users\/1"}],"replies":[{"embeddable":true,"href":"https:\/\/juliettepotin.com\/index.php\/wp-json\/wp\/v2\/comments?post=3089"}],"version-history":[{"count":0,"href":"https:\/\/juliettepotin.com\/index.php\/wp-json\/wp\/v2\/pages\/3089\/revisions"}],"up":[{"embeddable":true,"href":"https:\/\/juliettepotin.com\/index.php\/wp-json\/wp\/v2\/pages\/205"}],"wp:attachment":[{"href":"https:\/\/juliettepotin.com\/index.php\/wp-json\/wp\/v2\/media?parent=3089"}],"curies":[{"name":"wp","href":"https:\/\/api.w.org\/{rel}","templated":true}]}}