{"id":285,"date":"2018-03-22T14:40:29","date_gmt":"2018-03-22T13:40:29","guid":{"rendered":"http:\/\/juliettepotin.com\/?page_id=285"},"modified":"2024-10-02T14:02:51","modified_gmt":"2024-10-02T12:02:51","slug":"contact-fr","status":"publish","type":"page","link":"https:\/\/juliettepotin.com\/index.php\/faites-de-votre-experience-a-letranger-le-tournant-de-votre-vie\/contact-fr\/","title":{"rendered":"Contact FR"},"content":{"rendered":"<p><span style=\"width: 100%;\"><a href=\"https:\/\/juliettepotin.com\" rel=\"\"><img loading=\"lazy\" decoding=\"async\" alt=\"\" width=\"2235\" height=\"690\" title=\"Juliette Potin Expat coach\" data-id=\"1848\" src=\"https:\/\/juliettepotin.com\/wp-content\/uploads\/2019\/07\/Version-2-lignes-1.jpg?x96125\" style=\"\"><\/a><\/span><\/p>\n<p style=\"text-align: center;\"><span><span>Vous pouvez me joindre&nbsp;<\/span><\/span><span><span><span>par mail:&nbsp;<\/span><\/span><span>coach@juliettepotin.com<\/span><\/span><span><span>ou me laisser un message ici<\/span><\/span><span><span>Pour b\u00e9n\u00e9ficier d&rsquo;une s\u00e9ance gratuite d&rsquo;exploration, utilisez le <\/span><\/span><a href=\"https:\/\/juliettepotin.com\/index.php\/faites-de-votre-experience-a-letranger-le-tournant-de-votre-vie\/seance-gratuite\/\" target=\"_blank\" style=\"outline: none;\" rel=\"noopener\"><span><span>formulaire d\u00e9di\u00e9<\/span><\/span><\/a><span><span>&nbsp;<\/span><\/span><\/p>\n<p style=\"text-align: center;\">Pour un contact plus rapide, merci de me laisser votre num\u00e9ro de t\u00e9l\u00e9phone<\/p>\n<p style=\"text-align: center;\">\n<p role=\"status\" aria-live=\"polite\" aria-atomic=\"true\">\n<ul><\/ul>\n<p> Votre Pr\u00e9nom (obligatoire)<span data-name=\"your-name\"><\/span> <\/p>\n<p> Votre Email (obligatoire)<span data-name=\"your-email\"><\/span> <\/p>\n<p><span data-name=\"menu-916\">Je souhaite prendre RDVAutre demande<\/span><\/p>\n<p> Votre Num\u00e9ro de t\u00e9l\u00e9phone (pour pouvoir communiquer plus facilement via WhatsApp)<span data-name=\"your-tel\"><\/span> <\/p>\n<p> Votre Message<span data-name=\"your-message\"><\/span> <\/p>\n<p><span data-name=\"quiz-43\"><span>5+3=<\/span> <\/span><\/p>\n<\/p>\n<p style=\"display: none !important;\" data-prefix=\"_wpcf7_ak_\">&#916;<\/p><\/p>\n","protected":false},"excerpt":{"rendered":"<p>Vous pouvez me joindre&nbsp;par mail:&nbsp;coach@juliettepotin.comou me laisser un message iciPour b\u00e9n\u00e9ficier d&rsquo;une s\u00e9ance gratuite d&rsquo;exploration, utilisez le formulaire d\u00e9di\u00e9&nbsp; Pour un contact plus rapide, merci de me laisser votre num\u00e9ro [&hellip;]<\/p>\n","protected":false},"author":1,"featured_media":0,"parent":205,"menu_order":0,"comment_status":"closed","ping_status":"closed","template":"fullwidth-page.php","meta":{"_exactmetrics_skip_tracking":false,"_exactmetrics_sitenote_active":false,"_exactmetrics_sitenote_note":"","_exactmetrics_sitenote_category":0,"footnotes":""},"class_list":["post-285","page","type-page","status-publish","hentry"],"yoast_head":"<!-- This site is optimized with the Yoast SEO plugin v27.4 - https:\/\/yoast.com\/product\/yoast-seo-wordpress\/ -->\n<title>Contact FR - Expat coach<\/title>\n<meta name=\"robots\" content=\"index, follow, max-snippet:-1, max-image-preview:large, max-video-preview:-1\" \/>\n<link rel=\"canonical\" href=\"https:\/\/juliettepotin.com\/index.php\/faites-de-votre-experience-a-letranger-le-tournant-de-votre-vie\/contact-fr\/\" \/>\n<meta property=\"og:locale\" content=\"fr_FR\" \/>\n<meta property=\"og:type\" content=\"article\" \/>\n<meta property=\"og:title\" content=\"Contact FR - Expat coach\" \/>\n<meta property=\"og:description\" content=\"Vous pouvez me joindre&nbsp;par mail:&nbsp;coach@juliettepotin.comou me laisser un message iciPour b\u00e9n\u00e9ficier d&rsquo;une s\u00e9ance gratuite d&rsquo;exploration, utilisez le formulaire d\u00e9di\u00e9&nbsp; Pour un contact plus rapide, merci de me laisser votre num\u00e9ro [&hellip;]\" \/>\n<meta property=\"og:url\" content=\"https:\/\/juliettepotin.com\/index.php\/faites-de-votre-experience-a-letranger-le-tournant-de-votre-vie\/contact-fr\/\" \/>\n<meta property=\"og:site_name\" content=\"Expat coach\" \/>\n<meta property=\"article:publisher\" content=\"https:\/\/www.facebook.com\/PotinJulietteCoach\/\" \/>\n<meta property=\"article:modified_time\" content=\"2024-10-02T12:02:51+00:00\" \/>\n<meta property=\"og:image\" content=\"https:\/\/juliettepotin.com\/wp-content\/uploads\/2019\/07\/Version-2-lignes-1.jpg?x96125\" \/>\n<meta name=\"twitter:card\" content=\"summary_large_image\" \/>\n<script type=\"application\/ld+json\" class=\"yoast-schema-graph\">{\"@context\":\"https:\\\/\\\/schema.org\",\"@graph\":[{\"@type\":\"WebPage\",\"@id\":\"https:\\\/\\\/juliettepotin.com\\\/index.php\\\/faites-de-votre-experience-a-letranger-le-tournant-de-votre-vie\\\/contact-fr\\\/\",\"url\":\"https:\\\/\\\/juliettepotin.com\\\/index.php\\\/faites-de-votre-experience-a-letranger-le-tournant-de-votre-vie\\\/contact-fr\\\/\",\"name\":\"Contact FR - Expat coach\",\"isPartOf\":{\"@id\":\"https:\\\/\\\/juliettepotin.com\\\/#website\"},\"primaryImageOfPage\":{\"@id\":\"https:\\\/\\\/juliettepotin.com\\\/index.php\\\/faites-de-votre-experience-a-letranger-le-tournant-de-votre-vie\\\/contact-fr\\\/#primaryimage\"},\"image\":{\"@id\":\"https:\\\/\\\/juliettepotin.com\\\/index.php\\\/faites-de-votre-experience-a-letranger-le-tournant-de-votre-vie\\\/contact-fr\\\/#primaryimage\"},\"thumbnailUrl\":\"https:\\\/\\\/juliettepotin.com\\\/wp-content\\\/uploads\\\/2019\\\/07\\\/Version-2-lignes-1.jpg?x96125\",\"datePublished\":\"2018-03-22T13:40:29+00:00\",\"dateModified\":\"2024-10-02T12:02:51+00:00\",\"breadcrumb\":{\"@id\":\"https:\\\/\\\/juliettepotin.com\\\/index.php\\\/faites-de-votre-experience-a-letranger-le-tournant-de-votre-vie\\\/contact-fr\\\/#breadcrumb\"},\"inLanguage\":\"fr-FR\",\"potentialAction\":[{\"@type\":\"ReadAction\",\"target\":[\"https:\\\/\\\/juliettepotin.com\\\/index.php\\\/faites-de-votre-experience-a-letranger-le-tournant-de-votre-vie\\\/contact-fr\\\/\"]}]},{\"@type\":\"ImageObject\",\"inLanguage\":\"fr-FR\",\"@id\":\"https:\\\/\\\/juliettepotin.com\\\/index.php\\\/faites-de-votre-experience-a-letranger-le-tournant-de-votre-vie\\\/contact-fr\\\/#primaryimage\",\"url\":\"https:\\\/\\\/juliettepotin.com\\\/wp-content\\\/uploads\\\/2019\\\/07\\\/Version-2-lignes-1.jpg\",\"contentUrl\":\"https:\\\/\\\/juliettepotin.com\\\/wp-content\\\/uploads\\\/2019\\\/07\\\/Version-2-lignes-1.jpg\",\"width\":2235,\"height\":690},{\"@type\":\"BreadcrumbList\",\"@id\":\"https:\\\/\\\/juliettepotin.com\\\/index.php\\\/faites-de-votre-experience-a-letranger-le-tournant-de-votre-vie\\\/contact-fr\\\/#breadcrumb\",\"itemListElement\":[{\"@type\":\"ListItem\",\"position\":1,\"name\":\"Home\",\"item\":\"https:\\\/\\\/juliettepotin.com\\\/\"},{\"@type\":\"ListItem\",\"position\":2,\"name\":\"Accueil\",\"item\":\"https:\\\/\\\/juliettepotin.com\\\/\"},{\"@type\":\"ListItem\",\"position\":3,\"name\":\"Contact FR\"}]},{\"@type\":\"WebSite\",\"@id\":\"https:\\\/\\\/juliettepotin.com\\\/#website\",\"url\":\"https:\\\/\\\/juliettepotin.com\\\/\",\"name\":\"Expat coach\",\"description\":\"The start of a new YOU\",\"publisher\":{\"@id\":\"https:\\\/\\\/juliettepotin.com\\\/#\\\/schema\\\/person\\\/ce6521de52bc72045131c9ea6e7dea42\"},\"potentialAction\":[{\"@type\":\"SearchAction\",\"target\":{\"@type\":\"EntryPoint\",\"urlTemplate\":\"https:\\\/\\\/juliettepotin.com\\\/?s={search_term_string}\"},\"query-input\":{\"@type\":\"PropertyValueSpecification\",\"valueRequired\":true,\"valueName\":\"search_term_string\"}}],\"inLanguage\":\"fr-FR\"},{\"@type\":[\"Person\",\"Organization\"],\"@id\":\"https:\\\/\\\/juliettepotin.com\\\/#\\\/schema\\\/person\\\/ce6521de52bc72045131c9ea6e7dea42\",\"name\":\"Juliette Potin\",\"image\":{\"@type\":\"ImageObject\",\"inLanguage\":\"fr-FR\",\"@id\":\"https:\\\/\\\/juliettepotin.com\\\/wp-content\\\/uploads\\\/2023\\\/01\\\/22006D7C-5B64-4226-B2A7-B43CE0FB4C0F_1_201_a-970x1024.png\",\"url\":\"https:\\\/\\\/juliettepotin.com\\\/wp-content\\\/uploads\\\/2023\\\/01\\\/22006D7C-5B64-4226-B2A7-B43CE0FB4C0F_1_201_a-970x1024.png\",\"contentUrl\":\"https:\\\/\\\/juliettepotin.com\\\/wp-content\\\/uploads\\\/2023\\\/01\\\/22006D7C-5B64-4226-B2A7-B43CE0FB4C0F_1_201_a-970x1024.png\",\"width\":970,\"height\":1024,\"caption\":\"Juliette Potin\"},\"logo\":{\"@id\":\"https:\\\/\\\/juliettepotin.com\\\/wp-content\\\/uploads\\\/2023\\\/01\\\/22006D7C-5B64-4226-B2A7-B43CE0FB4C0F_1_201_a-970x1024.png\"},\"description\":\"Je suis Juliette Potin, coach professionnelle depuis 2018. J'ai v\u00e9cu plusieurs ann\u00e9es \u00e0 l'\u00e9tranger,notamment aux Etats-Unis o\u00f9 je me retrouve \u00e0 la maison apr\u00e8s 15 ans de postes \u00e0 responsabilit\u00e9 dans l'industrie. L'exp\u00e9rience de ne plus pouvoir me d\u00e9finir par mon statut social est d\u00e9stabilisante, celle d'avoir du temps devant moi : vertigineuse! Petit \u00e0 petit, en me reconnectant \u00e0 moi-m\u00eame et \u00e0 mes aspirations, je me suis autoris\u00e9e \u00e0 me r\u00e9-inventer. Aujourd'hui de retour en France, j'accompagne les personnes qui ont un temps mis leur carri\u00e8re entre parenth\u00e8ses, \u00e0 reprendre confiance, r\u00e9v\u00e9ler leurs talents et suivre leurs \u00e9lans pour (re)trouver une activit\u00e9 pro align\u00e9e avec qui elles sont.\",\"sameAs\":[\"https:\\\/\\\/www.facebook.com\\\/PotinJulietteCoach\\\/\",\"https:\\\/\\\/www.linkedin.com\\\/in\\\/juliette-potin-expat-coach\\\/\"]}]}<\/script>\n<!-- \/ Yoast SEO plugin. -->","yoast_head_json":{"title":"Contact FR - Expat coach","robots":{"index":"index","follow":"follow","max-snippet":"max-snippet:-1","max-image-preview":"max-image-preview:large","max-video-preview":"max-video-preview:-1"},"canonical":"https:\/\/juliettepotin.com\/index.php\/faites-de-votre-experience-a-letranger-le-tournant-de-votre-vie\/contact-fr\/","og_locale":"fr_FR","og_type":"article","og_title":"Contact FR - Expat coach","og_description":"Vous pouvez me joindre&nbsp;par mail:&nbsp;coach@juliettepotin.comou me laisser un message iciPour b\u00e9n\u00e9ficier d&rsquo;une s\u00e9ance gratuite d&rsquo;exploration, utilisez le formulaire d\u00e9di\u00e9&nbsp; Pour un contact plus rapide, merci de me laisser votre num\u00e9ro [&hellip;]","og_url":"https:\/\/juliettepotin.com\/index.php\/faites-de-votre-experience-a-letranger-le-tournant-de-votre-vie\/contact-fr\/","og_site_name":"Expat coach","article_publisher":"https:\/\/www.facebook.com\/PotinJulietteCoach\/","article_modified_time":"2024-10-02T12:02:51+00:00","og_image":[{"url":"https:\/\/juliettepotin.com\/wp-content\/uploads\/2019\/07\/Version-2-lignes-1.jpg?x96125","type":"","width":"","height":""}],"twitter_card":"summary_large_image","schema":{"@context":"https:\/\/schema.org","@graph":[{"@type":"WebPage","@id":"https:\/\/juliettepotin.com\/index.php\/faites-de-votre-experience-a-letranger-le-tournant-de-votre-vie\/contact-fr\/","url":"https:\/\/juliettepotin.com\/index.php\/faites-de-votre-experience-a-letranger-le-tournant-de-votre-vie\/contact-fr\/","name":"Contact FR - Expat coach","isPartOf":{"@id":"https:\/\/juliettepotin.com\/#website"},"primaryImageOfPage":{"@id":"https:\/\/juliettepotin.com\/index.php\/faites-de-votre-experience-a-letranger-le-tournant-de-votre-vie\/contact-fr\/#primaryimage"},"image":{"@id":"https:\/\/juliettepotin.com\/index.php\/faites-de-votre-experience-a-letranger-le-tournant-de-votre-vie\/contact-fr\/#primaryimage"},"thumbnailUrl":"https:\/\/juliettepotin.com\/wp-content\/uploads\/2019\/07\/Version-2-lignes-1.jpg?x96125","datePublished":"2018-03-22T13:40:29+00:00","dateModified":"2024-10-02T12:02:51+00:00","breadcrumb":{"@id":"https:\/\/juliettepotin.com\/index.php\/faites-de-votre-experience-a-letranger-le-tournant-de-votre-vie\/contact-fr\/#breadcrumb"},"inLanguage":"fr-FR","potentialAction":[{"@type":"ReadAction","target":["https:\/\/juliettepotin.com\/index.php\/faites-de-votre-experience-a-letranger-le-tournant-de-votre-vie\/contact-fr\/"]}]},{"@type":"ImageObject","inLanguage":"fr-FR","@id":"https:\/\/juliettepotin.com\/index.php\/faites-de-votre-experience-a-letranger-le-tournant-de-votre-vie\/contact-fr\/#primaryimage","url":"https:\/\/juliettepotin.com\/wp-content\/uploads\/2019\/07\/Version-2-lignes-1.jpg","contentUrl":"https:\/\/juliettepotin.com\/wp-content\/uploads\/2019\/07\/Version-2-lignes-1.jpg","width":2235,"height":690},{"@type":"BreadcrumbList","@id":"https:\/\/juliettepotin.com\/index.php\/faites-de-votre-experience-a-letranger-le-tournant-de-votre-vie\/contact-fr\/#breadcrumb","itemListElement":[{"@type":"ListItem","position":1,"name":"Home","item":"https:\/\/juliettepotin.com\/"},{"@type":"ListItem","position":2,"name":"Accueil","item":"https:\/\/juliettepotin.com\/"},{"@type":"ListItem","position":3,"name":"Contact FR"}]},{"@type":"WebSite","@id":"https:\/\/juliettepotin.com\/#website","url":"https:\/\/juliettepotin.com\/","name":"Expat coach","description":"The start of a new YOU","publisher":{"@id":"https:\/\/juliettepotin.com\/#\/schema\/person\/ce6521de52bc72045131c9ea6e7dea42"},"potentialAction":[{"@type":"SearchAction","target":{"@type":"EntryPoint","urlTemplate":"https:\/\/juliettepotin.com\/?s={search_term_string}"},"query-input":{"@type":"PropertyValueSpecification","valueRequired":true,"valueName":"search_term_string"}}],"inLanguage":"fr-FR"},{"@type":["Person","Organization"],"@id":"https:\/\/juliettepotin.com\/#\/schema\/person\/ce6521de52bc72045131c9ea6e7dea42","name":"Juliette Potin","image":{"@type":"ImageObject","inLanguage":"fr-FR","@id":"https:\/\/juliettepotin.com\/wp-content\/uploads\/2023\/01\/22006D7C-5B64-4226-B2A7-B43CE0FB4C0F_1_201_a-970x1024.png","url":"https:\/\/juliettepotin.com\/wp-content\/uploads\/2023\/01\/22006D7C-5B64-4226-B2A7-B43CE0FB4C0F_1_201_a-970x1024.png","contentUrl":"https:\/\/juliettepotin.com\/wp-content\/uploads\/2023\/01\/22006D7C-5B64-4226-B2A7-B43CE0FB4C0F_1_201_a-970x1024.png","width":970,"height":1024,"caption":"Juliette Potin"},"logo":{"@id":"https:\/\/juliettepotin.com\/wp-content\/uploads\/2023\/01\/22006D7C-5B64-4226-B2A7-B43CE0FB4C0F_1_201_a-970x1024.png"},"description":"Je suis Juliette Potin, coach professionnelle depuis 2018. J'ai v\u00e9cu plusieurs ann\u00e9es \u00e0 l'\u00e9tranger,notamment aux Etats-Unis o\u00f9 je me retrouve \u00e0 la maison apr\u00e8s 15 ans de postes \u00e0 responsabilit\u00e9 dans l'industrie. L'exp\u00e9rience de ne plus pouvoir me d\u00e9finir par mon statut social est d\u00e9stabilisante, celle d'avoir du temps devant moi : vertigineuse! Petit \u00e0 petit, en me reconnectant \u00e0 moi-m\u00eame et \u00e0 mes aspirations, je me suis autoris\u00e9e \u00e0 me r\u00e9-inventer. Aujourd'hui de retour en France, j'accompagne les personnes qui ont un temps mis leur carri\u00e8re entre parenth\u00e8ses, \u00e0 reprendre confiance, r\u00e9v\u00e9ler leurs talents et suivre leurs \u00e9lans pour (re)trouver une activit\u00e9 pro align\u00e9e avec qui elles sont.","sameAs":["https:\/\/www.facebook.com\/PotinJulietteCoach\/","https:\/\/www.linkedin.com\/in\/juliette-potin-expat-coach\/"]}]}},"_links":{"self":[{"href":"https:\/\/juliettepotin.com\/index.php\/wp-json\/wp\/v2\/pages\/285","targetHints":{"allow":["GET"]}}],"collection":[{"href":"https:\/\/juliettepotin.com\/index.php\/wp-json\/wp\/v2\/pages"}],"about":[{"href":"https:\/\/juliettepotin.com\/index.php\/wp-json\/wp\/v2\/types\/page"}],"author":[{"embeddable":true,"href":"https:\/\/juliettepotin.com\/index.php\/wp-json\/wp\/v2\/users\/1"}],"replies":[{"embeddable":true,"href":"https:\/\/juliettepotin.com\/index.php\/wp-json\/wp\/v2\/comments?post=285"}],"version-history":[{"count":2,"href":"https:\/\/juliettepotin.com\/index.php\/wp-json\/wp\/v2\/pages\/285\/revisions"}],"predecessor-version":[{"id":4225,"href":"https:\/\/juliettepotin.com\/index.php\/wp-json\/wp\/v2\/pages\/285\/revisions\/4225"}],"up":[{"embeddable":true,"href":"https:\/\/juliettepotin.com\/index.php\/wp-json\/wp\/v2\/pages\/205"}],"wp:attachment":[{"href":"https:\/\/juliettepotin.com\/index.php\/wp-json\/wp\/v2\/media?parent=285"}],"curies":[{"name":"wp","href":"https:\/\/api.w.org\/{rel}","templated":true}]}}