{"id":143,"date":"2018-03-20T10:46:38","date_gmt":"2018-03-20T09:46:38","guid":{"rendered":"http:\/\/juliettepotin.com\/?page_id=143"},"modified":"2025-02-15T14:41:57","modified_gmt":"2025-02-15T13:41:57","slug":"english-homepage","status":"publish","type":"page","link":"https:\/\/juliettepotin.com\/index.php\/english-homepage\/","title":{"rendered":"English Homepage"},"content":{"rendered":"<p><span style=\"width: 100%;\"><a href=\"http:\/\/juliettepotin.com\" rel=\"\"><img loading=\"lazy\" decoding=\"async\" alt=\"\" width=\"2235\" height=\"690\" title=\"Juliette Potin Expat coach\" data-id=\"1848\" src=\"https:\/\/juliettepotin.com\/wp-content\/uploads\/2019\/07\/Version-2-lignes-1.jpg?x96125\" style=\"\"><\/a><\/span><\/p>\n<h1 style=\"text-align: center;\"><span><span><span>Make<\/span> your<span> experience abroad&nbsp;<\/span><\/span><\/span><span><\/span><span><span><span>the start of a<\/span> <span>new<\/span> life !<\/span><\/span><\/h1>\n<h1><span><span>Coping with expat blues?<\/span><\/span><\/h1>\n<p><span style=\"color: var(--tcb-color-0);\">Feeling isolated?&nbsp;<\/span><\/p>\n<p><span style=\"color: var(--tcb-color-0);\"><span><span><span>Struggling with integrating and making friends?&nbsp;<\/span><\/span><\/span><\/span><\/p>\n<p><span style=\"color: var(--tcb-color-0);\"><span><span><span><span><span><span>Keeping negative feelings to yourself? <\/span><\/span><\/span><\/span><\/span><\/span><\/span><\/p>\n<p><span>&nbsp;<\/span><\/p>\n<p><span>Want to meet other expats ?<\/span><\/p>\n<p><span>&nbsp;Free coffee expat meetups&nbsp;<\/span><span>offered in Caluire near Lyon<\/span><\/p>\n<p><span>Come and connect with expats&nbsp;<\/span><span>and former expats<\/span><\/p>\n<p><span>\u200b<\/span><\/p>\n<p><!--! Font Awesome Free 6.7.1 by @fontawesome - https:\/\/fontawesome.com License - https:\/\/fontawesome.com\/license\/free (Icons: CC BY 4.0, Fonts: SIL OFL 1.1, Code: MIT License) Copyright 2024 Fonticons, Inc. --><\/p>\n<p><span>Want to find your path or a job in France ?<\/span><\/p>\n<p><span>Living abroad is a great opportunity to reinvent yourself !<\/span><\/p>\n<p><span><span><span><span><span><span>You want to set a new direction for your life, b<\/span><\/span><\/span><\/span><\/span><\/span><span>ut where do you start ?<\/span><\/p>\n<p><span style=\"width: 100%;\"><img decoding=\"async\" alt=\"\" width=\"191\" height=\"201\" title=\"Juliette Potin\" data-id=\"3190\" src=\"https:\/\/juliettepotin.com\/wp-content\/uploads\/2023\/01\/22006D7C-5B64-4226-B2A7-B43CE0FB4C0F_1_201_a.png\" style=\"aspect-ratio: auto 2452 \/ 2589;\" data-width=\"191\" data-height=\"201\" data-init-width=\"2452\" data-init-height=\"2589\" loading=\"lazy\"><\/span><\/p>\n<p data-end=\"373\" data-start=\"90\" style=\"\">\n<p data-end=\"373\" data-start=\"90\" style=\"\"><strong data-end=\"130\" data-start=\"90\">I am Juliette Potin, an expat coach.<\/strong>&nbsp;I am French and have lived in Italy, Turkey, and the United States, so I know firsthand what it means to reinvent myself after working as an engineer for 15 years. I became the coach I wished I had had to support me through this transition.<\/p>\n<p data-end=\"545\" data-start=\"375\" style=\"\">I have always loved living abroad\u2014first in the United States during high school, then in Italy as a student, and later in Turkey at the start of my professional career.<\/p>\n<p data-end=\"787\" data-start=\"547\" style=\"\">After 14 years in the manufacturing industry in France, working as a quality manager and project leader\u2014driven by my passion for problem-solving and team management\u2014I followed my husband to the United States for a three-year expatriation.<\/p>\n<p data-end=\"1080\" data-start=\"789\" style=\"\">From meeting new people to rethinking my career path, from having the time to reflect on my next steps to exploring training and volunteering, I immersed myself in a new culture and discovered a whole new version of myself. It was a unique opportunity to align my lifestyle with my values.<\/p>\n<p data-end=\"1358\" data-start=\"1082\" style=\"\">Since returning to France in 2017, now based in Lyon, I have trained in professional and career coaching and NLP (Neuro-Linguistic Programming). <strong data-end=\"1356\" data-start=\"1203\">Since 2019, I have been helping expatriates and expat partners define their career plans, find a job, regain confidence, and adapt to French culture.<\/strong><\/p>\n<h1 style=\"text-align: center;\"><span><strong><\/strong>Client Testimonials<\/span><\/h1>\n<h1 style=\"text-align: center;\"><em><em><span>\u00ab\u00a0<\/span><\/em><\/em><\/h1>\n<p style=\"\">I am a very visual person. Visualizing &amp; manifesting have become important parts of my daily routines now. Putting my dreams and visions on paper or on a visionboard makes them become more real, at least in my head. Then the magic happens.<\/p>\n<p style=\"\">I start to plan, take the first steps, meet the right people. The workshop &lsquo;Find your Ikigai&rsquo; by Juliette in Lyon last summer was a real turnaround point for me. During the session I needed to structure my thoughts and values, explain them and at the end of the day I knew what I wanted to do. I wanted to work in the holistic field and work with food and sustainability. I didn&rsquo;t know yet how, but I knew what. And now I have this wonderful feed and I am almost finished with my Institute for Integrative Nutrition course.<\/p>\n<p style=\"text-align: center;\"><span><strong><em><span style=\"font-size: 20px;\">Sarah-Lena Smutny &#8211; <\/span><\/em><\/strong><\/span><a href=\"https:\/\/www.theslowmundane.com\" target=\"_blank\" rel=\"noopener\"><span><strong><em><span style=\"font-size: 20px;\">The slow mundane<\/span><\/em><\/strong><\/span><\/a><\/p>\n<h1 style=\"text-align: center;\"><em><em><span>\u00ab\u00a0<\/span><\/em><\/em><\/h1>\n<p style=\"text-align: justify;\"><span style=\"font-family: Ubuntu; font-weight: 400;\">I recently returned to France after 18 years in the US. Such a transition has come with great opportunities but just as many frustrations. I quickly fell into a spiral of negativity and loss of confidence and didn&rsquo;t know where to turn. Serendipitously, I met Juliette and took part in 3 coaching sessions that turned everything around. Juliette knows just the right questions to ask, has great advice and suggestions, and helped me find myself and a sense of confidence I thought was lost somewhere in the Atlantic Ocean.&nbsp;<\/span><\/p>\n<p style=\"text-align: justify;\">What makes Juliette different than other coaches? The fact that she is French but has spent time as an expat herself in the US made all of our exchanges truly authentic because I knew she really understood my needs. Through visualization techniques, she really helped me regain a positive outlook and I&rsquo;ve been able to push forward with projects with more energy and less self-doubt. I highly recommend Juliette as a coach!<\/p>\n<p style=\"text-align: center;\"><span><strong><em><span style=\"font-size: 20px;\">Jessica<\/span><\/em><\/strong><\/span><\/p>\n<h1 style=\"text-align: center;\"><em><em><span>\u00ab\u00a0<\/span><\/em><\/em><\/h1>\n<p style=\"\">I reached out to Juliette with the goal of finding a job in France after spending many years in the United States. Specifically, I was hoping to secure a teaching position so that I could move my whole family back in time for the next school year. However, I doubted my abilities and had already experienced a previous return to France that was not professionally fulfilling.<\/p>\n<p style=\"\">Today, just a few weeks before the end of the &nbsp;year, I have a job lined up for the new school year\u2014and, more importantly, I have a big dream in mind: launching an eco-friendly event venue. I feel truly <strong>empowered<\/strong>; this coaching experience has uncovered talents in me that I hadn\u2019t even realized I had.<\/p>\n<p style=\"\">Whenever doubts resurface, I think back to our sessions, which help me take a step back and move forward. Another sign that this coaching has transformed me? I talk about my project to everyone!<\/p>\n<p style=\"\">I highly recommend working with Juliette. I felt supported without judgment, encouraged in my dreams, and guided in the concrete implementation of my action plan.<\/p>\n<p style=\"text-align: center;\"><span><strong><em><span><span><strong><em><span style=\"font-size: 20px;\">Deborah<\/span><\/em><\/strong><\/span><\/span><\/em><\/strong><\/span><\/p>\n<p>&nbsp; &nbsp; &nbsp;\u00a9 Copyright 2018 &nbsp;| Juliette Potin | All Rights Reserved |<a href=\"http:\/\/juliettepotin.com\/index.php\/privacy-policy\/\"> <span style=\"color: rgb(255, 250, 250);\">Privacy Policy<\/span><\/a><span style=\"color: rgb(255, 250, 250);\"> |<\/span><a href=\"http:\/\/juliettepotin.com\/index.php\/disclaimer\/\"><span style=\"color: rgb(255, 250, 250);\"> Disclaimer<\/span><\/a><\/p>\n","protected":false},"excerpt":{"rendered":"<p>Make your experience abroad&nbsp;the start of a new life ! Coping with expat blues? Feeling isolated?&nbsp; Struggling with integrating and making friends?&nbsp; Keeping negative feelings to yourself? &nbsp; Want to [&hellip;]<\/p>\n","protected":false},"author":1,"featured_media":52,"parent":0,"menu_order":0,"comment_status":"closed","ping_status":"closed","template":"fullwidth-page.php","meta":{"_exactmetrics_skip_tracking":false,"_exactmetrics_sitenote_active":false,"_exactmetrics_sitenote_note":"","_exactmetrics_sitenote_category":0,"footnotes":""},"class_list":["post-143","page","type-page","status-publish","has-post-thumbnail","hentry"],"yoast_head":"<!-- This site is optimized with the Yoast SEO plugin v27.4 - https:\/\/yoast.com\/product\/yoast-seo-wordpress\/ -->\n<title>English Homepage - Expat coach<\/title>\n<meta name=\"robots\" content=\"index, follow, max-snippet:-1, max-image-preview:large, max-video-preview:-1\" \/>\n<link rel=\"canonical\" href=\"https:\/\/juliettepotin.com\/index.php\/english-homepage\/\" \/>\n<meta property=\"og:locale\" content=\"fr_FR\" \/>\n<meta property=\"og:type\" content=\"article\" \/>\n<meta property=\"og:title\" content=\"English Homepage - Expat coach\" \/>\n<meta property=\"og:description\" content=\"Make your experience abroad&nbsp;the start of a new life ! Coping with expat blues? Feeling isolated?&nbsp; Struggling with integrating and making friends?&nbsp; Keeping negative feelings to yourself? &nbsp; Want to [&hellip;]\" \/>\n<meta property=\"og:url\" content=\"https:\/\/juliettepotin.com\/index.php\/english-homepage\/\" \/>\n<meta property=\"og:site_name\" content=\"Expat coach\" \/>\n<meta property=\"article:publisher\" content=\"https:\/\/www.facebook.com\/PotinJulietteCoach\/\" \/>\n<meta property=\"article:modified_time\" content=\"2025-02-15T13:41:57+00:00\" \/>\n<meta property=\"og:image\" content=\"https:\/\/juliettepotin.com\/wp-content\/uploads\/2018\/01\/fly-2363212_1920.jpg\" \/>\n\t<meta property=\"og:image:width\" content=\"1920\" \/>\n\t<meta property=\"og:image:height\" content=\"1280\" \/>\n\t<meta property=\"og:image:type\" content=\"image\/jpeg\" \/>\n<meta name=\"twitter:card\" content=\"summary_large_image\" \/>\n<meta name=\"twitter:label1\" content=\"Dur\u00e9e de lecture estim\u00e9e\" \/>\n\t<meta name=\"twitter:data1\" content=\"4 minutes\" \/>\n<script type=\"application\/ld+json\" class=\"yoast-schema-graph\">{\"@context\":\"https:\\\/\\\/schema.org\",\"@graph\":[{\"@type\":\"WebPage\",\"@id\":\"https:\\\/\\\/juliettepotin.com\\\/index.php\\\/english-homepage\\\/\",\"url\":\"https:\\\/\\\/juliettepotin.com\\\/index.php\\\/english-homepage\\\/\",\"name\":\"English Homepage - Expat coach\",\"isPartOf\":{\"@id\":\"https:\\\/\\\/juliettepotin.com\\\/#website\"},\"primaryImageOfPage\":{\"@id\":\"https:\\\/\\\/juliettepotin.com\\\/index.php\\\/english-homepage\\\/#primaryimage\"},\"image\":{\"@id\":\"https:\\\/\\\/juliettepotin.com\\\/index.php\\\/english-homepage\\\/#primaryimage\"},\"thumbnailUrl\":\"https:\\\/\\\/juliettepotin.com\\\/wp-content\\\/uploads\\\/2018\\\/01\\\/fly-2363212_1920.jpg\",\"datePublished\":\"2018-03-20T09:46:38+00:00\",\"dateModified\":\"2025-02-15T13:41:57+00:00\",\"breadcrumb\":{\"@id\":\"https:\\\/\\\/juliettepotin.com\\\/index.php\\\/english-homepage\\\/#breadcrumb\"},\"inLanguage\":\"fr-FR\",\"potentialAction\":[{\"@type\":\"ReadAction\",\"target\":[\"https:\\\/\\\/juliettepotin.com\\\/index.php\\\/english-homepage\\\/\"]}]},{\"@type\":\"ImageObject\",\"inLanguage\":\"fr-FR\",\"@id\":\"https:\\\/\\\/juliettepotin.com\\\/index.php\\\/english-homepage\\\/#primaryimage\",\"url\":\"https:\\\/\\\/juliettepotin.com\\\/wp-content\\\/uploads\\\/2018\\\/01\\\/fly-2363212_1920.jpg\",\"contentUrl\":\"https:\\\/\\\/juliettepotin.com\\\/wp-content\\\/uploads\\\/2018\\\/01\\\/fly-2363212_1920.jpg\",\"width\":1920,\"height\":1280,\"caption\":\"Oser prendre une nouvelle direction\"},{\"@type\":\"BreadcrumbList\",\"@id\":\"https:\\\/\\\/juliettepotin.com\\\/index.php\\\/english-homepage\\\/#breadcrumb\",\"itemListElement\":[{\"@type\":\"ListItem\",\"position\":1,\"name\":\"Home\",\"item\":\"https:\\\/\\\/juliettepotin.com\\\/\"},{\"@type\":\"ListItem\",\"position\":2,\"name\":\"English Homepage\"}]},{\"@type\":\"WebSite\",\"@id\":\"https:\\\/\\\/juliettepotin.com\\\/#website\",\"url\":\"https:\\\/\\\/juliettepotin.com\\\/\",\"name\":\"Expat coach\",\"description\":\"The start of a new YOU\",\"publisher\":{\"@id\":\"https:\\\/\\\/juliettepotin.com\\\/#\\\/schema\\\/person\\\/ce6521de52bc72045131c9ea6e7dea42\"},\"potentialAction\":[{\"@type\":\"SearchAction\",\"target\":{\"@type\":\"EntryPoint\",\"urlTemplate\":\"https:\\\/\\\/juliettepotin.com\\\/?s={search_term_string}\"},\"query-input\":{\"@type\":\"PropertyValueSpecification\",\"valueRequired\":true,\"valueName\":\"search_term_string\"}}],\"inLanguage\":\"fr-FR\"},{\"@type\":[\"Person\",\"Organization\"],\"@id\":\"https:\\\/\\\/juliettepotin.com\\\/#\\\/schema\\\/person\\\/ce6521de52bc72045131c9ea6e7dea42\",\"name\":\"Juliette Potin\",\"image\":{\"@type\":\"ImageObject\",\"inLanguage\":\"fr-FR\",\"@id\":\"https:\\\/\\\/juliettepotin.com\\\/wp-content\\\/uploads\\\/2023\\\/01\\\/22006D7C-5B64-4226-B2A7-B43CE0FB4C0F_1_201_a-970x1024.png\",\"url\":\"https:\\\/\\\/juliettepotin.com\\\/wp-content\\\/uploads\\\/2023\\\/01\\\/22006D7C-5B64-4226-B2A7-B43CE0FB4C0F_1_201_a-970x1024.png\",\"contentUrl\":\"https:\\\/\\\/juliettepotin.com\\\/wp-content\\\/uploads\\\/2023\\\/01\\\/22006D7C-5B64-4226-B2A7-B43CE0FB4C0F_1_201_a-970x1024.png\",\"width\":970,\"height\":1024,\"caption\":\"Juliette Potin\"},\"logo\":{\"@id\":\"https:\\\/\\\/juliettepotin.com\\\/wp-content\\\/uploads\\\/2023\\\/01\\\/22006D7C-5B64-4226-B2A7-B43CE0FB4C0F_1_201_a-970x1024.png\"},\"description\":\"Je suis Juliette Potin, coach professionnelle depuis 2018. J'ai v\u00e9cu plusieurs ann\u00e9es \u00e0 l'\u00e9tranger,notamment aux Etats-Unis o\u00f9 je me retrouve \u00e0 la maison apr\u00e8s 15 ans de postes \u00e0 responsabilit\u00e9 dans l'industrie. L'exp\u00e9rience de ne plus pouvoir me d\u00e9finir par mon statut social est d\u00e9stabilisante, celle d'avoir du temps devant moi : vertigineuse! Petit \u00e0 petit, en me reconnectant \u00e0 moi-m\u00eame et \u00e0 mes aspirations, je me suis autoris\u00e9e \u00e0 me r\u00e9-inventer. Aujourd'hui de retour en France, j'accompagne les personnes qui ont un temps mis leur carri\u00e8re entre parenth\u00e8ses, \u00e0 reprendre confiance, r\u00e9v\u00e9ler leurs talents et suivre leurs \u00e9lans pour (re)trouver une activit\u00e9 pro align\u00e9e avec qui elles sont.\",\"sameAs\":[\"https:\\\/\\\/www.facebook.com\\\/PotinJulietteCoach\\\/\",\"https:\\\/\\\/www.linkedin.com\\\/in\\\/juliette-potin-expat-coach\\\/\"]}]}<\/script>\n<!-- \/ Yoast SEO plugin. -->","yoast_head_json":{"title":"English Homepage - Expat coach","robots":{"index":"index","follow":"follow","max-snippet":"max-snippet:-1","max-image-preview":"max-image-preview:large","max-video-preview":"max-video-preview:-1"},"canonical":"https:\/\/juliettepotin.com\/index.php\/english-homepage\/","og_locale":"fr_FR","og_type":"article","og_title":"English Homepage - Expat coach","og_description":"Make your experience abroad&nbsp;the start of a new life ! Coping with expat blues? Feeling isolated?&nbsp; Struggling with integrating and making friends?&nbsp; Keeping negative feelings to yourself? &nbsp; Want to [&hellip;]","og_url":"https:\/\/juliettepotin.com\/index.php\/english-homepage\/","og_site_name":"Expat coach","article_publisher":"https:\/\/www.facebook.com\/PotinJulietteCoach\/","article_modified_time":"2025-02-15T13:41:57+00:00","og_image":[{"width":1920,"height":1280,"url":"https:\/\/juliettepotin.com\/wp-content\/uploads\/2018\/01\/fly-2363212_1920.jpg","type":"image\/jpeg"}],"twitter_card":"summary_large_image","twitter_misc":{"Dur\u00e9e de lecture estim\u00e9e":"4 minutes"},"schema":{"@context":"https:\/\/schema.org","@graph":[{"@type":"WebPage","@id":"https:\/\/juliettepotin.com\/index.php\/english-homepage\/","url":"https:\/\/juliettepotin.com\/index.php\/english-homepage\/","name":"English Homepage - Expat coach","isPartOf":{"@id":"https:\/\/juliettepotin.com\/#website"},"primaryImageOfPage":{"@id":"https:\/\/juliettepotin.com\/index.php\/english-homepage\/#primaryimage"},"image":{"@id":"https:\/\/juliettepotin.com\/index.php\/english-homepage\/#primaryimage"},"thumbnailUrl":"https:\/\/juliettepotin.com\/wp-content\/uploads\/2018\/01\/fly-2363212_1920.jpg","datePublished":"2018-03-20T09:46:38+00:00","dateModified":"2025-02-15T13:41:57+00:00","breadcrumb":{"@id":"https:\/\/juliettepotin.com\/index.php\/english-homepage\/#breadcrumb"},"inLanguage":"fr-FR","potentialAction":[{"@type":"ReadAction","target":["https:\/\/juliettepotin.com\/index.php\/english-homepage\/"]}]},{"@type":"ImageObject","inLanguage":"fr-FR","@id":"https:\/\/juliettepotin.com\/index.php\/english-homepage\/#primaryimage","url":"https:\/\/juliettepotin.com\/wp-content\/uploads\/2018\/01\/fly-2363212_1920.jpg","contentUrl":"https:\/\/juliettepotin.com\/wp-content\/uploads\/2018\/01\/fly-2363212_1920.jpg","width":1920,"height":1280,"caption":"Oser prendre une nouvelle direction"},{"@type":"BreadcrumbList","@id":"https:\/\/juliettepotin.com\/index.php\/english-homepage\/#breadcrumb","itemListElement":[{"@type":"ListItem","position":1,"name":"Home","item":"https:\/\/juliettepotin.com\/"},{"@type":"ListItem","position":2,"name":"English Homepage"}]},{"@type":"WebSite","@id":"https:\/\/juliettepotin.com\/#website","url":"https:\/\/juliettepotin.com\/","name":"Expat coach","description":"The start of a new YOU","publisher":{"@id":"https:\/\/juliettepotin.com\/#\/schema\/person\/ce6521de52bc72045131c9ea6e7dea42"},"potentialAction":[{"@type":"SearchAction","target":{"@type":"EntryPoint","urlTemplate":"https:\/\/juliettepotin.com\/?s={search_term_string}"},"query-input":{"@type":"PropertyValueSpecification","valueRequired":true,"valueName":"search_term_string"}}],"inLanguage":"fr-FR"},{"@type":["Person","Organization"],"@id":"https:\/\/juliettepotin.com\/#\/schema\/person\/ce6521de52bc72045131c9ea6e7dea42","name":"Juliette Potin","image":{"@type":"ImageObject","inLanguage":"fr-FR","@id":"https:\/\/juliettepotin.com\/wp-content\/uploads\/2023\/01\/22006D7C-5B64-4226-B2A7-B43CE0FB4C0F_1_201_a-970x1024.png","url":"https:\/\/juliettepotin.com\/wp-content\/uploads\/2023\/01\/22006D7C-5B64-4226-B2A7-B43CE0FB4C0F_1_201_a-970x1024.png","contentUrl":"https:\/\/juliettepotin.com\/wp-content\/uploads\/2023\/01\/22006D7C-5B64-4226-B2A7-B43CE0FB4C0F_1_201_a-970x1024.png","width":970,"height":1024,"caption":"Juliette Potin"},"logo":{"@id":"https:\/\/juliettepotin.com\/wp-content\/uploads\/2023\/01\/22006D7C-5B64-4226-B2A7-B43CE0FB4C0F_1_201_a-970x1024.png"},"description":"Je suis Juliette Potin, coach professionnelle depuis 2018. J'ai v\u00e9cu plusieurs ann\u00e9es \u00e0 l'\u00e9tranger,notamment aux Etats-Unis o\u00f9 je me retrouve \u00e0 la maison apr\u00e8s 15 ans de postes \u00e0 responsabilit\u00e9 dans l'industrie. L'exp\u00e9rience de ne plus pouvoir me d\u00e9finir par mon statut social est d\u00e9stabilisante, celle d'avoir du temps devant moi : vertigineuse! Petit \u00e0 petit, en me reconnectant \u00e0 moi-m\u00eame et \u00e0 mes aspirations, je me suis autoris\u00e9e \u00e0 me r\u00e9-inventer. Aujourd'hui de retour en France, j'accompagne les personnes qui ont un temps mis leur carri\u00e8re entre parenth\u00e8ses, \u00e0 reprendre confiance, r\u00e9v\u00e9ler leurs talents et suivre leurs \u00e9lans pour (re)trouver une activit\u00e9 pro align\u00e9e avec qui elles sont.","sameAs":["https:\/\/www.facebook.com\/PotinJulietteCoach\/","https:\/\/www.linkedin.com\/in\/juliette-potin-expat-coach\/"]}]}},"_links":{"self":[{"href":"https:\/\/juliettepotin.com\/index.php\/wp-json\/wp\/v2\/pages\/143","targetHints":{"allow":["GET"]}}],"collection":[{"href":"https:\/\/juliettepotin.com\/index.php\/wp-json\/wp\/v2\/pages"}],"about":[{"href":"https:\/\/juliettepotin.com\/index.php\/wp-json\/wp\/v2\/types\/page"}],"author":[{"embeddable":true,"href":"https:\/\/juliettepotin.com\/index.php\/wp-json\/wp\/v2\/users\/1"}],"replies":[{"embeddable":true,"href":"https:\/\/juliettepotin.com\/index.php\/wp-json\/wp\/v2\/comments?post=143"}],"version-history":[{"count":8,"href":"https:\/\/juliettepotin.com\/index.php\/wp-json\/wp\/v2\/pages\/143\/revisions"}],"predecessor-version":[{"id":4288,"href":"https:\/\/juliettepotin.com\/index.php\/wp-json\/wp\/v2\/pages\/143\/revisions\/4288"}],"wp:featuredmedia":[{"embeddable":true,"href":"https:\/\/juliettepotin.com\/index.php\/wp-json\/wp\/v2\/media\/52"}],"wp:attachment":[{"href":"https:\/\/juliettepotin.com\/index.php\/wp-json\/wp\/v2\/media?parent=143"}],"curies":[{"name":"wp","href":"https:\/\/api.w.org\/{rel}","templated":true}]}}