{"id":1394,"date":"2019-04-01T17:11:33","date_gmt":"2019-04-01T15:11:33","guid":{"rendered":"https:\/\/juliettepotin.com\/?page_id=1394"},"modified":"2026-03-26T19:59:43","modified_gmt":"2026-03-26T18:59:43","slug":"workshops","status":"publish","type":"page","link":"https:\/\/juliettepotin.com\/index.php\/workshops\/","title":{"rendered":"Workshops"},"content":{"rendered":"<p><span style=\"width: 100%;\"><a href=\"https:\/\/juliettepotin.com\/index.php\/english-homepage\/\" rel=\"\" target=\"_blank\"><img loading=\"lazy\" decoding=\"async\" alt=\"\" width=\"2235\" height=\"690\" title=\"Juliette Potin Expat coach\" data-id=\"1848\" src=\"https:\/\/juliettepotin.com\/wp-content\/uploads\/2019\/07\/Version-2-lignes-1.jpg?x96125\" style=\"\"><\/a><\/span><\/p>\n<h1 style=\"text-align: center;\"><span><span>Workshops<\/span><\/span><\/h1>\n<h2><span style=\"color: var(--tcb-color-0);\">Expat Coffee&nbsp;<\/span><span style=\"color: rgb(197, 52, 59);\">meetups&nbsp;<\/span><span style=\"color: var(--tcb-color-0);\">in Lyon (free)<\/span><\/h2>\n<p>Meet and connect with other expats and former expats<\/p>\n<p>Next meetups:<\/p>\n<p>* April 29 th, 2026&nbsp;<span><span><span><span>from 9 to 11h30 am.&nbsp;<\/span><\/span><\/span><\/span><u><a href=\"https:\/\/juliettepotin.com\/index.php\/english-homepage\/contact-en\/\" target=\"_blank\" style=\"outline: none;\">Contact me to participate<\/a><\/u><span><span><span><span>&nbsp;<\/span><\/span><\/span><\/span><\/p>\n<p><span><img decoding=\"async\" alt=\"\" data-id=\"4268\" width=\"1144\" data-init-width=\"1144\" height=\"247\" data-init-height=\"246\" title=\"Screenshot\" loading=\"lazy\" src=\"https:\/\/juliettepotin.com\/wp-content\/uploads\/2025\/02\/IMG_1280.jpg\" data-width=\"1144\" data-height=\"247\" style=\"aspect-ratio: auto 1144 \/ 246;\"><\/span><\/p>\n<p><\/p>\n<p><span><img decoding=\"async\" alt=\"\" data-id=\"4257\" width=\"300\" data-init-width=\"1170\" height=\"153\" data-init-height=\"597\" title=\"Screenshot\" loading=\"lazy\" src=\"https:\/\/juliettepotin.com\/wp-content\/uploads\/2025\/02\/IMG_1286.jpg\" data-width=\"300\" data-height=\"153\" style=\"aspect-ratio: auto 1170 \/ 597;\"><\/span><\/p>\n<p><\/p>\n<p><span><img decoding=\"async\" alt=\"\" data-id=\"4263\" width=\"695\" data-init-width=\"1170\" height=\"251\" data-init-height=\"423\" title=\"Screenshot\" loading=\"lazy\" src=\"https:\/\/juliettepotin.com\/wp-content\/uploads\/2025\/02\/IMG_1283-2.jpg\" data-width=\"695\" data-height=\"251\" style=\"aspect-ratio: auto 1170 \/ 423;\"><\/span><\/p>\n<p><\/p>\n<p><span><img decoding=\"async\" alt=\"\" data-id=\"4261\" width=\"340\" data-init-width=\"1127\" height=\"77\" data-init-height=\"258\" title=\"Screenshot\" loading=\"lazy\" src=\"https:\/\/juliettepotin.com\/wp-content\/uploads\/2025\/02\/IMG_1284-2.jpg\" data-width=\"340\" data-height=\"77\" style=\"aspect-ratio: auto 1127 \/ 258;\"><\/span><\/p>\n<p><\/p>\n<p><span><img decoding=\"async\" alt=\"\" data-id=\"4260\" width=\"340\" data-init-width=\"1127\" height=\"100\" data-init-height=\"332\" title=\"Screenshot\" loading=\"lazy\" src=\"https:\/\/juliettepotin.com\/wp-content\/uploads\/2025\/02\/IMG_1285.jpg\" data-width=\"340\" data-height=\"100\" style=\"aspect-ratio: auto 1127 \/ 332;\"><\/span><\/p>\n<p><\/p>\n<p><span><img decoding=\"async\" alt=\"\" data-id=\"4256\" width=\"340\" data-init-width=\"1170\" height=\"167\" data-init-height=\"575\" title=\"Screenshot\" loading=\"lazy\" src=\"https:\/\/juliettepotin.com\/wp-content\/uploads\/2025\/02\/IMG_1287.jpg\" data-width=\"340\" data-height=\"167\" style=\"aspect-ratio: auto 1170 \/ 575;\"><\/span><\/p>\n<p><\/p>\n<p><span><img decoding=\"async\" alt=\"\" data-id=\"4262\" width=\"459\" data-init-width=\"1113\" height=\"121\" data-init-height=\"296\" title=\"Screenshot\" loading=\"lazy\" src=\"https:\/\/juliettepotin.com\/wp-content\/uploads\/2025\/02\/IMG_1284.jpg\" data-width=\"459\" data-height=\"121\" style=\"aspect-ratio: auto 1113 \/ 296;\"><\/span><\/p>\n<p><\/p>\n<p><span><img decoding=\"async\" alt=\"\" data-id=\"4259\" width=\"340\" data-init-width=\"1170\" height=\"105\" data-init-height=\"361\" title=\"Screenshot\" loading=\"lazy\" src=\"https:\/\/juliettepotin.com\/wp-content\/uploads\/2025\/02\/IMG_1285-3.jpg\" data-width=\"340\" data-height=\"105\" style=\"aspect-ratio: auto 1170 \/ 361;\"><\/span><\/p>\n<p><\/p>\n<p><span><img decoding=\"async\" alt=\"\" data-id=\"4255\" width=\"340\" data-init-width=\"1170\" height=\"100\" data-init-height=\"344\" title=\"Screenshot\" loading=\"lazy\" src=\"https:\/\/juliettepotin.com\/wp-content\/uploads\/2025\/02\/IMG_1288.jpg\" data-width=\"340\" data-height=\"100\" style=\"aspect-ratio: auto 1170 \/ 344;\"><\/span><\/p>\n<p><\/p>\n<p><span><img decoding=\"async\" alt=\"\" data-id=\"4264\" width=\"695\" data-init-width=\"1150\" height=\"231\" data-init-height=\"382\" title=\"Screenshot\" loading=\"lazy\" src=\"https:\/\/juliettepotin.com\/wp-content\/uploads\/2025\/02\/IMG_1283.jpg\" data-width=\"695\" data-height=\"231\" style=\"aspect-ratio: auto 1150 \/ 382;\"><\/span><\/p>\n<p><\/p>\n<p><span><img decoding=\"async\" alt=\"\" data-id=\"4258\" width=\"340\" data-init-width=\"1108\" height=\"151\" data-init-height=\"493\" title=\"Screenshot\" loading=\"lazy\" src=\"https:\/\/juliettepotin.com\/wp-content\/uploads\/2025\/02\/IMG_1285-2.jpg\" data-width=\"340\" data-height=\"151\" style=\"aspect-ratio: auto 1108 \/ 493;\"><\/span><\/p>\n<p><\/p>\n<p><span><img decoding=\"async\" alt=\"\" data-id=\"4254\" width=\"340\" data-init-width=\"1170\" height=\"93\" data-init-height=\"323\" title=\"Screenshot\" loading=\"lazy\" src=\"https:\/\/juliettepotin.com\/wp-content\/uploads\/2025\/02\/IMG_1289.jpg\" data-width=\"340\" data-height=\"93\" style=\"aspect-ratio: auto 1170 \/ 323;\"><\/span><\/p>\n<p><\/p>\n<h2 style=\"text-align: center;\"><span style=\"color: var(--tcb-color-0);\">Looking for <\/span><span style=\"color: var(--tcb-color-4) !important;\"><span style=\"--tcb-applied-color: var$(--tcb-color-4) !important;\">personalized<\/span><\/span><span style=\"color: var(--tcb-color-0);\"> support?<\/span><span style=\"color: rgb(234, 229, 229);\"><br \/><\/span><span style=\"color: var(--tcb-color-0);\">Try one on one coaching<\/span><\/h2>\n<p>&nbsp; &nbsp; &nbsp;\u00a9 Copyright 2018 &nbsp;| Juliette Potin | All Rights Reserved | <span style=\"color: var(--tcb-color-0);\"><a href=\"http:\/\/juliettepotin.com\/index.php\/mentions-legales\/\" target=\"_blank\">Mentions l\u00e9gales<\/a><\/span><\/p>\n","protected":false},"excerpt":{"rendered":"<p>Workshops Expat Coffee&nbsp;meetups&nbsp;in Lyon (free) Meet and connect with other expats and former expats Next meetups: * April 29 th, 2026&nbsp;from 9 to 11h30 am.&nbsp;Contact me to participate&nbsp; Looking for [&hellip;]<\/p>\n","protected":false},"author":1,"featured_media":0,"parent":0,"menu_order":0,"comment_status":"closed","ping_status":"closed","template":"fullwidth-page.php","meta":{"_exactmetrics_skip_tracking":false,"_exactmetrics_sitenote_active":false,"_exactmetrics_sitenote_note":"","_exactmetrics_sitenote_category":0,"footnotes":""},"class_list":["post-1394","page","type-page","status-publish","hentry"],"yoast_head":"<!-- This site is optimized with the Yoast SEO plugin v27.3 - https:\/\/yoast.com\/product\/yoast-seo-wordpress\/ -->\n<title>Workshops - Expat coach<\/title>\n<meta name=\"robots\" content=\"index, follow, max-snippet:-1, max-image-preview:large, max-video-preview:-1\" \/>\n<link rel=\"canonical\" href=\"https:\/\/juliettepotin.com\/index.php\/workshops\/\" \/>\n<meta property=\"og:locale\" content=\"fr_FR\" \/>\n<meta property=\"og:type\" content=\"article\" \/>\n<meta property=\"og:title\" content=\"Workshops - Expat coach\" \/>\n<meta property=\"og:description\" content=\"Workshops Expat Coffee&nbsp;meetups&nbsp;in Lyon (free) Meet and connect with other expats and former expats Next meetups: * April 29 th, 2026&nbsp;from 9 to 11h30 am.&nbsp;Contact me to participate&nbsp; Looking for [&hellip;]\" \/>\n<meta property=\"og:url\" content=\"https:\/\/juliettepotin.com\/index.php\/workshops\/\" \/>\n<meta property=\"og:site_name\" content=\"Expat coach\" \/>\n<meta property=\"article:publisher\" content=\"https:\/\/www.facebook.com\/PotinJulietteCoach\/\" \/>\n<meta property=\"article:modified_time\" content=\"2026-03-26T18:59:43+00:00\" \/>\n<meta property=\"og:image\" content=\"https:\/\/juliettepotin.com\/wp-content\/uploads\/2019\/07\/Version-2-lignes-1.jpg?x96125\" \/>\n<meta name=\"twitter:card\" content=\"summary_large_image\" \/>\n<script type=\"application\/ld+json\" class=\"yoast-schema-graph\">{\"@context\":\"https:\\\/\\\/schema.org\",\"@graph\":[{\"@type\":\"WebPage\",\"@id\":\"https:\\\/\\\/juliettepotin.com\\\/index.php\\\/workshops\\\/\",\"url\":\"https:\\\/\\\/juliettepotin.com\\\/index.php\\\/workshops\\\/\",\"name\":\"Workshops - Expat coach\",\"isPartOf\":{\"@id\":\"https:\\\/\\\/juliettepotin.com\\\/#website\"},\"primaryImageOfPage\":{\"@id\":\"https:\\\/\\\/juliettepotin.com\\\/index.php\\\/workshops\\\/#primaryimage\"},\"image\":{\"@id\":\"https:\\\/\\\/juliettepotin.com\\\/index.php\\\/workshops\\\/#primaryimage\"},\"thumbnailUrl\":\"https:\\\/\\\/juliettepotin.com\\\/wp-content\\\/uploads\\\/2019\\\/07\\\/Version-2-lignes-1.jpg?x96125\",\"datePublished\":\"2019-04-01T15:11:33+00:00\",\"dateModified\":\"2026-03-26T18:59:43+00:00\",\"breadcrumb\":{\"@id\":\"https:\\\/\\\/juliettepotin.com\\\/index.php\\\/workshops\\\/#breadcrumb\"},\"inLanguage\":\"fr-FR\",\"potentialAction\":[{\"@type\":\"ReadAction\",\"target\":[\"https:\\\/\\\/juliettepotin.com\\\/index.php\\\/workshops\\\/\"]}]},{\"@type\":\"ImageObject\",\"inLanguage\":\"fr-FR\",\"@id\":\"https:\\\/\\\/juliettepotin.com\\\/index.php\\\/workshops\\\/#primaryimage\",\"url\":\"https:\\\/\\\/juliettepotin.com\\\/wp-content\\\/uploads\\\/2019\\\/07\\\/Version-2-lignes-1.jpg\",\"contentUrl\":\"https:\\\/\\\/juliettepotin.com\\\/wp-content\\\/uploads\\\/2019\\\/07\\\/Version-2-lignes-1.jpg\",\"width\":2235,\"height\":690},{\"@type\":\"BreadcrumbList\",\"@id\":\"https:\\\/\\\/juliettepotin.com\\\/index.php\\\/workshops\\\/#breadcrumb\",\"itemListElement\":[{\"@type\":\"ListItem\",\"position\":1,\"name\":\"Home\",\"item\":\"https:\\\/\\\/juliettepotin.com\\\/\"},{\"@type\":\"ListItem\",\"position\":2,\"name\":\"Workshops\"}]},{\"@type\":\"WebSite\",\"@id\":\"https:\\\/\\\/juliettepotin.com\\\/#website\",\"url\":\"https:\\\/\\\/juliettepotin.com\\\/\",\"name\":\"Expat coach\",\"description\":\"The start of a new YOU\",\"publisher\":{\"@id\":\"https:\\\/\\\/juliettepotin.com\\\/#\\\/schema\\\/person\\\/ce6521de52bc72045131c9ea6e7dea42\"},\"potentialAction\":[{\"@type\":\"SearchAction\",\"target\":{\"@type\":\"EntryPoint\",\"urlTemplate\":\"https:\\\/\\\/juliettepotin.com\\\/?s={search_term_string}\"},\"query-input\":{\"@type\":\"PropertyValueSpecification\",\"valueRequired\":true,\"valueName\":\"search_term_string\"}}],\"inLanguage\":\"fr-FR\"},{\"@type\":[\"Person\",\"Organization\"],\"@id\":\"https:\\\/\\\/juliettepotin.com\\\/#\\\/schema\\\/person\\\/ce6521de52bc72045131c9ea6e7dea42\",\"name\":\"Juliette Potin\",\"image\":{\"@type\":\"ImageObject\",\"inLanguage\":\"fr-FR\",\"@id\":\"https:\\\/\\\/juliettepotin.com\\\/wp-content\\\/uploads\\\/2023\\\/01\\\/22006D7C-5B64-4226-B2A7-B43CE0FB4C0F_1_201_a-970x1024.png\",\"url\":\"https:\\\/\\\/juliettepotin.com\\\/wp-content\\\/uploads\\\/2023\\\/01\\\/22006D7C-5B64-4226-B2A7-B43CE0FB4C0F_1_201_a-970x1024.png\",\"contentUrl\":\"https:\\\/\\\/juliettepotin.com\\\/wp-content\\\/uploads\\\/2023\\\/01\\\/22006D7C-5B64-4226-B2A7-B43CE0FB4C0F_1_201_a-970x1024.png\",\"width\":970,\"height\":1024,\"caption\":\"Juliette Potin\"},\"logo\":{\"@id\":\"https:\\\/\\\/juliettepotin.com\\\/wp-content\\\/uploads\\\/2023\\\/01\\\/22006D7C-5B64-4226-B2A7-B43CE0FB4C0F_1_201_a-970x1024.png\"},\"description\":\"Je suis Juliette Potin, coach professionnelle depuis 2018. J'ai v\u00e9cu plusieurs ann\u00e9es \u00e0 l'\u00e9tranger,notamment aux Etats-Unis o\u00f9 je me retrouve \u00e0 la maison apr\u00e8s 15 ans de postes \u00e0 responsabilit\u00e9 dans l'industrie. L'exp\u00e9rience de ne plus pouvoir me d\u00e9finir par mon statut social est d\u00e9stabilisante, celle d'avoir du temps devant moi : vertigineuse! Petit \u00e0 petit, en me reconnectant \u00e0 moi-m\u00eame et \u00e0 mes aspirations, je me suis autoris\u00e9e \u00e0 me r\u00e9-inventer. Aujourd'hui de retour en France, j'accompagne les personnes qui ont un temps mis leur carri\u00e8re entre parenth\u00e8ses, \u00e0 reprendre confiance, r\u00e9v\u00e9ler leurs talents et suivre leurs \u00e9lans pour (re)trouver une activit\u00e9 pro align\u00e9e avec qui elles sont.\",\"sameAs\":[\"https:\\\/\\\/www.facebook.com\\\/PotinJulietteCoach\\\/\",\"https:\\\/\\\/www.linkedin.com\\\/in\\\/juliette-potin-expat-coach\\\/\"]}]}<\/script>\n<!-- \/ Yoast SEO plugin. -->","yoast_head_json":{"title":"Workshops - Expat coach","robots":{"index":"index","follow":"follow","max-snippet":"max-snippet:-1","max-image-preview":"max-image-preview:large","max-video-preview":"max-video-preview:-1"},"canonical":"https:\/\/juliettepotin.com\/index.php\/workshops\/","og_locale":"fr_FR","og_type":"article","og_title":"Workshops - Expat coach","og_description":"Workshops Expat Coffee&nbsp;meetups&nbsp;in Lyon (free) Meet and connect with other expats and former expats Next meetups: * April 29 th, 2026&nbsp;from 9 to 11h30 am.&nbsp;Contact me to participate&nbsp; Looking for [&hellip;]","og_url":"https:\/\/juliettepotin.com\/index.php\/workshops\/","og_site_name":"Expat coach","article_publisher":"https:\/\/www.facebook.com\/PotinJulietteCoach\/","article_modified_time":"2026-03-26T18:59:43+00:00","og_image":[{"url":"https:\/\/juliettepotin.com\/wp-content\/uploads\/2019\/07\/Version-2-lignes-1.jpg?x96125","type":"","width":"","height":""}],"twitter_card":"summary_large_image","schema":{"@context":"https:\/\/schema.org","@graph":[{"@type":"WebPage","@id":"https:\/\/juliettepotin.com\/index.php\/workshops\/","url":"https:\/\/juliettepotin.com\/index.php\/workshops\/","name":"Workshops - Expat coach","isPartOf":{"@id":"https:\/\/juliettepotin.com\/#website"},"primaryImageOfPage":{"@id":"https:\/\/juliettepotin.com\/index.php\/workshops\/#primaryimage"},"image":{"@id":"https:\/\/juliettepotin.com\/index.php\/workshops\/#primaryimage"},"thumbnailUrl":"https:\/\/juliettepotin.com\/wp-content\/uploads\/2019\/07\/Version-2-lignes-1.jpg?x96125","datePublished":"2019-04-01T15:11:33+00:00","dateModified":"2026-03-26T18:59:43+00:00","breadcrumb":{"@id":"https:\/\/juliettepotin.com\/index.php\/workshops\/#breadcrumb"},"inLanguage":"fr-FR","potentialAction":[{"@type":"ReadAction","target":["https:\/\/juliettepotin.com\/index.php\/workshops\/"]}]},{"@type":"ImageObject","inLanguage":"fr-FR","@id":"https:\/\/juliettepotin.com\/index.php\/workshops\/#primaryimage","url":"https:\/\/juliettepotin.com\/wp-content\/uploads\/2019\/07\/Version-2-lignes-1.jpg","contentUrl":"https:\/\/juliettepotin.com\/wp-content\/uploads\/2019\/07\/Version-2-lignes-1.jpg","width":2235,"height":690},{"@type":"BreadcrumbList","@id":"https:\/\/juliettepotin.com\/index.php\/workshops\/#breadcrumb","itemListElement":[{"@type":"ListItem","position":1,"name":"Home","item":"https:\/\/juliettepotin.com\/"},{"@type":"ListItem","position":2,"name":"Workshops"}]},{"@type":"WebSite","@id":"https:\/\/juliettepotin.com\/#website","url":"https:\/\/juliettepotin.com\/","name":"Expat coach","description":"The start of a new YOU","publisher":{"@id":"https:\/\/juliettepotin.com\/#\/schema\/person\/ce6521de52bc72045131c9ea6e7dea42"},"potentialAction":[{"@type":"SearchAction","target":{"@type":"EntryPoint","urlTemplate":"https:\/\/juliettepotin.com\/?s={search_term_string}"},"query-input":{"@type":"PropertyValueSpecification","valueRequired":true,"valueName":"search_term_string"}}],"inLanguage":"fr-FR"},{"@type":["Person","Organization"],"@id":"https:\/\/juliettepotin.com\/#\/schema\/person\/ce6521de52bc72045131c9ea6e7dea42","name":"Juliette Potin","image":{"@type":"ImageObject","inLanguage":"fr-FR","@id":"https:\/\/juliettepotin.com\/wp-content\/uploads\/2023\/01\/22006D7C-5B64-4226-B2A7-B43CE0FB4C0F_1_201_a-970x1024.png","url":"https:\/\/juliettepotin.com\/wp-content\/uploads\/2023\/01\/22006D7C-5B64-4226-B2A7-B43CE0FB4C0F_1_201_a-970x1024.png","contentUrl":"https:\/\/juliettepotin.com\/wp-content\/uploads\/2023\/01\/22006D7C-5B64-4226-B2A7-B43CE0FB4C0F_1_201_a-970x1024.png","width":970,"height":1024,"caption":"Juliette Potin"},"logo":{"@id":"https:\/\/juliettepotin.com\/wp-content\/uploads\/2023\/01\/22006D7C-5B64-4226-B2A7-B43CE0FB4C0F_1_201_a-970x1024.png"},"description":"Je suis Juliette Potin, coach professionnelle depuis 2018. J'ai v\u00e9cu plusieurs ann\u00e9es \u00e0 l'\u00e9tranger,notamment aux Etats-Unis o\u00f9 je me retrouve \u00e0 la maison apr\u00e8s 15 ans de postes \u00e0 responsabilit\u00e9 dans l'industrie. L'exp\u00e9rience de ne plus pouvoir me d\u00e9finir par mon statut social est d\u00e9stabilisante, celle d'avoir du temps devant moi : vertigineuse! Petit \u00e0 petit, en me reconnectant \u00e0 moi-m\u00eame et \u00e0 mes aspirations, je me suis autoris\u00e9e \u00e0 me r\u00e9-inventer. Aujourd'hui de retour en France, j'accompagne les personnes qui ont un temps mis leur carri\u00e8re entre parenth\u00e8ses, \u00e0 reprendre confiance, r\u00e9v\u00e9ler leurs talents et suivre leurs \u00e9lans pour (re)trouver une activit\u00e9 pro align\u00e9e avec qui elles sont.","sameAs":["https:\/\/www.facebook.com\/PotinJulietteCoach\/","https:\/\/www.linkedin.com\/in\/juliette-potin-expat-coach\/"]}]}},"_links":{"self":[{"href":"https:\/\/juliettepotin.com\/index.php\/wp-json\/wp\/v2\/pages\/1394","targetHints":{"allow":["GET"]}}],"collection":[{"href":"https:\/\/juliettepotin.com\/index.php\/wp-json\/wp\/v2\/pages"}],"about":[{"href":"https:\/\/juliettepotin.com\/index.php\/wp-json\/wp\/v2\/types\/page"}],"author":[{"embeddable":true,"href":"https:\/\/juliettepotin.com\/index.php\/wp-json\/wp\/v2\/users\/1"}],"replies":[{"embeddable":true,"href":"https:\/\/juliettepotin.com\/index.php\/wp-json\/wp\/v2\/comments?post=1394"}],"version-history":[{"count":6,"href":"https:\/\/juliettepotin.com\/index.php\/wp-json\/wp\/v2\/pages\/1394\/revisions"}],"predecessor-version":[{"id":4318,"href":"https:\/\/juliettepotin.com\/index.php\/wp-json\/wp\/v2\/pages\/1394\/revisions\/4318"}],"wp:attachment":[{"href":"https:\/\/juliettepotin.com\/index.php\/wp-json\/wp\/v2\/media?parent=1394"}],"curies":[{"name":"wp","href":"https:\/\/api.w.org\/{rel}","templated":true}]}}