{"id":1289,"date":"2019-03-07T17:13:04","date_gmt":"2019-03-07T16:13:04","guid":{"rendered":"https:\/\/juliettepotin.com\/?page_id=1289"},"modified":"2023-12-14T10:22:56","modified_gmt":"2023-12-14T09:22:56","slug":"inscription-atelier-en-ligne","status":"publish","type":"page","link":"https:\/\/juliettepotin.com\/index.php\/inscription-atelier-en-ligne\/","title":{"rendered":"Inscription atelier en ligne: termin\u00e9"},"content":{"rendered":"<p><span><a href=\"https:\/\/juliettepotin.com\" target=\"_blank\" rel=\"noopener\"><img decoding=\"async\" alt=\"\" width=\"277\" height=\"85\" title=\"Juliette Potin Expat coach\" data-id=\"1848\" src=\"https:\/\/juliettepotin.com\/wp-content\/uploads\/2019\/07\/Version-2-lignes-1.jpg?x96125\" data-link-wrap=\"1\" data-width=\"277\" data-height=\"85\" data-init-width=\"2235\" data-init-height=\"690\" loading=\"lazy\" style=\"aspect-ratio: auto 2235 \/ 690;\"><\/a><\/span><\/p>\n<h1 style=\"text-align: center;\"><span style=\"font-size: 32px !important; --tcb-applied-color: var$(--tcb-color-0) !important; color: var(--tcb-color-0) !important;\">D\u00e9sol\u00e9, le replay du webinaire&nbsp;<\/span><span style=\"color: var(--tcb-color-0) !important;\"><span style=\"--tcb-applied-color: var$(--tcb-color-0) !important;\"><span>n&rsquo;est plus disponible !<\/span><\/span><\/span><span><strong><span style=\"--tcb-applied-color: var$(--tcb-color-3) !important; color: var(--tcb-color-3) !important;\"><\/span><\/strong><\/span><\/h1>\n<h1 style=\"text-align: center;\"><span><span>Pour recevoir du contenu et participer aux prochains challenges, rejoignez le groupe<\/span><\/span><a href=\"https:\/\/www.facebook.com\/groups\/253385872026631\" target=\"_blank\" style=\"outline: none;\" rel=\"noopener\"><span><span><span style=\"color: var(--tcb-color-3) !important; --tcb-applied-color: var$(--tcb-color-3) !important;\">&nbsp;<\/span><\/span><\/span><span style=\"color: var(--tcb-color-3) !important; --tcb-applied-color: var$(--tcb-color-3) !important;\"><span>\u00ab\u00a0Se r\u00e9inventer en expatriation ou au retour\u00a0\u00bb<\/span><\/span><\/a><span><span>&nbsp;<\/span><\/span><\/h1>\n<p><span style=\"width: 100%;\"><img decoding=\"async\" alt=\"\" width=\"143\" height=\"149\" title=\"Juliette Potin\" data-id=\"3190\" src=\"https:\/\/juliettepotin.com\/wp-content\/uploads\/2023\/01\/22006D7C-5B64-4226-B2A7-B43CE0FB4C0F_1_201_a.png?x96125\" style=\"aspect-ratio: auto 2452 \/ 2589;\" data-width=\"143\" data-height=\"149\" data-init-width=\"2452\" data-init-height=\"2589\" loading=\"lazy\"><\/span><\/p>\n<h1 style=\"text-align: center;\">Si vous avez des questions, n&rsquo;h\u00e9sitez pas \u00e0 me contacter:<\/h1>\n<h1 style=\"text-align: center;\"><a href=\"http:\/\/coach@juliettepotin.com\" style=\"outline: none;\" target=\"_blank\" rel=\"noopener\">coach@juliettepotin.com<\/a><strong><span><span><span> <\/span><\/span><\/span><\/strong><\/h1>\n<p style=\"text-align: center;\">\u00a9 {tcb_current_year} by Juliette Potin<\/p>\n<p style=\"text-align: center;\"><a href=\"http:\/\/landingpages.thrive-dev.bitstoneint.com\/vision\/\" style=\"outline: none;\"><span style=\"\"><u>Disclaimer<\/u><\/span><\/a><\/p>\n","protected":false},"excerpt":{"rendered":"<p>D\u00e9sol\u00e9, le replay du webinaire&nbsp;n&rsquo;est plus disponible ! Pour recevoir du contenu et participer aux prochains challenges, rejoignez le groupe&nbsp;\u00ab\u00a0Se r\u00e9inventer en expatriation ou au retour\u00a0\u00bb&nbsp; Si vous avez des [&hellip;]<\/p>\n","protected":false},"author":1,"featured_media":1291,"parent":0,"menu_order":0,"comment_status":"closed","ping_status":"closed","template":"landing-page.php","meta":{"_exactmetrics_skip_tracking":false,"_exactmetrics_sitenote_active":false,"_exactmetrics_sitenote_note":"","_exactmetrics_sitenote_category":0,"footnotes":""},"class_list":["post-1289","page","type-page","status-publish","has-post-thumbnail","hentry"],"yoast_head":"<!-- This site is optimized with the Yoast SEO plugin v27.3 - https:\/\/yoast.com\/product\/yoast-seo-wordpress\/ -->\n<title>Inscription atelier en ligne: termin\u00e9 - Expat coach<\/title>\n<meta name=\"description\" content=\"Vous \u00eates en expat et cherchez votre voie ? Venez nous rejoindre lors de cet atelier en ligne.\" \/>\n<meta name=\"robots\" content=\"index, follow, max-snippet:-1, max-image-preview:large, max-video-preview:-1\" \/>\n<link rel=\"canonical\" href=\"https:\/\/juliettepotin.com\/index.php\/inscription-atelier-en-ligne\/\" \/>\n<meta property=\"og:locale\" content=\"fr_FR\" \/>\n<meta property=\"og:type\" content=\"article\" \/>\n<meta property=\"og:title\" content=\"Inscription atelier en ligne: termin\u00e9 - Expat coach\" \/>\n<meta property=\"og:description\" content=\"Vous \u00eates en expat et cherchez votre voie ? Venez nous rejoindre lors de cet atelier en ligne.\" \/>\n<meta property=\"og:url\" content=\"https:\/\/juliettepotin.com\/index.php\/inscription-atelier-en-ligne\/\" \/>\n<meta property=\"og:site_name\" content=\"Expat coach\" \/>\n<meta property=\"article:publisher\" content=\"https:\/\/www.facebook.com\/PotinJulietteCoach\/\" \/>\n<meta property=\"article:modified_time\" content=\"2023-12-14T09:22:56+00:00\" \/>\n<meta property=\"og:image\" content=\"https:\/\/juliettepotin.com\/wp-content\/uploads\/2019\/03\/slava-bowman-161206-unsplash.jpg\" \/>\n\t<meta property=\"og:image:width\" content=\"5351\" \/>\n\t<meta property=\"og:image:height\" content=\"3652\" \/>\n\t<meta property=\"og:image:type\" content=\"image\/jpeg\" \/>\n<meta name=\"twitter:card\" content=\"summary_large_image\" \/>\n<meta name=\"twitter:label1\" content=\"Dur\u00e9e de lecture estim\u00e9e\" \/>\n\t<meta name=\"twitter:data1\" content=\"1 minute\" \/>\n<script type=\"application\/ld+json\" class=\"yoast-schema-graph\">{\"@context\":\"https:\\\/\\\/schema.org\",\"@graph\":[{\"@type\":\"WebPage\",\"@id\":\"https:\\\/\\\/juliettepotin.com\\\/index.php\\\/inscription-atelier-en-ligne\\\/\",\"url\":\"https:\\\/\\\/juliettepotin.com\\\/index.php\\\/inscription-atelier-en-ligne\\\/\",\"name\":\"Inscription atelier en ligne: termin\u00e9 - Expat coach\",\"isPartOf\":{\"@id\":\"https:\\\/\\\/juliettepotin.com\\\/#website\"},\"primaryImageOfPage\":{\"@id\":\"https:\\\/\\\/juliettepotin.com\\\/index.php\\\/inscription-atelier-en-ligne\\\/#primaryimage\"},\"image\":{\"@id\":\"https:\\\/\\\/juliettepotin.com\\\/index.php\\\/inscription-atelier-en-ligne\\\/#primaryimage\"},\"thumbnailUrl\":\"https:\\\/\\\/juliettepotin.com\\\/wp-content\\\/uploads\\\/2019\\\/03\\\/slava-bowman-161206-unsplash.jpg\",\"datePublished\":\"2019-03-07T16:13:04+00:00\",\"dateModified\":\"2023-12-14T09:22:56+00:00\",\"description\":\"Vous \u00eates en expat et cherchez votre voie ? Venez nous rejoindre lors de cet atelier en ligne.\",\"breadcrumb\":{\"@id\":\"https:\\\/\\\/juliettepotin.com\\\/index.php\\\/inscription-atelier-en-ligne\\\/#breadcrumb\"},\"inLanguage\":\"fr-FR\",\"potentialAction\":[{\"@type\":\"ReadAction\",\"target\":[\"https:\\\/\\\/juliettepotin.com\\\/index.php\\\/inscription-atelier-en-ligne\\\/\"]}]},{\"@type\":\"ImageObject\",\"inLanguage\":\"fr-FR\",\"@id\":\"https:\\\/\\\/juliettepotin.com\\\/index.php\\\/inscription-atelier-en-ligne\\\/#primaryimage\",\"url\":\"https:\\\/\\\/juliettepotin.com\\\/wp-content\\\/uploads\\\/2019\\\/03\\\/slava-bowman-161206-unsplash.jpg\",\"contentUrl\":\"https:\\\/\\\/juliettepotin.com\\\/wp-content\\\/uploads\\\/2019\\\/03\\\/slava-bowman-161206-unsplash.jpg\",\"width\":5351,\"height\":3652},{\"@type\":\"BreadcrumbList\",\"@id\":\"https:\\\/\\\/juliettepotin.com\\\/index.php\\\/inscription-atelier-en-ligne\\\/#breadcrumb\",\"itemListElement\":[{\"@type\":\"ListItem\",\"position\":1,\"name\":\"Home\",\"item\":\"https:\\\/\\\/juliettepotin.com\\\/\"},{\"@type\":\"ListItem\",\"position\":2,\"name\":\"Inscription atelier en ligne: termin\u00e9\"}]},{\"@type\":\"WebSite\",\"@id\":\"https:\\\/\\\/juliettepotin.com\\\/#website\",\"url\":\"https:\\\/\\\/juliettepotin.com\\\/\",\"name\":\"Expat coach\",\"description\":\"The start of a new YOU\",\"publisher\":{\"@id\":\"https:\\\/\\\/juliettepotin.com\\\/#\\\/schema\\\/person\\\/ce6521de52bc72045131c9ea6e7dea42\"},\"potentialAction\":[{\"@type\":\"SearchAction\",\"target\":{\"@type\":\"EntryPoint\",\"urlTemplate\":\"https:\\\/\\\/juliettepotin.com\\\/?s={search_term_string}\"},\"query-input\":{\"@type\":\"PropertyValueSpecification\",\"valueRequired\":true,\"valueName\":\"search_term_string\"}}],\"inLanguage\":\"fr-FR\"},{\"@type\":[\"Person\",\"Organization\"],\"@id\":\"https:\\\/\\\/juliettepotin.com\\\/#\\\/schema\\\/person\\\/ce6521de52bc72045131c9ea6e7dea42\",\"name\":\"Juliette Potin\",\"image\":{\"@type\":\"ImageObject\",\"inLanguage\":\"fr-FR\",\"@id\":\"https:\\\/\\\/juliettepotin.com\\\/wp-content\\\/uploads\\\/2023\\\/01\\\/22006D7C-5B64-4226-B2A7-B43CE0FB4C0F_1_201_a-970x1024.png\",\"url\":\"https:\\\/\\\/juliettepotin.com\\\/wp-content\\\/uploads\\\/2023\\\/01\\\/22006D7C-5B64-4226-B2A7-B43CE0FB4C0F_1_201_a-970x1024.png\",\"contentUrl\":\"https:\\\/\\\/juliettepotin.com\\\/wp-content\\\/uploads\\\/2023\\\/01\\\/22006D7C-5B64-4226-B2A7-B43CE0FB4C0F_1_201_a-970x1024.png\",\"width\":970,\"height\":1024,\"caption\":\"Juliette Potin\"},\"logo\":{\"@id\":\"https:\\\/\\\/juliettepotin.com\\\/wp-content\\\/uploads\\\/2023\\\/01\\\/22006D7C-5B64-4226-B2A7-B43CE0FB4C0F_1_201_a-970x1024.png\"},\"description\":\"Je suis Juliette Potin, coach professionnelle depuis 2018. J'ai v\u00e9cu plusieurs ann\u00e9es \u00e0 l'\u00e9tranger,notamment aux Etats-Unis o\u00f9 je me retrouve \u00e0 la maison apr\u00e8s 15 ans de postes \u00e0 responsabilit\u00e9 dans l'industrie. L'exp\u00e9rience de ne plus pouvoir me d\u00e9finir par mon statut social est d\u00e9stabilisante, celle d'avoir du temps devant moi : vertigineuse! Petit \u00e0 petit, en me reconnectant \u00e0 moi-m\u00eame et \u00e0 mes aspirations, je me suis autoris\u00e9e \u00e0 me r\u00e9-inventer. Aujourd'hui de retour en France, j'accompagne les personnes qui ont un temps mis leur carri\u00e8re entre parenth\u00e8ses, \u00e0 reprendre confiance, r\u00e9v\u00e9ler leurs talents et suivre leurs \u00e9lans pour (re)trouver une activit\u00e9 pro align\u00e9e avec qui elles sont.\",\"sameAs\":[\"https:\\\/\\\/www.facebook.com\\\/PotinJulietteCoach\\\/\",\"https:\\\/\\\/www.linkedin.com\\\/in\\\/juliette-potin-expat-coach\\\/\"]}]}<\/script>\n<!-- \/ Yoast SEO plugin. -->","yoast_head_json":{"title":"Inscription atelier en ligne: termin\u00e9 - Expat coach","description":"Vous \u00eates en expat et cherchez votre voie ? Venez nous rejoindre lors de cet atelier en ligne.","robots":{"index":"index","follow":"follow","max-snippet":"max-snippet:-1","max-image-preview":"max-image-preview:large","max-video-preview":"max-video-preview:-1"},"canonical":"https:\/\/juliettepotin.com\/index.php\/inscription-atelier-en-ligne\/","og_locale":"fr_FR","og_type":"article","og_title":"Inscription atelier en ligne: termin\u00e9 - Expat coach","og_description":"Vous \u00eates en expat et cherchez votre voie ? Venez nous rejoindre lors de cet atelier en ligne.","og_url":"https:\/\/juliettepotin.com\/index.php\/inscription-atelier-en-ligne\/","og_site_name":"Expat coach","article_publisher":"https:\/\/www.facebook.com\/PotinJulietteCoach\/","article_modified_time":"2023-12-14T09:22:56+00:00","og_image":[{"width":5351,"height":3652,"url":"https:\/\/juliettepotin.com\/wp-content\/uploads\/2019\/03\/slava-bowman-161206-unsplash.jpg","type":"image\/jpeg"}],"twitter_card":"summary_large_image","twitter_misc":{"Dur\u00e9e de lecture estim\u00e9e":"1 minute"},"schema":{"@context":"https:\/\/schema.org","@graph":[{"@type":"WebPage","@id":"https:\/\/juliettepotin.com\/index.php\/inscription-atelier-en-ligne\/","url":"https:\/\/juliettepotin.com\/index.php\/inscription-atelier-en-ligne\/","name":"Inscription atelier en ligne: termin\u00e9 - Expat coach","isPartOf":{"@id":"https:\/\/juliettepotin.com\/#website"},"primaryImageOfPage":{"@id":"https:\/\/juliettepotin.com\/index.php\/inscription-atelier-en-ligne\/#primaryimage"},"image":{"@id":"https:\/\/juliettepotin.com\/index.php\/inscription-atelier-en-ligne\/#primaryimage"},"thumbnailUrl":"https:\/\/juliettepotin.com\/wp-content\/uploads\/2019\/03\/slava-bowman-161206-unsplash.jpg","datePublished":"2019-03-07T16:13:04+00:00","dateModified":"2023-12-14T09:22:56+00:00","description":"Vous \u00eates en expat et cherchez votre voie ? Venez nous rejoindre lors de cet atelier en ligne.","breadcrumb":{"@id":"https:\/\/juliettepotin.com\/index.php\/inscription-atelier-en-ligne\/#breadcrumb"},"inLanguage":"fr-FR","potentialAction":[{"@type":"ReadAction","target":["https:\/\/juliettepotin.com\/index.php\/inscription-atelier-en-ligne\/"]}]},{"@type":"ImageObject","inLanguage":"fr-FR","@id":"https:\/\/juliettepotin.com\/index.php\/inscription-atelier-en-ligne\/#primaryimage","url":"https:\/\/juliettepotin.com\/wp-content\/uploads\/2019\/03\/slava-bowman-161206-unsplash.jpg","contentUrl":"https:\/\/juliettepotin.com\/wp-content\/uploads\/2019\/03\/slava-bowman-161206-unsplash.jpg","width":5351,"height":3652},{"@type":"BreadcrumbList","@id":"https:\/\/juliettepotin.com\/index.php\/inscription-atelier-en-ligne\/#breadcrumb","itemListElement":[{"@type":"ListItem","position":1,"name":"Home","item":"https:\/\/juliettepotin.com\/"},{"@type":"ListItem","position":2,"name":"Inscription atelier en ligne: termin\u00e9"}]},{"@type":"WebSite","@id":"https:\/\/juliettepotin.com\/#website","url":"https:\/\/juliettepotin.com\/","name":"Expat coach","description":"The start of a new YOU","publisher":{"@id":"https:\/\/juliettepotin.com\/#\/schema\/person\/ce6521de52bc72045131c9ea6e7dea42"},"potentialAction":[{"@type":"SearchAction","target":{"@type":"EntryPoint","urlTemplate":"https:\/\/juliettepotin.com\/?s={search_term_string}"},"query-input":{"@type":"PropertyValueSpecification","valueRequired":true,"valueName":"search_term_string"}}],"inLanguage":"fr-FR"},{"@type":["Person","Organization"],"@id":"https:\/\/juliettepotin.com\/#\/schema\/person\/ce6521de52bc72045131c9ea6e7dea42","name":"Juliette Potin","image":{"@type":"ImageObject","inLanguage":"fr-FR","@id":"https:\/\/juliettepotin.com\/wp-content\/uploads\/2023\/01\/22006D7C-5B64-4226-B2A7-B43CE0FB4C0F_1_201_a-970x1024.png","url":"https:\/\/juliettepotin.com\/wp-content\/uploads\/2023\/01\/22006D7C-5B64-4226-B2A7-B43CE0FB4C0F_1_201_a-970x1024.png","contentUrl":"https:\/\/juliettepotin.com\/wp-content\/uploads\/2023\/01\/22006D7C-5B64-4226-B2A7-B43CE0FB4C0F_1_201_a-970x1024.png","width":970,"height":1024,"caption":"Juliette Potin"},"logo":{"@id":"https:\/\/juliettepotin.com\/wp-content\/uploads\/2023\/01\/22006D7C-5B64-4226-B2A7-B43CE0FB4C0F_1_201_a-970x1024.png"},"description":"Je suis Juliette Potin, coach professionnelle depuis 2018. J'ai v\u00e9cu plusieurs ann\u00e9es \u00e0 l'\u00e9tranger,notamment aux Etats-Unis o\u00f9 je me retrouve \u00e0 la maison apr\u00e8s 15 ans de postes \u00e0 responsabilit\u00e9 dans l'industrie. L'exp\u00e9rience de ne plus pouvoir me d\u00e9finir par mon statut social est d\u00e9stabilisante, celle d'avoir du temps devant moi : vertigineuse! Petit \u00e0 petit, en me reconnectant \u00e0 moi-m\u00eame et \u00e0 mes aspirations, je me suis autoris\u00e9e \u00e0 me r\u00e9-inventer. Aujourd'hui de retour en France, j'accompagne les personnes qui ont un temps mis leur carri\u00e8re entre parenth\u00e8ses, \u00e0 reprendre confiance, r\u00e9v\u00e9ler leurs talents et suivre leurs \u00e9lans pour (re)trouver une activit\u00e9 pro align\u00e9e avec qui elles sont.","sameAs":["https:\/\/www.facebook.com\/PotinJulietteCoach\/","https:\/\/www.linkedin.com\/in\/juliette-potin-expat-coach\/"]}]}},"_links":{"self":[{"href":"https:\/\/juliettepotin.com\/index.php\/wp-json\/wp\/v2\/pages\/1289","targetHints":{"allow":["GET"]}}],"collection":[{"href":"https:\/\/juliettepotin.com\/index.php\/wp-json\/wp\/v2\/pages"}],"about":[{"href":"https:\/\/juliettepotin.com\/index.php\/wp-json\/wp\/v2\/types\/page"}],"author":[{"embeddable":true,"href":"https:\/\/juliettepotin.com\/index.php\/wp-json\/wp\/v2\/users\/1"}],"replies":[{"embeddable":true,"href":"https:\/\/juliettepotin.com\/index.php\/wp-json\/wp\/v2\/comments?post=1289"}],"version-history":[{"count":0,"href":"https:\/\/juliettepotin.com\/index.php\/wp-json\/wp\/v2\/pages\/1289\/revisions"}],"wp:featuredmedia":[{"embeddable":true,"href":"https:\/\/juliettepotin.com\/index.php\/wp-json\/wp\/v2\/media\/1291"}],"wp:attachment":[{"href":"https:\/\/juliettepotin.com\/index.php\/wp-json\/wp\/v2\/media?parent=1289"}],"curies":[{"name":"wp","href":"https:\/\/api.w.org\/{rel}","templated":true}]}}