{"id":1034,"date":"2018-10-30T21:20:08","date_gmt":"2018-10-30T20:20:08","guid":{"rendered":"https:\/\/juliettepotin.com\/?page_id=1034"},"modified":"2023-12-06T15:46:23","modified_gmt":"2023-12-06T14:46:23","slug":"5-questions-pour-trouver-sa-voie","status":"publish","type":"page","link":"https:\/\/juliettepotin.com\/index.php\/5-questions-pour-trouver-sa-voie\/","title":{"rendered":"5 questions pour trouver sa voie"},"content":{"rendered":"<p><span style=\"width: 100%;\"><a href=\"https:\/\/juliettepotin.com\" target=\"_blank\" rel=\"noopener\"><img loading=\"lazy\" decoding=\"async\" alt=\"\" width=\"2235\" height=\"690\" title=\"Juliette Potin Expat coach\" data-id=\"1848\" src=\"https:\/\/juliettepotin.com\/wp-content\/uploads\/2019\/07\/Version-2-lignes-1.jpg?x96125\" data-link-wrap=\"1\" style=\"\"><\/a><\/span><\/p>\n<h1 style=\"text-align: center; color: var(--tcb-color-0)  !important; --tcb-applied-color:  var$(--tcb-color-0)  !important;\"><strong><span style=\"--tcb-applied-color:  var$(--tcb-color-0)  !important;\"><span style=\"--tcb-applied-color: var$(--tcb-color-0) !important; color: var(--tcb-color-0);\">T<\/span><\/span><\/strong><strong><span style=\"--tcb-applied-color:  var$(--tcb-color-0)  !important;\"><span style=\"--tcb-applied-color:  var$(--tcb-color-0)  !important;\"><span style=\"--tcb-applied-color:  var$(--tcb-color-0)  !important;\"><span style=\"color: var(--tcb-color-0);\">rouver<\/span> <\/span><\/span><\/span><\/strong><strong><span style=\"--tcb-applied-color:  var$(--tcb-color-0)  !important;\"><span style=\"--tcb-applied-color:  var$(--tcb-color-0)  !important;\">sa voie<\/span>&nbsp;en <span style=\"color: rgb(201, 94, 106);\">expat<\/span><\/span><\/strong><\/h1>\n<\/p>\n<h1 style=\"text-align: left;\"><strong><span><span>E-book gratuit<\/span> de 26 pages incluant un cahier d&rsquo;exercices pour:<\/span><\/strong><strong><span>\u2605 Reprendre <span>confiance<\/span>&nbsp;<\/span><\/strong><strong><span>en&nbsp;<span>qui<\/span>&nbsp;<span>je suis<\/span><\/span><\/strong><strong><span><span>\u2605&nbsp;<\/span><span>P<\/span><\/span><\/strong><strong><span><span><span>r\u00e9ciser<\/span>&nbsp;<\/span><\/span><\/strong><strong><span>ce que&nbsp;<\/span><\/strong><strong><span><span>je veux<\/span><\/span><\/strong><\/h1>\n<p><span style=\"width: 100%;\"><img decoding=\"async\" alt=\"\" width=\"360\" height=\"360\" title=\"Ebook-trouver-sa-voie - silhouette\" data-id=\"2525\" src=\"https:\/\/juliettepotin.com\/wp-content\/uploads\/2020\/09\/Ebook-trouver-sa-voie-silhouette.png?x96125\" style=\"aspect-ratio: auto 1595 \/ 1595;\" data-width=\"360\" data-height=\"360\" data-init-width=\"1595\" data-init-height=\"1595\" loading=\"lazy\"><\/span><\/p>\n<p style=\"text-align: center;\">Inscrivez-vous pour recevoir gratuitement l&rsquo;e-book<\/p>\n<p style=\"text-align: center;\">Vous serez inscrit \u00e0 ma newsletter dont vous pouvez vous d\u00e9sabonner \u00e0 tout moment. Pas de spam.<\/p>\n<p style=\"text-align: center;\">\u00a9 {tcb_current_year} by Juliette Potin<\/p>\n<p style=\"text-align: center;\"><a href=\"http:\/\/landingpages.thrive-dev.bitstoneint.com\/vision\/\"><span style=\"color: rgb(255, 255, 255);\"><u>Disclaimer<\/u><\/span><\/a><\/p>\n","protected":false},"excerpt":{"rendered":"<p>Trouver sa voie&nbsp;en expat E-book gratuit de 26 pages incluant un cahier d&rsquo;exercices pour:\u2605 Reprendre confiance&nbsp;en&nbsp;qui&nbsp;je suis\u2605&nbsp;Pr\u00e9ciser&nbsp;ce que&nbsp;je veux Inscrivez-vous pour recevoir gratuitement l&rsquo;e-book Vous serez inscrit \u00e0 ma newsletter [&hellip;]<\/p>\n","protected":false},"author":1,"featured_media":1661,"parent":0,"menu_order":0,"comment_status":"closed","ping_status":"closed","template":"landing-page.php","meta":{"_exactmetrics_skip_tracking":false,"_exactmetrics_sitenote_active":false,"_exactmetrics_sitenote_note":"","_exactmetrics_sitenote_category":0,"footnotes":""},"class_list":["post-1034","page","type-page","status-publish","has-post-thumbnail","hentry"],"yoast_head":"<!-- This site is optimized with the Yoast SEO plugin v27.5 - https:\/\/yoast.com\/product\/yoast-seo-wordpress\/ -->\n<title>5 questions pour trouver sa voie - Expat coach<\/title>\n<meta name=\"description\" content=\"E-book gratuit de 26 pages: 5 questions pour trouver sa voie. Cahier d&#039;exercice inclus. En bonus: trouver son Ikigai, trouver son fil rouge.\" \/>\n<meta name=\"robots\" content=\"index, follow, max-snippet:-1, max-image-preview:large, max-video-preview:-1\" \/>\n<link rel=\"canonical\" href=\"https:\/\/juliettepotin.com\/index.php\/5-questions-pour-trouver-sa-voie\/\" \/>\n<meta property=\"og:locale\" content=\"fr_FR\" \/>\n<meta property=\"og:type\" content=\"article\" \/>\n<meta property=\"og:title\" content=\"5 questions pour trouver sa voie - Expat coach\" \/>\n<meta property=\"og:description\" content=\"E-book gratuit de 26 pages: 5 questions pour trouver sa voie. Cahier d&#039;exercice inclus. En bonus: trouver son Ikigai, trouver son fil rouge.\" \/>\n<meta property=\"og:url\" content=\"https:\/\/juliettepotin.com\/index.php\/5-questions-pour-trouver-sa-voie\/\" \/>\n<meta property=\"og:site_name\" content=\"Expat coach\" \/>\n<meta property=\"article:publisher\" content=\"https:\/\/www.facebook.com\/PotinJulietteCoach\/\" \/>\n<meta property=\"article:modified_time\" content=\"2023-12-06T14:46:23+00:00\" \/>\n<meta property=\"og:image\" content=\"https:\/\/juliettepotin.com\/wp-content\/uploads\/2019\/06\/Ebook-trouver-sa-voie-1024x1024.png\" \/>\n\t<meta property=\"og:image:width\" content=\"1024\" \/>\n\t<meta property=\"og:image:height\" content=\"1024\" \/>\n\t<meta property=\"og:image:type\" content=\"image\/png\" \/>\n<meta name=\"twitter:card\" content=\"summary_large_image\" \/>\n<script type=\"application\/ld+json\" class=\"yoast-schema-graph\">{\"@context\":\"https:\\\/\\\/schema.org\",\"@graph\":[{\"@type\":\"WebPage\",\"@id\":\"https:\\\/\\\/juliettepotin.com\\\/index.php\\\/5-questions-pour-trouver-sa-voie\\\/\",\"url\":\"https:\\\/\\\/juliettepotin.com\\\/index.php\\\/5-questions-pour-trouver-sa-voie\\\/\",\"name\":\"5 questions pour trouver sa voie - Expat coach\",\"isPartOf\":{\"@id\":\"https:\\\/\\\/juliettepotin.com\\\/#website\"},\"primaryImageOfPage\":{\"@id\":\"https:\\\/\\\/juliettepotin.com\\\/index.php\\\/5-questions-pour-trouver-sa-voie\\\/#primaryimage\"},\"image\":{\"@id\":\"https:\\\/\\\/juliettepotin.com\\\/index.php\\\/5-questions-pour-trouver-sa-voie\\\/#primaryimage\"},\"thumbnailUrl\":\"https:\\\/\\\/juliettepotin.com\\\/wp-content\\\/uploads\\\/2019\\\/06\\\/Ebook-trouver-sa-voie.png\",\"datePublished\":\"2018-10-30T20:20:08+00:00\",\"dateModified\":\"2023-12-06T14:46:23+00:00\",\"description\":\"E-book gratuit de 26 pages: 5 questions pour trouver sa voie. Cahier d'exercice inclus. En bonus: trouver son Ikigai, trouver son fil rouge.\",\"breadcrumb\":{\"@id\":\"https:\\\/\\\/juliettepotin.com\\\/index.php\\\/5-questions-pour-trouver-sa-voie\\\/#breadcrumb\"},\"inLanguage\":\"fr-FR\",\"potentialAction\":[{\"@type\":\"ReadAction\",\"target\":[\"https:\\\/\\\/juliettepotin.com\\\/index.php\\\/5-questions-pour-trouver-sa-voie\\\/\"]}]},{\"@type\":\"ImageObject\",\"inLanguage\":\"fr-FR\",\"@id\":\"https:\\\/\\\/juliettepotin.com\\\/index.php\\\/5-questions-pour-trouver-sa-voie\\\/#primaryimage\",\"url\":\"https:\\\/\\\/juliettepotin.com\\\/wp-content\\\/uploads\\\/2019\\\/06\\\/Ebook-trouver-sa-voie.png\",\"contentUrl\":\"https:\\\/\\\/juliettepotin.com\\\/wp-content\\\/uploads\\\/2019\\\/06\\\/Ebook-trouver-sa-voie.png\",\"width\":1595,\"height\":1595,\"caption\":\"Trouver sa voie\"},{\"@type\":\"BreadcrumbList\",\"@id\":\"https:\\\/\\\/juliettepotin.com\\\/index.php\\\/5-questions-pour-trouver-sa-voie\\\/#breadcrumb\",\"itemListElement\":[{\"@type\":\"ListItem\",\"position\":1,\"name\":\"Home\",\"item\":\"https:\\\/\\\/juliettepotin.com\\\/\"},{\"@type\":\"ListItem\",\"position\":2,\"name\":\"5 questions pour trouver sa voie\"}]},{\"@type\":\"WebSite\",\"@id\":\"https:\\\/\\\/juliettepotin.com\\\/#website\",\"url\":\"https:\\\/\\\/juliettepotin.com\\\/\",\"name\":\"Expat coach\",\"description\":\"The start of a new YOU\",\"publisher\":{\"@id\":\"https:\\\/\\\/juliettepotin.com\\\/#\\\/schema\\\/person\\\/ce6521de52bc72045131c9ea6e7dea42\"},\"potentialAction\":[{\"@type\":\"SearchAction\",\"target\":{\"@type\":\"EntryPoint\",\"urlTemplate\":\"https:\\\/\\\/juliettepotin.com\\\/?s={search_term_string}\"},\"query-input\":{\"@type\":\"PropertyValueSpecification\",\"valueRequired\":true,\"valueName\":\"search_term_string\"}}],\"inLanguage\":\"fr-FR\"},{\"@type\":[\"Person\",\"Organization\"],\"@id\":\"https:\\\/\\\/juliettepotin.com\\\/#\\\/schema\\\/person\\\/ce6521de52bc72045131c9ea6e7dea42\",\"name\":\"Juliette Potin\",\"image\":{\"@type\":\"ImageObject\",\"inLanguage\":\"fr-FR\",\"@id\":\"https:\\\/\\\/juliettepotin.com\\\/wp-content\\\/uploads\\\/2023\\\/01\\\/22006D7C-5B64-4226-B2A7-B43CE0FB4C0F_1_201_a-970x1024.png\",\"url\":\"https:\\\/\\\/juliettepotin.com\\\/wp-content\\\/uploads\\\/2023\\\/01\\\/22006D7C-5B64-4226-B2A7-B43CE0FB4C0F_1_201_a-970x1024.png\",\"contentUrl\":\"https:\\\/\\\/juliettepotin.com\\\/wp-content\\\/uploads\\\/2023\\\/01\\\/22006D7C-5B64-4226-B2A7-B43CE0FB4C0F_1_201_a-970x1024.png\",\"width\":970,\"height\":1024,\"caption\":\"Juliette Potin\"},\"logo\":{\"@id\":\"https:\\\/\\\/juliettepotin.com\\\/wp-content\\\/uploads\\\/2023\\\/01\\\/22006D7C-5B64-4226-B2A7-B43CE0FB4C0F_1_201_a-970x1024.png\"},\"description\":\"Je suis Juliette Potin, coach professionnelle depuis 2018. J'ai v\u00e9cu plusieurs ann\u00e9es \u00e0 l'\u00e9tranger,notamment aux Etats-Unis o\u00f9 je me retrouve \u00e0 la maison apr\u00e8s 15 ans de postes \u00e0 responsabilit\u00e9 dans l'industrie. L'exp\u00e9rience de ne plus pouvoir me d\u00e9finir par mon statut social est d\u00e9stabilisante, celle d'avoir du temps devant moi : vertigineuse! Petit \u00e0 petit, en me reconnectant \u00e0 moi-m\u00eame et \u00e0 mes aspirations, je me suis autoris\u00e9e \u00e0 me r\u00e9-inventer. Aujourd'hui de retour en France, j'accompagne les personnes qui ont un temps mis leur carri\u00e8re entre parenth\u00e8ses, \u00e0 reprendre confiance, r\u00e9v\u00e9ler leurs talents et suivre leurs \u00e9lans pour (re)trouver une activit\u00e9 pro align\u00e9e avec qui elles sont.\",\"sameAs\":[\"https:\\\/\\\/www.facebook.com\\\/PotinJulietteCoach\\\/\",\"https:\\\/\\\/www.linkedin.com\\\/in\\\/juliette-potin-expat-coach\\\/\"]}]}<\/script>\n<!-- \/ Yoast SEO plugin. -->","yoast_head_json":{"title":"5 questions pour trouver sa voie - Expat coach","description":"E-book gratuit de 26 pages: 5 questions pour trouver sa voie. Cahier d'exercice inclus. En bonus: trouver son Ikigai, trouver son fil rouge.","robots":{"index":"index","follow":"follow","max-snippet":"max-snippet:-1","max-image-preview":"max-image-preview:large","max-video-preview":"max-video-preview:-1"},"canonical":"https:\/\/juliettepotin.com\/index.php\/5-questions-pour-trouver-sa-voie\/","og_locale":"fr_FR","og_type":"article","og_title":"5 questions pour trouver sa voie - Expat coach","og_description":"E-book gratuit de 26 pages: 5 questions pour trouver sa voie. Cahier d'exercice inclus. En bonus: trouver son Ikigai, trouver son fil rouge.","og_url":"https:\/\/juliettepotin.com\/index.php\/5-questions-pour-trouver-sa-voie\/","og_site_name":"Expat coach","article_publisher":"https:\/\/www.facebook.com\/PotinJulietteCoach\/","article_modified_time":"2023-12-06T14:46:23+00:00","og_image":[{"width":1024,"height":1024,"url":"https:\/\/juliettepotin.com\/wp-content\/uploads\/2019\/06\/Ebook-trouver-sa-voie-1024x1024.png","type":"image\/png"}],"twitter_card":"summary_large_image","schema":{"@context":"https:\/\/schema.org","@graph":[{"@type":"WebPage","@id":"https:\/\/juliettepotin.com\/index.php\/5-questions-pour-trouver-sa-voie\/","url":"https:\/\/juliettepotin.com\/index.php\/5-questions-pour-trouver-sa-voie\/","name":"5 questions pour trouver sa voie - Expat coach","isPartOf":{"@id":"https:\/\/juliettepotin.com\/#website"},"primaryImageOfPage":{"@id":"https:\/\/juliettepotin.com\/index.php\/5-questions-pour-trouver-sa-voie\/#primaryimage"},"image":{"@id":"https:\/\/juliettepotin.com\/index.php\/5-questions-pour-trouver-sa-voie\/#primaryimage"},"thumbnailUrl":"https:\/\/juliettepotin.com\/wp-content\/uploads\/2019\/06\/Ebook-trouver-sa-voie.png","datePublished":"2018-10-30T20:20:08+00:00","dateModified":"2023-12-06T14:46:23+00:00","description":"E-book gratuit de 26 pages: 5 questions pour trouver sa voie. Cahier d'exercice inclus. En bonus: trouver son Ikigai, trouver son fil rouge.","breadcrumb":{"@id":"https:\/\/juliettepotin.com\/index.php\/5-questions-pour-trouver-sa-voie\/#breadcrumb"},"inLanguage":"fr-FR","potentialAction":[{"@type":"ReadAction","target":["https:\/\/juliettepotin.com\/index.php\/5-questions-pour-trouver-sa-voie\/"]}]},{"@type":"ImageObject","inLanguage":"fr-FR","@id":"https:\/\/juliettepotin.com\/index.php\/5-questions-pour-trouver-sa-voie\/#primaryimage","url":"https:\/\/juliettepotin.com\/wp-content\/uploads\/2019\/06\/Ebook-trouver-sa-voie.png","contentUrl":"https:\/\/juliettepotin.com\/wp-content\/uploads\/2019\/06\/Ebook-trouver-sa-voie.png","width":1595,"height":1595,"caption":"Trouver sa voie"},{"@type":"BreadcrumbList","@id":"https:\/\/juliettepotin.com\/index.php\/5-questions-pour-trouver-sa-voie\/#breadcrumb","itemListElement":[{"@type":"ListItem","position":1,"name":"Home","item":"https:\/\/juliettepotin.com\/"},{"@type":"ListItem","position":2,"name":"5 questions pour trouver sa voie"}]},{"@type":"WebSite","@id":"https:\/\/juliettepotin.com\/#website","url":"https:\/\/juliettepotin.com\/","name":"Expat coach","description":"The start of a new YOU","publisher":{"@id":"https:\/\/juliettepotin.com\/#\/schema\/person\/ce6521de52bc72045131c9ea6e7dea42"},"potentialAction":[{"@type":"SearchAction","target":{"@type":"EntryPoint","urlTemplate":"https:\/\/juliettepotin.com\/?s={search_term_string}"},"query-input":{"@type":"PropertyValueSpecification","valueRequired":true,"valueName":"search_term_string"}}],"inLanguage":"fr-FR"},{"@type":["Person","Organization"],"@id":"https:\/\/juliettepotin.com\/#\/schema\/person\/ce6521de52bc72045131c9ea6e7dea42","name":"Juliette Potin","image":{"@type":"ImageObject","inLanguage":"fr-FR","@id":"https:\/\/juliettepotin.com\/wp-content\/uploads\/2023\/01\/22006D7C-5B64-4226-B2A7-B43CE0FB4C0F_1_201_a-970x1024.png","url":"https:\/\/juliettepotin.com\/wp-content\/uploads\/2023\/01\/22006D7C-5B64-4226-B2A7-B43CE0FB4C0F_1_201_a-970x1024.png","contentUrl":"https:\/\/juliettepotin.com\/wp-content\/uploads\/2023\/01\/22006D7C-5B64-4226-B2A7-B43CE0FB4C0F_1_201_a-970x1024.png","width":970,"height":1024,"caption":"Juliette Potin"},"logo":{"@id":"https:\/\/juliettepotin.com\/wp-content\/uploads\/2023\/01\/22006D7C-5B64-4226-B2A7-B43CE0FB4C0F_1_201_a-970x1024.png"},"description":"Je suis Juliette Potin, coach professionnelle depuis 2018. J'ai v\u00e9cu plusieurs ann\u00e9es \u00e0 l'\u00e9tranger,notamment aux Etats-Unis o\u00f9 je me retrouve \u00e0 la maison apr\u00e8s 15 ans de postes \u00e0 responsabilit\u00e9 dans l'industrie. L'exp\u00e9rience de ne plus pouvoir me d\u00e9finir par mon statut social est d\u00e9stabilisante, celle d'avoir du temps devant moi : vertigineuse! Petit \u00e0 petit, en me reconnectant \u00e0 moi-m\u00eame et \u00e0 mes aspirations, je me suis autoris\u00e9e \u00e0 me r\u00e9-inventer. Aujourd'hui de retour en France, j'accompagne les personnes qui ont un temps mis leur carri\u00e8re entre parenth\u00e8ses, \u00e0 reprendre confiance, r\u00e9v\u00e9ler leurs talents et suivre leurs \u00e9lans pour (re)trouver une activit\u00e9 pro align\u00e9e avec qui elles sont.","sameAs":["https:\/\/www.facebook.com\/PotinJulietteCoach\/","https:\/\/www.linkedin.com\/in\/juliette-potin-expat-coach\/"]}]}},"_links":{"self":[{"href":"https:\/\/juliettepotin.com\/index.php\/wp-json\/wp\/v2\/pages\/1034","targetHints":{"allow":["GET"]}}],"collection":[{"href":"https:\/\/juliettepotin.com\/index.php\/wp-json\/wp\/v2\/pages"}],"about":[{"href":"https:\/\/juliettepotin.com\/index.php\/wp-json\/wp\/v2\/types\/page"}],"author":[{"embeddable":true,"href":"https:\/\/juliettepotin.com\/index.php\/wp-json\/wp\/v2\/users\/1"}],"replies":[{"embeddable":true,"href":"https:\/\/juliettepotin.com\/index.php\/wp-json\/wp\/v2\/comments?post=1034"}],"version-history":[{"count":0,"href":"https:\/\/juliettepotin.com\/index.php\/wp-json\/wp\/v2\/pages\/1034\/revisions"}],"wp:featuredmedia":[{"embeddable":true,"href":"https:\/\/juliettepotin.com\/index.php\/wp-json\/wp\/v2\/media\/1661"}],"wp:attachment":[{"href":"https:\/\/juliettepotin.com\/index.php\/wp-json\/wp\/v2\/media?parent=1034"}],"curies":[{"name":"wp","href":"https:\/\/api.w.org\/{rel}","templated":true}]}}